{"id":32360,"date":"2024-09-13T17:34:09","date_gmt":"2024-09-13T16:34:09","guid":{"rendered":"https:\/\/raritywatches.com\/product\/carl-suchy-sohne-belvedere-danube\/"},"modified":"2025-03-15T18:26:54","modified_gmt":"2025-03-15T17:26:54","slug":"carl-suchy-sohne-belvedere-danube","status":"publish","type":"product","link":"https:\/\/raritywatches.com\/fr\/produit\/carl-suchy-sohne-belvedere-danube\/","title":{"rendered":"Carl Suchy  S\u00f6hne Belvedere Danube"},"content":{"rendered":"","protected":false},"excerpt":{"rendered":"<div class=\"flex max-w-full flex-col flex-grow\">\n<div class=\"min-h-[20px] text-message flex w-full flex-col items-end gap-2 whitespace-normal break-words [.text-message+&amp;]:mt-5\" dir=\"auto\" data-message-author-role=\"assistant\" data-message-id=\"b7b86ad0-d48c-42d4-b9cf-2264ef11fbb5\">\n<div class=\"flex w-full flex-col gap-1 empty:hidden first:pt-[3px]\">\n<div class=\"markdown prose w-full break-words dark:prose-invert light\">\n<h3>Carl Suchy S\u00f6hne Belvedere Danube<\/h3>\n<p> D&#8217;un bleu aussi profond que le c\u00e9l\u00e8bre fleuve, la Belvedere Danube offre un \u00e9quilibre parfait entre sportivit\u00e9 et classicisme. Cette montre automatique distinctive est r\u00e9sistante \u00e0 l&#8217;eau et con\u00e7ue pour \u00eatre polyvalente, ce qui la rend adapt\u00e9e \u00e0 tout, d&#8217;une plong\u00e9e rafra\u00eechissante dans le Danube \u00e0 un d\u00e9jeuner d&#8217;affaires raffin\u00e9.  <\/p><\/div>\n<\/div>\n<\/div>\n<\/div>\n","protected":false},"featured_media":32134,"comment_status":"open","ping_status":"closed","template":"","meta":{"om_disable_all_campaigns":false,"_monsterinsights_skip_tracking":false,"_monsterinsights_sitenote_active":false,"_monsterinsights_sitenote_note":"","_monsterinsights_sitenote_category":0},"product_brand":[],"product_cat":[625],"product_tag":[],"giftcard-category":[],"class_list":{"0":"post-32360","1":"product","2":"type-product","3":"status-publish","4":"has-post-thumbnail","6":"product_cat-carl-suchy-sohne-fr","8":"first","9":"instock","10":"taxable","11":"shipping-taxable","12":"purchasable","13":"product-type-simple"},"aioseo_notices":[],"_links":{"self":[{"href":"https:\/\/raritywatches.com\/fr\/wp-json\/wp\/v2\/product\/32360","targetHints":{"allow":["GET"]}}],"collection":[{"href":"https:\/\/raritywatches.com\/fr\/wp-json\/wp\/v2\/product"}],"about":[{"href":"https:\/\/raritywatches.com\/fr\/wp-json\/wp\/v2\/types\/product"}],"replies":[{"embeddable":true,"href":"https:\/\/raritywatches.com\/fr\/wp-json\/wp\/v2\/comments?post=32360"}],"version-history":[{"count":0,"href":"https:\/\/raritywatches.com\/fr\/wp-json\/wp\/v2\/product\/32360\/revisions"}],"wp:featuredmedia":[{"embeddable":true,"href":"https:\/\/raritywatches.com\/fr\/wp-json\/wp\/v2\/media\/32134"}],"wp:attachment":[{"href":"https:\/\/raritywatches.com\/fr\/wp-json\/wp\/v2\/media?parent=32360"}],"wp:term":[{"taxonomy":"product_brand","embeddable":true,"href":"https:\/\/raritywatches.com\/fr\/wp-json\/wp\/v2\/product_brand?post=32360"},{"taxonomy":"product_cat","embeddable":true,"href":"https:\/\/raritywatches.com\/fr\/wp-json\/wp\/v2\/product_cat?post=32360"},{"taxonomy":"product_tag","embeddable":true,"href":"https:\/\/raritywatches.com\/fr\/wp-json\/wp\/v2\/product_tag?post=32360"},{"taxonomy":"giftcard-category","embeddable":true,"href":"https:\/\/raritywatches.com\/fr\/wp-json\/wp\/v2\/giftcard-category?post=32360"}],"curies":[{"name":"wp","href":"https:\/\/api.w.org\/{rel}","templated":true}]}}