{"id":32355,"date":"2024-09-13T17:30:49","date_gmt":"2024-09-13T16:30:49","guid":{"rendered":"https:\/\/raritywatches.com\/product\/carl-suchy-sohne-belvedere-night\/"},"modified":"2025-02-28T23:41:44","modified_gmt":"2025-02-28T22:41:44","slug":"carl-suchy-sohne-belvedere-night","status":"publish","type":"product","link":"https:\/\/raritywatches.com\/fr\/produit\/carl-suchy-sohne-belvedere-night\/","title":{"rendered":"Carl Suchy  S\u00f6hne Belvedere Night"},"content":{"rendered":"","protected":false},"excerpt":{"rendered":"<h3>Carl Suchy S\u00f6hne Belvedere Night<\/h3>\n<p>&nbsp; La nuit \u00e0 Vienne regorge de possibilit\u00e9s, tout comme la Belvedere Night. Dot\u00e9e d&#8217;un cadran et d&#8217;un bracelet noirs \u00e9l\u00e9gants, cette montre automatique est le compagnon id\u00e9al pour toutes les occasions, que vous assistiez \u00e0 un d\u00eener de gala ou que vous alliez courir le matin. <\/p>\n","protected":false},"featured_media":33698,"comment_status":"open","ping_status":"closed","template":"","meta":{"om_disable_all_campaigns":false,"_monsterinsights_skip_tracking":false,"_monsterinsights_sitenote_active":false,"_monsterinsights_sitenote_note":"","_monsterinsights_sitenote_category":0},"product_brand":[],"product_cat":[625],"product_tag":[],"giftcard-category":[],"class_list":{"0":"post-32355","1":"product","2":"type-product","3":"status-publish","4":"has-post-thumbnail","6":"product_cat-carl-suchy-sohne-fr","8":"first","9":"instock","10":"taxable","11":"shipping-taxable","12":"purchasable","13":"product-type-simple"},"aioseo_notices":[],"_links":{"self":[{"href":"https:\/\/raritywatches.com\/fr\/wp-json\/wp\/v2\/product\/32355","targetHints":{"allow":["GET"]}}],"collection":[{"href":"https:\/\/raritywatches.com\/fr\/wp-json\/wp\/v2\/product"}],"about":[{"href":"https:\/\/raritywatches.com\/fr\/wp-json\/wp\/v2\/types\/product"}],"replies":[{"embeddable":true,"href":"https:\/\/raritywatches.com\/fr\/wp-json\/wp\/v2\/comments?post=32355"}],"version-history":[{"count":0,"href":"https:\/\/raritywatches.com\/fr\/wp-json\/wp\/v2\/product\/32355\/revisions"}],"wp:featuredmedia":[{"embeddable":true,"href":"https:\/\/raritywatches.com\/fr\/wp-json\/wp\/v2\/media\/33698"}],"wp:attachment":[{"href":"https:\/\/raritywatches.com\/fr\/wp-json\/wp\/v2\/media?parent=32355"}],"wp:term":[{"taxonomy":"product_brand","embeddable":true,"href":"https:\/\/raritywatches.com\/fr\/wp-json\/wp\/v2\/product_brand?post=32355"},{"taxonomy":"product_cat","embeddable":true,"href":"https:\/\/raritywatches.com\/fr\/wp-json\/wp\/v2\/product_cat?post=32355"},{"taxonomy":"product_tag","embeddable":true,"href":"https:\/\/raritywatches.com\/fr\/wp-json\/wp\/v2\/product_tag?post=32355"},{"taxonomy":"giftcard-category","embeddable":true,"href":"https:\/\/raritywatches.com\/fr\/wp-json\/wp\/v2\/giftcard-category?post=32355"}],"curies":[{"name":"wp","href":"https:\/\/api.w.org\/{rel}","templated":true}]}}