{"id":32352,"date":"2024-09-13T17:26:56","date_gmt":"2024-09-13T16:26:56","guid":{"rendered":"https:\/\/raritywatches.com\/product\/carl-suchy-sohne-belvedere-day\/"},"modified":"2025-02-28T23:41:13","modified_gmt":"2025-02-28T22:41:13","slug":"carl-suchy-sohne-belvedere-day","status":"publish","type":"product","link":"https:\/\/raritywatches.com\/fr\/produit\/carl-suchy-sohne-belvedere-day\/","title":{"rendered":"Carl Suchy  S\u00f6hne Belvedere Day"},"content":{"rendered":"","protected":false},"excerpt":{"rendered":"<h3>Carl Suchy S\u00f6hne Belvedere Day<\/h3>\n<p>&nbsp; Avec la Belvedere Day, vos possibilit\u00e9s sont illimit\u00e9es. Dot\u00e9e d&#8217;un cadran blanc \u00e9l\u00e9gant et intemporel et d&#8217;un bracelet en caoutchouc, cette version plus l\u00e9g\u00e8re de la montre-bracelet sportive vous encourage \u00e0 profiter de chaque journ\u00e9e avec aisance et confiance. C&#8217;est le compagnon id\u00e9al, que vous vous baigniez le matin dans le bleu du Danube ou que vous dansiez toute la nuit dans un bal viennois !  <\/p>\n","protected":false},"featured_media":33703,"comment_status":"open","ping_status":"closed","template":"","meta":{"om_disable_all_campaigns":false,"_monsterinsights_skip_tracking":false,"_monsterinsights_sitenote_active":false,"_monsterinsights_sitenote_note":"","_monsterinsights_sitenote_category":0},"product_brand":[],"product_cat":[625],"product_tag":[],"giftcard-category":[],"class_list":{"0":"post-32352","1":"product","2":"type-product","3":"status-publish","4":"has-post-thumbnail","6":"product_cat-carl-suchy-sohne-fr","8":"first","9":"instock","10":"taxable","11":"shipping-taxable","12":"purchasable","13":"product-type-simple"},"aioseo_notices":[],"_links":{"self":[{"href":"https:\/\/raritywatches.com\/fr\/wp-json\/wp\/v2\/product\/32352","targetHints":{"allow":["GET"]}}],"collection":[{"href":"https:\/\/raritywatches.com\/fr\/wp-json\/wp\/v2\/product"}],"about":[{"href":"https:\/\/raritywatches.com\/fr\/wp-json\/wp\/v2\/types\/product"}],"replies":[{"embeddable":true,"href":"https:\/\/raritywatches.com\/fr\/wp-json\/wp\/v2\/comments?post=32352"}],"version-history":[{"count":0,"href":"https:\/\/raritywatches.com\/fr\/wp-json\/wp\/v2\/product\/32352\/revisions"}],"wp:featuredmedia":[{"embeddable":true,"href":"https:\/\/raritywatches.com\/fr\/wp-json\/wp\/v2\/media\/33703"}],"wp:attachment":[{"href":"https:\/\/raritywatches.com\/fr\/wp-json\/wp\/v2\/media?parent=32352"}],"wp:term":[{"taxonomy":"product_brand","embeddable":true,"href":"https:\/\/raritywatches.com\/fr\/wp-json\/wp\/v2\/product_brand?post=32352"},{"taxonomy":"product_cat","embeddable":true,"href":"https:\/\/raritywatches.com\/fr\/wp-json\/wp\/v2\/product_cat?post=32352"},{"taxonomy":"product_tag","embeddable":true,"href":"https:\/\/raritywatches.com\/fr\/wp-json\/wp\/v2\/product_tag?post=32352"},{"taxonomy":"giftcard-category","embeddable":true,"href":"https:\/\/raritywatches.com\/fr\/wp-json\/wp\/v2\/giftcard-category?post=32352"}],"curies":[{"name":"wp","href":"https:\/\/api.w.org\/{rel}","templated":true}]}}