{"id":32349,"date":"2024-09-12T12:54:09","date_gmt":"2024-09-12T11:54:09","guid":{"rendered":"https:\/\/raritywatches.com\/product\/jacobco-epic-x-fc-barcelona-125th-anniversary-edition\/"},"modified":"2025-10-15T09:29:38","modified_gmt":"2025-10-15T08:29:38","slug":"jacobco-epic-x-fc-barcelona-125th-anniversary-edition","status":"publish","type":"product","link":"https:\/\/raritywatches.com\/fr\/produit\/jacobco-epic-x-fc-barcelona-125th-anniversary-edition\/","title":{"rendered":"JacobCo Epic X FC BARCELONA 125TH ANNIVERSARY EDITION"},"content":{"rendered":"","protected":false},"excerpt":{"rendered":"<div class=\"flex max-w-full flex-col flex-grow\">\n<div class=\"min-h-[20px] text-message flex w-full flex-col items-end gap-2 whitespace-normal break-words [.text-message+&amp;]:mt-5\" dir=\"auto\" data-message-author-role=\"assistant\" data-message-id=\"631cb38b-0649-4653-8683-f85b91fae6b8\">\n<div class=\"flex w-full flex-col gap-1 empty:hidden first:pt-[3px]\">\n<div class=\"markdown prose w-full break-words dark:prose-invert light\"> L&#8217;Epic X Tourbillon FC Barcelone, &nbsp;con\u00e7u en collaboration avec le FC Barcelone pour c\u00e9l\u00e9brer le 125e anniversaire du club, est une montre en \u00e9dition limit\u00e9e \u00e0 seulement 125 pi\u00e8ces. Ce garde-temps exclusif, arborant le blason du FC Barcelone et ses couleurs iconiques rouge, jaune et bleu, refl\u00e8te les valeurs partag\u00e9es de pr\u00e9cision et d&#8217;excellence entre Jacob Co. et le club de football. Anim\u00e9e par le mouvement squelette Calibre JCAM46, la montre tourbillon de 44 mm incarne l&#8217;artisanat horloger de haut niveau, tandis que son bo\u00eetier robuste en or rose offre une \u00e9tanch\u00e9it\u00e9 allant jusqu&#8217;\u00e0 100 m\u00e8tres. Avec des d\u00e9tails raffin\u00e9s comme l&#8217;inscription &#8220;Bar\u00e7a&#8221; sur le fond du bo\u00eetier, l&#8217;Epic X Tourbillon FC Barcelone est un hommage \u00e0 l&#8217;h\u00e9ritage du club et \u00e0 ses fans.    <\/div>\n<\/div>\n<\/div>\n<\/div>\n","protected":false},"featured_media":32081,"comment_status":"open","ping_status":"closed","template":"","meta":{"om_disable_all_campaigns":false,"_monsterinsights_skip_tracking":false,"_monsterinsights_sitenote_active":false,"_monsterinsights_sitenote_note":"","_monsterinsights_sitenote_category":0},"product_brand":[],"product_cat":[592,412],"product_tag":[591],"giftcard-category":[],"class_list":{"0":"post-32349","1":"product","2":"type-product","3":"status-publish","4":"has-post-thumbnail","6":"product_cat-certified-pre-owned","7":"product_cat-jacob-co-fr","8":"product_tag-certified-pre-owned-fr","10":"first","11":"instock","12":"taxable","13":"shipping-taxable","14":"purchasable","15":"product-type-simple"},"aioseo_notices":[],"_links":{"self":[{"href":"https:\/\/raritywatches.com\/fr\/wp-json\/wp\/v2\/product\/32349","targetHints":{"allow":["GET"]}}],"collection":[{"href":"https:\/\/raritywatches.com\/fr\/wp-json\/wp\/v2\/product"}],"about":[{"href":"https:\/\/raritywatches.com\/fr\/wp-json\/wp\/v2\/types\/product"}],"replies":[{"embeddable":true,"href":"https:\/\/raritywatches.com\/fr\/wp-json\/wp\/v2\/comments?post=32349"}],"version-history":[{"count":0,"href":"https:\/\/raritywatches.com\/fr\/wp-json\/wp\/v2\/product\/32349\/revisions"}],"wp:featuredmedia":[{"embeddable":true,"href":"https:\/\/raritywatches.com\/fr\/wp-json\/wp\/v2\/media\/32081"}],"wp:attachment":[{"href":"https:\/\/raritywatches.com\/fr\/wp-json\/wp\/v2\/media?parent=32349"}],"wp:term":[{"taxonomy":"product_brand","embeddable":true,"href":"https:\/\/raritywatches.com\/fr\/wp-json\/wp\/v2\/product_brand?post=32349"},{"taxonomy":"product_cat","embeddable":true,"href":"https:\/\/raritywatches.com\/fr\/wp-json\/wp\/v2\/product_cat?post=32349"},{"taxonomy":"product_tag","embeddable":true,"href":"https:\/\/raritywatches.com\/fr\/wp-json\/wp\/v2\/product_tag?post=32349"},{"taxonomy":"giftcard-category","embeddable":true,"href":"https:\/\/raritywatches.com\/fr\/wp-json\/wp\/v2\/giftcard-category?post=32349"}],"curies":[{"name":"wp","href":"https:\/\/api.w.org\/{rel}","templated":true}]}}