{"id":32346,"date":"2024-09-13T17:21:47","date_gmt":"2024-09-13T16:21:47","guid":{"rendered":"https:\/\/raritywatches.com\/product\/carl-suchy-sohne-belvedere-midnight\/"},"modified":"2024-10-20T18:33:44","modified_gmt":"2024-10-20T17:33:44","slug":"carl-suchy-sohne-belvedere-midnight","status":"publish","type":"product","link":"https:\/\/raritywatches.com\/fr\/produit\/carl-suchy-sohne-belvedere-midnight\/","title":{"rendered":"Carl Suchy  S\u00f6hne Belvedere Midnight"},"content":{"rendered":"","protected":false},"excerpt":{"rendered":"<h3>Carl Suchy S\u00f6hne Belvedere Midnight<\/h3>\n<p>&nbsp; La Belvedere Midnight s\u00e9duit par sa palette de couleurs noir profond, rehauss\u00e9e par la brillance remarquable de son rev\u00eatement DLC durable et de sa lunette cannel\u00e9e audacieuse. Ce design enti\u00e8rement noir conf\u00e8re \u00e0 la Belvedere un \u00e9clat saisissant, alliant \u00e9l\u00e9gance sportive et robustesse. L&#8217;utilisation r\u00e9fl\u00e9chie de la couleur et des mat\u00e9riaux souligne subtilement l&#8217;attrait athl\u00e9tique de la Belvedere Midnight, tandis que son \u00e9l\u00e9gance est soulign\u00e9e par son design raffin\u00e9. L&#8217;aiguille des secondes dor\u00e9e ajoute une touche d&#8217;\u00e9clat, alliant d\u00e9tails complexes et fonctionnalit\u00e9 pratique.   <\/p>\n","protected":false},"featured_media":32178,"comment_status":"open","ping_status":"closed","template":"","meta":{"om_disable_all_campaigns":false,"_monsterinsights_skip_tracking":false,"_monsterinsights_sitenote_active":false,"_monsterinsights_sitenote_note":"","_monsterinsights_sitenote_category":0},"product_brand":[],"product_cat":[625],"product_tag":[],"giftcard-category":[],"class_list":{"0":"post-32346","1":"product","2":"type-product","3":"status-publish","4":"has-post-thumbnail","6":"product_cat-carl-suchy-sohne-fr","8":"first","9":"instock","10":"taxable","11":"shipping-taxable","12":"purchasable","13":"product-type-simple"},"aioseo_notices":[],"_links":{"self":[{"href":"https:\/\/raritywatches.com\/fr\/wp-json\/wp\/v2\/product\/32346","targetHints":{"allow":["GET"]}}],"collection":[{"href":"https:\/\/raritywatches.com\/fr\/wp-json\/wp\/v2\/product"}],"about":[{"href":"https:\/\/raritywatches.com\/fr\/wp-json\/wp\/v2\/types\/product"}],"replies":[{"embeddable":true,"href":"https:\/\/raritywatches.com\/fr\/wp-json\/wp\/v2\/comments?post=32346"}],"version-history":[{"count":0,"href":"https:\/\/raritywatches.com\/fr\/wp-json\/wp\/v2\/product\/32346\/revisions"}],"wp:featuredmedia":[{"embeddable":true,"href":"https:\/\/raritywatches.com\/fr\/wp-json\/wp\/v2\/media\/32178"}],"wp:attachment":[{"href":"https:\/\/raritywatches.com\/fr\/wp-json\/wp\/v2\/media?parent=32346"}],"wp:term":[{"taxonomy":"product_brand","embeddable":true,"href":"https:\/\/raritywatches.com\/fr\/wp-json\/wp\/v2\/product_brand?post=32346"},{"taxonomy":"product_cat","embeddable":true,"href":"https:\/\/raritywatches.com\/fr\/wp-json\/wp\/v2\/product_cat?post=32346"},{"taxonomy":"product_tag","embeddable":true,"href":"https:\/\/raritywatches.com\/fr\/wp-json\/wp\/v2\/product_tag?post=32346"},{"taxonomy":"giftcard-category","embeddable":true,"href":"https:\/\/raritywatches.com\/fr\/wp-json\/wp\/v2\/giftcard-category?post=32346"}],"curies":[{"name":"wp","href":"https:\/\/api.w.org\/{rel}","templated":true}]}}