{"id":32343,"date":"2024-09-13T17:18:17","date_gmt":"2024-09-13T16:18:17","guid":{"rendered":"https:\/\/raritywatches.com\/product\/carl-suchy-sohne-belvedere-titan\/"},"modified":"2024-09-13T17:18:17","modified_gmt":"2024-09-13T16:18:17","slug":"carl-suchy-sohne-belvedere-titan","status":"publish","type":"product","link":"https:\/\/raritywatches.com\/fr\/produit\/carl-suchy-sohne-belvedere-titan\/","title":{"rendered":"Carl Suchy  S\u00f6hne Belvedere Titan"},"content":{"rendered":"","protected":false},"excerpt":{"rendered":"<h3>Carl Suchy S\u00f6hne Belvedere Titan<\/h3>\n<p>&nbsp; Le titane est exceptionnellement l\u00e9ger, r\u00e9sistant aux rayures et \u00e0 la corrosion, ce qui le rend parfait pour les exigences sportives du style de vie actif tout en conservant un look \u00e9l\u00e9gant et \u00e9pur\u00e9 avec sa finition mate. La Belvedere Titan t\u00e9moigne du summum de l&#8217;art horloger, une caract\u00e9ristique de chaque montre Carl Suchy  S\u00f6hne. Les mat\u00e9riaux soigneusement choisis et les accents de couleur discrets renforcent subtilement l&#8217;attrait sportif de la Belvedere Titan. Son \u00e9l\u00e9gance est mise en avant par son design raffin\u00e9, avec l&#8217;aiguille des secondes dor\u00e9e alliant \u00e0 la fois d\u00e9tails complexes et fonctionnalit\u00e9.   <\/p>\n","protected":false},"featured_media":32214,"comment_status":"open","ping_status":"closed","template":"","meta":{"om_disable_all_campaigns":false,"_monsterinsights_skip_tracking":false,"_monsterinsights_sitenote_active":false,"_monsterinsights_sitenote_note":"","_monsterinsights_sitenote_category":0},"product_brand":[],"product_cat":[625],"product_tag":[],"giftcard-category":[],"class_list":{"0":"post-32343","1":"product","2":"type-product","3":"status-publish","4":"has-post-thumbnail","6":"product_cat-carl-suchy-sohne-fr","8":"first","9":"instock","10":"taxable","11":"shipping-taxable","12":"purchasable","13":"product-type-simple"},"aioseo_notices":[],"_links":{"self":[{"href":"https:\/\/raritywatches.com\/fr\/wp-json\/wp\/v2\/product\/32343","targetHints":{"allow":["GET"]}}],"collection":[{"href":"https:\/\/raritywatches.com\/fr\/wp-json\/wp\/v2\/product"}],"about":[{"href":"https:\/\/raritywatches.com\/fr\/wp-json\/wp\/v2\/types\/product"}],"replies":[{"embeddable":true,"href":"https:\/\/raritywatches.com\/fr\/wp-json\/wp\/v2\/comments?post=32343"}],"version-history":[{"count":0,"href":"https:\/\/raritywatches.com\/fr\/wp-json\/wp\/v2\/product\/32343\/revisions"}],"wp:featuredmedia":[{"embeddable":true,"href":"https:\/\/raritywatches.com\/fr\/wp-json\/wp\/v2\/media\/32214"}],"wp:attachment":[{"href":"https:\/\/raritywatches.com\/fr\/wp-json\/wp\/v2\/media?parent=32343"}],"wp:term":[{"taxonomy":"product_brand","embeddable":true,"href":"https:\/\/raritywatches.com\/fr\/wp-json\/wp\/v2\/product_brand?post=32343"},{"taxonomy":"product_cat","embeddable":true,"href":"https:\/\/raritywatches.com\/fr\/wp-json\/wp\/v2\/product_cat?post=32343"},{"taxonomy":"product_tag","embeddable":true,"href":"https:\/\/raritywatches.com\/fr\/wp-json\/wp\/v2\/product_tag?post=32343"},{"taxonomy":"giftcard-category","embeddable":true,"href":"https:\/\/raritywatches.com\/fr\/wp-json\/wp\/v2\/giftcard-category?post=32343"}],"curies":[{"name":"wp","href":"https:\/\/api.w.org\/{rel}","templated":true}]}}