{"id":32008,"date":"2023-07-28T13:11:36","date_gmt":"2023-07-28T12:11:36","guid":{"rendered":"https:\/\/raritywatches.com\/product\/jacob-co-securus-bangle-3\/"},"modified":"2023-07-28T13:11:36","modified_gmt":"2023-07-28T12:11:36","slug":"jacob-co-securus-bangle-3","status":"publish","type":"product","link":"https:\/\/raritywatches.com\/fr\/produit\/jacob-co-securus-bangle-3\/","title":{"rendered":"Jacob &amp; Co Securus Bangle"},"content":{"rendered":"","protected":false},"excerpt":{"rendered":"<h3 class=\"sc-lgarKF gxWNcd pf-17_\" data-product-type=\"title\" data-product-id=\"6834408882312\" data-pf-type=\"ProductTitle\">Securus Bangle<\/h3>\n<p class=\"sc-BHvUt hbEZlN pf-18_\" data-product-type=\"vendor\" data-product-id=\"6834408882312\" data-pf-type=\"ProductVendor\">Fabriqu\u00e9 \u00e0 la main en or blanc 18 carats et serti de 153 rubis de taille brillant rond de haute qualit\u00e9 et de 25 diamants blancs.<\/p>\n<p>Audacieuse, ludique et polyvalente, la collection Securus offre son interpr\u00e9tation \u00e9blouissante du modeste \u00e9pingle de s\u00fbret\u00e9 et se distingue par son esth\u00e9tique forte et ultra-moderne.<\/p>\n<p class=\"readmore-text\">L&#8217;esth\u00e9tique utilitaire de l&#8217;objet modeste est magnifiquement r\u00e9alis\u00e9e dans des pi\u00e8ces frappantes fabriqu\u00e9es avec des m\u00e9taux pr\u00e9cieux et des pierres pr\u00e9cieuses, toutes \u00e0 100% chic.<\/p>\n","protected":false},"featured_media":31211,"comment_status":"open","ping_status":"closed","template":"","meta":{"om_disable_all_campaigns":false,"_monsterinsights_skip_tracking":false,"_monsterinsights_sitenote_active":false,"_monsterinsights_sitenote_note":"","_monsterinsights_sitenote_category":0},"product_brand":[],"product_cat":[611,622],"product_tag":[],"giftcard-category":[],"class_list":{"0":"post-32008","1":"product","2":"type-product","3":"status-publish","4":"has-post-thumbnail","6":"product_cat-bijoux","7":"product_cat-jacob-co-bijoux","9":"first","10":"instock","11":"taxable","12":"shipping-taxable","13":"product-type-simple"},"aioseo_notices":[],"_links":{"self":[{"href":"https:\/\/raritywatches.com\/fr\/wp-json\/wp\/v2\/product\/32008","targetHints":{"allow":["GET"]}}],"collection":[{"href":"https:\/\/raritywatches.com\/fr\/wp-json\/wp\/v2\/product"}],"about":[{"href":"https:\/\/raritywatches.com\/fr\/wp-json\/wp\/v2\/types\/product"}],"replies":[{"embeddable":true,"href":"https:\/\/raritywatches.com\/fr\/wp-json\/wp\/v2\/comments?post=32008"}],"version-history":[{"count":0,"href":"https:\/\/raritywatches.com\/fr\/wp-json\/wp\/v2\/product\/32008\/revisions"}],"wp:featuredmedia":[{"embeddable":true,"href":"https:\/\/raritywatches.com\/fr\/wp-json\/wp\/v2\/media\/31211"}],"wp:attachment":[{"href":"https:\/\/raritywatches.com\/fr\/wp-json\/wp\/v2\/media?parent=32008"}],"wp:term":[{"taxonomy":"product_brand","embeddable":true,"href":"https:\/\/raritywatches.com\/fr\/wp-json\/wp\/v2\/product_brand?post=32008"},{"taxonomy":"product_cat","embeddable":true,"href":"https:\/\/raritywatches.com\/fr\/wp-json\/wp\/v2\/product_cat?post=32008"},{"taxonomy":"product_tag","embeddable":true,"href":"https:\/\/raritywatches.com\/fr\/wp-json\/wp\/v2\/product_tag?post=32008"},{"taxonomy":"giftcard-category","embeddable":true,"href":"https:\/\/raritywatches.com\/fr\/wp-json\/wp\/v2\/giftcard-category?post=32008"}],"curies":[{"name":"wp","href":"https:\/\/api.w.org\/{rel}","templated":true}]}}