{"id":31990,"date":"2023-07-28T14:02:11","date_gmt":"2023-07-28T13:02:11","guid":{"rendered":"https:\/\/raritywatches.com\/product\/jacob-co-securus-earrings\/"},"modified":"2024-05-15T14:48:46","modified_gmt":"2024-05-15T13:48:46","slug":"jacob-co-securus-earrings","status":"publish","type":"product","link":"https:\/\/raritywatches.com\/fr\/produit\/jacob-co-securus-earrings\/","title":{"rendered":"Jacob &amp; Co Securus Earrings"},"content":{"rendered":"","protected":false},"excerpt":{"rendered":"<div class=\"pf-c\">\n<div class=\"sc-gUQvok iVVDxu pf-8_ pfix_\" data-pf-type=\"Column\"><\/div>\n<\/div>\n<div class=\"pf-c\">\n<div class=\"sc-gUQvok iVVDxu pf-16_\" data-pf-type=\"Column\">\n<h3 class=\"sc-lgarKF gxWNcd pf-17_\" data-product-type=\"title\" data-product-id=\"6834377588872\" data-pf-type=\"ProductTitle\">Securus Earrings<\/h3>\n<p class=\"sc-BHvUt hbEZlN pf-18_\" data-product-type=\"vendor\" data-product-id=\"6834377588872\" data-pf-type=\"ProductVendor\">Fabriqu\u00e9 \u00e0 la main en or rose 18 carats et serti de 350 diamants de taille brillant rond de haute qualit\u00e9.<\/p>\n<p>Audacieuse, ludique et polyvalente, la collection Securus offre son interpr\u00e9tation \u00e9blouissante du modeste \u00e9pingle de s\u00fbret\u00e9 et se distingue par son esth\u00e9tique forte et ultra-moderne.<\/p>\n<p class=\"readmore-text\">L&#8217;esth\u00e9tique utilitaire de l&#8217;objet modeste est magnifiquement r\u00e9alis\u00e9e dans des pi\u00e8ces frappantes fabriqu\u00e9es avec des m\u00e9taux pr\u00e9cieux et des pierres pr\u00e9cieuses, toutes \u00e0 100% chic.<\/p>\n<div class=\"readmoreless-button\">\n<p id=\"readmoreless-button-text\">Lire moins<\/p>\n<p><img decoding=\"async\" id=\"arrow-img\" data-src=\"https:\/\/cdn.shopify.com\/s\/files\/1\/0568\/1682\/8552\/files\/icon-right-black-up.png?v=1645735093\" src=\"data:image\/gif;base64,R0lGODlhAQABAAAAACH5BAEKAAEALAAAAAABAAEAAAICTAEAOw==\" class=\"lazyload\"><\/p>\n<\/div>\n<\/div>\n<\/div>\n","protected":false},"featured_media":31302,"comment_status":"open","ping_status":"closed","template":"","meta":{"om_disable_all_campaigns":false,"_monsterinsights_skip_tracking":false,"_monsterinsights_sitenote_active":false,"_monsterinsights_sitenote_note":"","_monsterinsights_sitenote_category":0},"product_brand":[],"product_cat":[611,622],"product_tag":[],"giftcard-category":[],"class_list":{"0":"post-31990","1":"product","2":"type-product","3":"status-publish","4":"has-post-thumbnail","6":"product_cat-bijoux","7":"product_cat-jacob-co-bijoux","9":"first","10":"instock","11":"taxable","12":"shipping-taxable","13":"product-type-simple"},"aioseo_notices":[],"_links":{"self":[{"href":"https:\/\/raritywatches.com\/fr\/wp-json\/wp\/v2\/product\/31990","targetHints":{"allow":["GET"]}}],"collection":[{"href":"https:\/\/raritywatches.com\/fr\/wp-json\/wp\/v2\/product"}],"about":[{"href":"https:\/\/raritywatches.com\/fr\/wp-json\/wp\/v2\/types\/product"}],"replies":[{"embeddable":true,"href":"https:\/\/raritywatches.com\/fr\/wp-json\/wp\/v2\/comments?post=31990"}],"version-history":[{"count":1,"href":"https:\/\/raritywatches.com\/fr\/wp-json\/wp\/v2\/product\/31990\/revisions"}],"predecessor-version":[{"id":31997,"href":"https:\/\/raritywatches.com\/fr\/wp-json\/wp\/v2\/product\/31990\/revisions\/31997"}],"wp:featuredmedia":[{"embeddable":true,"href":"https:\/\/raritywatches.com\/fr\/wp-json\/wp\/v2\/media\/31302"}],"wp:attachment":[{"href":"https:\/\/raritywatches.com\/fr\/wp-json\/wp\/v2\/media?parent=31990"}],"wp:term":[{"taxonomy":"product_brand","embeddable":true,"href":"https:\/\/raritywatches.com\/fr\/wp-json\/wp\/v2\/product_brand?post=31990"},{"taxonomy":"product_cat","embeddable":true,"href":"https:\/\/raritywatches.com\/fr\/wp-json\/wp\/v2\/product_cat?post=31990"},{"taxonomy":"product_tag","embeddable":true,"href":"https:\/\/raritywatches.com\/fr\/wp-json\/wp\/v2\/product_tag?post=31990"},{"taxonomy":"giftcard-category","embeddable":true,"href":"https:\/\/raritywatches.com\/fr\/wp-json\/wp\/v2\/giftcard-category?post=31990"}],"curies":[{"name":"wp","href":"https:\/\/api.w.org\/{rel}","templated":true}]}}