{"id":31678,"date":"2023-10-30T15:44:27","date_gmt":"2023-10-30T14:44:27","guid":{"rendered":"https:\/\/raritywatches.com\/product\/chopard-happy-sport-27-8245\/"},"modified":"2023-10-30T15:44:27","modified_gmt":"2023-10-30T14:44:27","slug":"chopard-happy-sport-27-8245","status":"publish","type":"product","link":"https:\/\/raritywatches.com\/fr\/produit\/chopard-happy-sport-27-8245\/","title":{"rendered":"Chopard Happy Sport 27\/8245"},"content":{"rendered":"","protected":false},"excerpt":{"rendered":"<p>La Chopard Happy Sport 27\/8245 est un m\u00e9lange impressionnant de luxe et de plaisir ; Sa particularit\u00e9 r\u00e9side dans les diamants flottants sur le cadran, qui ajoutent une touche de glamour. ; Avec son bo\u00eetier et son bracelet en acier inoxydable poli, elle respire l&#8217;\u00e9l\u00e9gance intemporelle, tandis que le mouvement \u00e0 quartz pr\u00e9cis assure un chronom\u00e9trage exact. ; Ce garde-temps de 27 mm est parfait pour ceux qui appr\u00e9cient la sophistication et la cr\u00e9ativit\u00e9 dans leurs accessoires, ce qui en fait un choix remarquable en toute occasion. ;<\/p>\n","protected":false},"featured_media":31649,"comment_status":"open","ping_status":"closed","template":"","meta":{"om_disable_all_campaigns":false,"_monsterinsights_skip_tracking":false,"_monsterinsights_sitenote_active":false,"_monsterinsights_sitenote_note":"","_monsterinsights_sitenote_category":0},"product_brand":[],"product_cat":[592],"product_tag":[],"giftcard-category":[],"class_list":{"0":"post-31678","1":"product","2":"type-product","3":"status-publish","4":"has-post-thumbnail","6":"product_cat-certified-pre-owned","8":"first","9":"outofstock","10":"taxable","11":"shipping-taxable","12":"purchasable","13":"product-type-simple"},"aioseo_notices":[],"_links":{"self":[{"href":"https:\/\/raritywatches.com\/fr\/wp-json\/wp\/v2\/product\/31678","targetHints":{"allow":["GET"]}}],"collection":[{"href":"https:\/\/raritywatches.com\/fr\/wp-json\/wp\/v2\/product"}],"about":[{"href":"https:\/\/raritywatches.com\/fr\/wp-json\/wp\/v2\/types\/product"}],"replies":[{"embeddable":true,"href":"https:\/\/raritywatches.com\/fr\/wp-json\/wp\/v2\/comments?post=31678"}],"version-history":[{"count":0,"href":"https:\/\/raritywatches.com\/fr\/wp-json\/wp\/v2\/product\/31678\/revisions"}],"wp:featuredmedia":[{"embeddable":true,"href":"https:\/\/raritywatches.com\/fr\/wp-json\/wp\/v2\/media\/31649"}],"wp:attachment":[{"href":"https:\/\/raritywatches.com\/fr\/wp-json\/wp\/v2\/media?parent=31678"}],"wp:term":[{"taxonomy":"product_brand","embeddable":true,"href":"https:\/\/raritywatches.com\/fr\/wp-json\/wp\/v2\/product_brand?post=31678"},{"taxonomy":"product_cat","embeddable":true,"href":"https:\/\/raritywatches.com\/fr\/wp-json\/wp\/v2\/product_cat?post=31678"},{"taxonomy":"product_tag","embeddable":true,"href":"https:\/\/raritywatches.com\/fr\/wp-json\/wp\/v2\/product_tag?post=31678"},{"taxonomy":"giftcard-category","embeddable":true,"href":"https:\/\/raritywatches.com\/fr\/wp-json\/wp\/v2\/giftcard-category?post=31678"}],"curies":[{"name":"wp","href":"https:\/\/api.w.org\/{rel}","templated":true}]}}