{"id":30933,"date":"2023-07-11T15:35:42","date_gmt":"2023-07-11T14:35:42","guid":{"rendered":"https:\/\/raritywatches.com\/product\/charriol-geneva-st-tropez-watch-25mm\/"},"modified":"2023-07-11T15:35:42","modified_gmt":"2023-07-11T14:35:42","slug":"st-tropez-watch-25mm","status":"publish","type":"product","link":"https:\/\/raritywatches.com\/fr\/produit\/st-tropez-watch-25mm\/","title":{"rendered":"Charriol Geneva St-Tropez Watch 25mm"},"content":{"rendered":"","protected":false},"excerpt":{"rendered":"<h3>Charriol Geneva St-Tropez Watch 25mm<\/h3>\n<p>La nouvelle montre Swis Made diamants et plaqu\u00e9 or jaune St-Tropez est construite sur le mod\u00e8le original de 1983 avec un cadran plus ouvert, une lunette plus fine et des embouts de bracelet plus raffin\u00e9s. Bo\u00eetier de montre en or jaune de 25 mm serti de 36 diamants blancs de 0,27 ct et grav\u00e9 du logo St-Tropez sur le c\u00f4t\u00e9, cadran en nacre blanche avec 11 chiffres romains classiques, mouvement \u00e0 quartz suisse ETA, mont\u00e9 sur un bracelet \u00e0 5 c\u00e2bles en acier inoxydable de 2 mm avec des d\u00e9corations ovales ajour\u00e9es en or jaune, une cha\u00eene et un fermoir de s\u00e9curit\u00e9.<\/p>\n","protected":false},"featured_media":30377,"comment_status":"open","ping_status":"closed","template":"","meta":{"om_disable_all_campaigns":false,"_monsterinsights_skip_tracking":false,"_monsterinsights_sitenote_active":false,"_monsterinsights_sitenote_note":"","_monsterinsights_sitenote_category":0},"product_brand":[],"product_cat":[604],"product_tag":[578,407],"giftcard-category":[],"class_list":{"0":"post-30933","1":"product","2":"type-product","3":"status-publish","4":"has-post-thumbnail","6":"product_cat-charriol-geneve-montres","7":"product_tag-ladies-dress-watches-fr","8":"product_tag-montres-pour-dames","10":"first","11":"instock","12":"taxable","13":"shipping-taxable","14":"purchasable","15":"product-type-simple"},"aioseo_notices":[],"_links":{"self":[{"href":"https:\/\/raritywatches.com\/fr\/wp-json\/wp\/v2\/product\/30933","targetHints":{"allow":["GET"]}}],"collection":[{"href":"https:\/\/raritywatches.com\/fr\/wp-json\/wp\/v2\/product"}],"about":[{"href":"https:\/\/raritywatches.com\/fr\/wp-json\/wp\/v2\/types\/product"}],"replies":[{"embeddable":true,"href":"https:\/\/raritywatches.com\/fr\/wp-json\/wp\/v2\/comments?post=30933"}],"version-history":[{"count":0,"href":"https:\/\/raritywatches.com\/fr\/wp-json\/wp\/v2\/product\/30933\/revisions"}],"wp:featuredmedia":[{"embeddable":true,"href":"https:\/\/raritywatches.com\/fr\/wp-json\/wp\/v2\/media\/30377"}],"wp:attachment":[{"href":"https:\/\/raritywatches.com\/fr\/wp-json\/wp\/v2\/media?parent=30933"}],"wp:term":[{"taxonomy":"product_brand","embeddable":true,"href":"https:\/\/raritywatches.com\/fr\/wp-json\/wp\/v2\/product_brand?post=30933"},{"taxonomy":"product_cat","embeddable":true,"href":"https:\/\/raritywatches.com\/fr\/wp-json\/wp\/v2\/product_cat?post=30933"},{"taxonomy":"product_tag","embeddable":true,"href":"https:\/\/raritywatches.com\/fr\/wp-json\/wp\/v2\/product_tag?post=30933"},{"taxonomy":"giftcard-category","embeddable":true,"href":"https:\/\/raritywatches.com\/fr\/wp-json\/wp\/v2\/giftcard-category?post=30933"}],"curies":[{"name":"wp","href":"https:\/\/api.w.org\/{rel}","templated":true}]}}