{"id":30930,"date":"2023-07-12T12:18:03","date_gmt":"2023-07-12T11:18:03","guid":{"rendered":"https:\/\/raritywatches.com\/product\/bangle-celtic\/"},"modified":"2023-07-12T12:18:03","modified_gmt":"2023-07-12T11:18:03","slug":"bangle-celtic","status":"publish","type":"product","link":"https:\/\/raritywatches.com\/fr\/produit\/bangle-celtic\/","title":{"rendered":"Bangle Celtic"},"content":{"rendered":"","protected":false},"excerpt":{"rendered":"<p>Bracelet celtique &#8211; C\u00e2ble en acier inoxydable de 4 mm de diam\u00e8tre avec embouts en acier inoxydable. Librement inspir\u00e9 des ornements celtiques &#8220;torque&#8221; et compos\u00e9 de c\u00e2bles, ses tours et d\u00e9tours d\u00e9finissent le style unique de Charriol. Le c\u00e2ble de 4 mm de diam\u00e8tre fait de ce bracelet un bijou unisexe id\u00e9al et parfait pour les cadeaux.<\/p>\n","protected":false},"featured_media":30413,"comment_status":"open","ping_status":"closed","template":"","meta":{"om_disable_all_campaigns":false,"_monsterinsights_skip_tracking":false,"_monsterinsights_sitenote_active":false,"_monsterinsights_sitenote_note":"","_monsterinsights_sitenote_category":0},"product_brand":[],"product_cat":[611,636],"product_tag":[],"giftcard-category":[],"class_list":{"0":"post-30930","1":"product","2":"type-product","3":"status-publish","4":"has-post-thumbnail","6":"product_cat-bijoux","7":"product_cat-charriol-geneve-bijoux","9":"first","10":"outofstock","11":"taxable","12":"shipping-taxable","13":"product-type-simple"},"aioseo_notices":[],"_links":{"self":[{"href":"https:\/\/raritywatches.com\/fr\/wp-json\/wp\/v2\/product\/30930","targetHints":{"allow":["GET"]}}],"collection":[{"href":"https:\/\/raritywatches.com\/fr\/wp-json\/wp\/v2\/product"}],"about":[{"href":"https:\/\/raritywatches.com\/fr\/wp-json\/wp\/v2\/types\/product"}],"replies":[{"embeddable":true,"href":"https:\/\/raritywatches.com\/fr\/wp-json\/wp\/v2\/comments?post=30930"}],"version-history":[{"count":0,"href":"https:\/\/raritywatches.com\/fr\/wp-json\/wp\/v2\/product\/30930\/revisions"}],"wp:featuredmedia":[{"embeddable":true,"href":"https:\/\/raritywatches.com\/fr\/wp-json\/wp\/v2\/media\/30413"}],"wp:attachment":[{"href":"https:\/\/raritywatches.com\/fr\/wp-json\/wp\/v2\/media?parent=30930"}],"wp:term":[{"taxonomy":"product_brand","embeddable":true,"href":"https:\/\/raritywatches.com\/fr\/wp-json\/wp\/v2\/product_brand?post=30930"},{"taxonomy":"product_cat","embeddable":true,"href":"https:\/\/raritywatches.com\/fr\/wp-json\/wp\/v2\/product_cat?post=30930"},{"taxonomy":"product_tag","embeddable":true,"href":"https:\/\/raritywatches.com\/fr\/wp-json\/wp\/v2\/product_tag?post=30930"},{"taxonomy":"giftcard-category","embeddable":true,"href":"https:\/\/raritywatches.com\/fr\/wp-json\/wp\/v2\/giftcard-category?post=30930"}],"curies":[{"name":"wp","href":"https:\/\/api.w.org\/{rel}","templated":true}]}}