{"id":30926,"date":"2023-07-12T17:18:57","date_gmt":"2023-07-12T16:18:57","guid":{"rendered":"https:\/\/raritywatches.com\/product\/charriol-geneva-ring-forever-marine\/"},"modified":"2023-07-12T17:18:57","modified_gmt":"2023-07-12T16:18:57","slug":"charriol-geneva-ring-forever-marine","status":"publish","type":"product","link":"https:\/\/raritywatches.com\/fr\/produit\/charriol-geneva-ring-forever-marine\/","title":{"rendered":"Charriol Geneva Ring Forever Marine"},"content":{"rendered":"","protected":false},"excerpt":{"rendered":"<h2>Charriol Geneva Ring Forever Marine<\/h2>\n<p>&nbsp;<\/p>\n<p>Cette bague bicolore compos\u00e9e de 4 c\u00e2bles en acier inoxydable et d&#8217;une structure en acier PVD or jaune permet de s&#8217;impr\u00e9gner de l&#8217;ambiance de l&#8217;oc\u00e9an. La cha\u00eene d&#8217;ancre est un symbole chic et tendance qui peut orner des cuirs, des tissus ou des accessoires de mode. Faisant partie de la collection Charriol Ocean Tales, cet \u00e9l\u00e9ment graphique donne naissance \u00e0 la ligne de bijoux Forever Marine.<\/p>\n","protected":false},"featured_media":30425,"comment_status":"open","ping_status":"closed","template":"","meta":{"om_disable_all_campaigns":false,"_monsterinsights_skip_tracking":false,"_monsterinsights_sitenote_active":false,"_monsterinsights_sitenote_note":"","_monsterinsights_sitenote_category":0},"product_brand":[],"product_cat":[611,636],"product_tag":[],"giftcard-category":[],"class_list":{"0":"post-30926","1":"product","2":"type-product","3":"status-publish","4":"has-post-thumbnail","6":"product_cat-bijoux","7":"product_cat-charriol-geneve-bijoux","9":"first","10":"instock","11":"taxable","12":"shipping-taxable","13":"purchasable","14":"product-type-simple"},"aioseo_notices":[],"_links":{"self":[{"href":"https:\/\/raritywatches.com\/fr\/wp-json\/wp\/v2\/product\/30926","targetHints":{"allow":["GET"]}}],"collection":[{"href":"https:\/\/raritywatches.com\/fr\/wp-json\/wp\/v2\/product"}],"about":[{"href":"https:\/\/raritywatches.com\/fr\/wp-json\/wp\/v2\/types\/product"}],"replies":[{"embeddable":true,"href":"https:\/\/raritywatches.com\/fr\/wp-json\/wp\/v2\/comments?post=30926"}],"version-history":[{"count":0,"href":"https:\/\/raritywatches.com\/fr\/wp-json\/wp\/v2\/product\/30926\/revisions"}],"wp:featuredmedia":[{"embeddable":true,"href":"https:\/\/raritywatches.com\/fr\/wp-json\/wp\/v2\/media\/30425"}],"wp:attachment":[{"href":"https:\/\/raritywatches.com\/fr\/wp-json\/wp\/v2\/media?parent=30926"}],"wp:term":[{"taxonomy":"product_brand","embeddable":true,"href":"https:\/\/raritywatches.com\/fr\/wp-json\/wp\/v2\/product_brand?post=30926"},{"taxonomy":"product_cat","embeddable":true,"href":"https:\/\/raritywatches.com\/fr\/wp-json\/wp\/v2\/product_cat?post=30926"},{"taxonomy":"product_tag","embeddable":true,"href":"https:\/\/raritywatches.com\/fr\/wp-json\/wp\/v2\/product_tag?post=30926"},{"taxonomy":"giftcard-category","embeddable":true,"href":"https:\/\/raritywatches.com\/fr\/wp-json\/wp\/v2\/giftcard-category?post=30926"}],"curies":[{"name":"wp","href":"https:\/\/api.w.org\/{rel}","templated":true}]}}