{"id":30923,"date":"2023-07-12T17:22:25","date_gmt":"2023-07-12T16:22:25","guid":{"rendered":"https:\/\/raritywatches.com\/product\/charriol-geneva-ring-st-tropez-mariner\/"},"modified":"2023-07-12T17:22:25","modified_gmt":"2023-07-12T16:22:25","slug":"charriol-geneva-ring-st-tropez-mariner","status":"publish","type":"product","link":"https:\/\/raritywatches.com\/fr\/produit\/charriol-geneva-ring-st-tropez-mariner\/","title":{"rendered":"Charriol Geneva Ring St-Tropez Mariner"},"content":{"rendered":"","protected":false},"excerpt":{"rendered":"<h2>Charriol Geneva Ring St-Tropez Mariner<\/h2>\n<p>&nbsp;<\/p>\n<p>Bague en acier inoxydable PVD d&#8217;or jaune avec un \u00e9l\u00e9ment d&#8217;anse unique d\u00e9cor\u00e9 d&#8217;un c\u00e2ble d&#8217;acier de 1 mm. Cet \u00e9l\u00e9ment distinctif de 13,5 mm * 10 mm, d&#8217;origine nautique, figure \u00e9galement sur les bracelets, les colliers et les bracelets de la ligne de bijoux. Anneau unisexe disponible dans les tailles S 50 \u00e0 XXL 64.<\/p>\n","protected":false},"featured_media":30451,"comment_status":"open","ping_status":"closed","template":"","meta":{"om_disable_all_campaigns":false,"_monsterinsights_skip_tracking":false,"_monsterinsights_sitenote_active":false,"_monsterinsights_sitenote_note":"","_monsterinsights_sitenote_category":0},"product_brand":[],"product_cat":[611,636],"product_tag":[],"giftcard-category":[],"class_list":{"0":"post-30923","1":"product","2":"type-product","3":"status-publish","4":"has-post-thumbnail","6":"product_cat-bijoux","7":"product_cat-charriol-geneve-bijoux","9":"first","10":"instock","11":"taxable","12":"shipping-taxable","13":"purchasable","14":"product-type-simple"},"aioseo_notices":[],"_links":{"self":[{"href":"https:\/\/raritywatches.com\/fr\/wp-json\/wp\/v2\/product\/30923","targetHints":{"allow":["GET"]}}],"collection":[{"href":"https:\/\/raritywatches.com\/fr\/wp-json\/wp\/v2\/product"}],"about":[{"href":"https:\/\/raritywatches.com\/fr\/wp-json\/wp\/v2\/types\/product"}],"replies":[{"embeddable":true,"href":"https:\/\/raritywatches.com\/fr\/wp-json\/wp\/v2\/comments?post=30923"}],"version-history":[{"count":0,"href":"https:\/\/raritywatches.com\/fr\/wp-json\/wp\/v2\/product\/30923\/revisions"}],"wp:featuredmedia":[{"embeddable":true,"href":"https:\/\/raritywatches.com\/fr\/wp-json\/wp\/v2\/media\/30451"}],"wp:attachment":[{"href":"https:\/\/raritywatches.com\/fr\/wp-json\/wp\/v2\/media?parent=30923"}],"wp:term":[{"taxonomy":"product_brand","embeddable":true,"href":"https:\/\/raritywatches.com\/fr\/wp-json\/wp\/v2\/product_brand?post=30923"},{"taxonomy":"product_cat","embeddable":true,"href":"https:\/\/raritywatches.com\/fr\/wp-json\/wp\/v2\/product_cat?post=30923"},{"taxonomy":"product_tag","embeddable":true,"href":"https:\/\/raritywatches.com\/fr\/wp-json\/wp\/v2\/product_tag?post=30923"},{"taxonomy":"giftcard-category","embeddable":true,"href":"https:\/\/raritywatches.com\/fr\/wp-json\/wp\/v2\/giftcard-category?post=30923"}],"curies":[{"name":"wp","href":"https:\/\/api.w.org\/{rel}","templated":true}]}}