{"id":30921,"date":"2023-07-12T17:27:58","date_gmt":"2023-07-12T16:27:58","guid":{"rendered":"https:\/\/raritywatches.com\/product\/charriol-geneva-ring-st-tropez-mariner\/"},"modified":"2023-07-12T17:27:58","modified_gmt":"2023-07-12T16:27:58","slug":"charriol-geneva-ring-st-tropez-mariner-2","status":"publish","type":"product","link":"https:\/\/raritywatches.com\/fr\/produit\/charriol-geneva-ring-st-tropez-mariner-2\/","title":{"rendered":"Charriol Geneva Ring St-Tropez Mariner"},"content":{"rendered":"","protected":false},"excerpt":{"rendered":"<h3>Charriol Geneva Ring St-Tropez Mariner<\/h3>\n<p>&nbsp;<\/p>\n<p>Cette bague \u00e0 c\u00e2ble en or jaune PVD et en acier inoxydable est orn\u00e9e d&#8217;un hublot de 12 mm &#8211; l&#8217;ouverture embl\u00e9matique que l&#8217;on trouve sur les navires, grands et petits. Il est compl\u00e9t\u00e9 par une barre \u00e0 bascule de 2 mm &#8211; orn\u00e9e d&#8217;un c\u00e2ble en acier de 1,5 mm. Cet \u00e9l\u00e9ment est ici fixe, alors qu&#8217;il sera amovible sur les bracelets et colliers de la m\u00eame ligne St-Tropez Mariner Porthole. Cette bague unisexe est disponible de la taille S 50 \u00e0 la taille XXL 64.<\/p>\n","protected":false},"featured_media":30469,"comment_status":"open","ping_status":"closed","template":"","meta":{"om_disable_all_campaigns":false,"_monsterinsights_skip_tracking":false,"_monsterinsights_sitenote_active":false,"_monsterinsights_sitenote_note":"","_monsterinsights_sitenote_category":0},"product_brand":[],"product_cat":[611,636],"product_tag":[],"giftcard-category":[],"class_list":{"0":"post-30921","1":"product","2":"type-product","3":"status-publish","4":"has-post-thumbnail","6":"product_cat-bijoux","7":"product_cat-charriol-geneve-bijoux","9":"first","10":"instock","11":"taxable","12":"shipping-taxable","13":"purchasable","14":"product-type-simple"},"aioseo_notices":[],"_links":{"self":[{"href":"https:\/\/raritywatches.com\/fr\/wp-json\/wp\/v2\/product\/30921","targetHints":{"allow":["GET"]}}],"collection":[{"href":"https:\/\/raritywatches.com\/fr\/wp-json\/wp\/v2\/product"}],"about":[{"href":"https:\/\/raritywatches.com\/fr\/wp-json\/wp\/v2\/types\/product"}],"replies":[{"embeddable":true,"href":"https:\/\/raritywatches.com\/fr\/wp-json\/wp\/v2\/comments?post=30921"}],"version-history":[{"count":0,"href":"https:\/\/raritywatches.com\/fr\/wp-json\/wp\/v2\/product\/30921\/revisions"}],"wp:featuredmedia":[{"embeddable":true,"href":"https:\/\/raritywatches.com\/fr\/wp-json\/wp\/v2\/media\/30469"}],"wp:attachment":[{"href":"https:\/\/raritywatches.com\/fr\/wp-json\/wp\/v2\/media?parent=30921"}],"wp:term":[{"taxonomy":"product_brand","embeddable":true,"href":"https:\/\/raritywatches.com\/fr\/wp-json\/wp\/v2\/product_brand?post=30921"},{"taxonomy":"product_cat","embeddable":true,"href":"https:\/\/raritywatches.com\/fr\/wp-json\/wp\/v2\/product_cat?post=30921"},{"taxonomy":"product_tag","embeddable":true,"href":"https:\/\/raritywatches.com\/fr\/wp-json\/wp\/v2\/product_tag?post=30921"},{"taxonomy":"giftcard-category","embeddable":true,"href":"https:\/\/raritywatches.com\/fr\/wp-json\/wp\/v2\/giftcard-category?post=30921"}],"curies":[{"name":"wp","href":"https:\/\/api.w.org\/{rel}","templated":true}]}}