{"id":30909,"date":"2023-07-12T18:07:19","date_gmt":"2023-07-12T17:07:19","guid":{"rendered":"https:\/\/raritywatches.com\/product\/charriol-geneva-passion-ring\/"},"modified":"2023-07-12T18:07:19","modified_gmt":"2023-07-12T17:07:19","slug":"charriol-geneva-passion-ring","status":"publish","type":"product","link":"https:\/\/raritywatches.com\/fr\/produit\/charriol-geneva-passion-ring\/","title":{"rendered":"Charriol Geneva Passion Ring"},"content":{"rendered":"<p>Passez au look or complet ! Deux c\u0153urs en un constituent cette bague classique. Un c\u00e2ble en acier PVD d&#8217;or jaune de 2,5 mm de diam\u00e8tre traverse et soutient deux c\u0153urs en acier PVD d&#8217;or jaune de 7 mm. Disponible en 4 tailles, de S (48) \u00e0 XL (61).<\/p>\n","protected":false},"excerpt":{"rendered":"<h2>Charriol Geneva Passion Ring<\/h2>\n<p>Passez au look or complet ! Deux c\u0153urs en un constituent cette bague classique. Un c\u00e2ble en acier PVD d&#8217;or jaune de 2,5 mm de diam\u00e8tre traverse et soutient deux c\u0153urs en acier PVD d&#8217;or jaune de 7 mm. Disponible en 4 tailles, de S (48) \u00e0 XL (61).<\/p>\n<p>&nbsp;<\/p>\n","protected":false},"featured_media":30540,"comment_status":"open","ping_status":"closed","template":"","meta":{"om_disable_all_campaigns":false,"_monsterinsights_skip_tracking":false,"_monsterinsights_sitenote_active":false,"_monsterinsights_sitenote_note":"","_monsterinsights_sitenote_category":0},"product_brand":[],"product_cat":[611,636],"product_tag":[],"giftcard-category":[],"class_list":{"0":"post-30909","1":"product","2":"type-product","3":"status-publish","4":"has-post-thumbnail","6":"product_cat-bijoux","7":"product_cat-charriol-geneve-bijoux","9":"first","10":"instock","11":"taxable","12":"shipping-taxable","13":"purchasable","14":"product-type-simple"},"aioseo_notices":[],"_links":{"self":[{"href":"https:\/\/raritywatches.com\/fr\/wp-json\/wp\/v2\/product\/30909","targetHints":{"allow":["GET"]}}],"collection":[{"href":"https:\/\/raritywatches.com\/fr\/wp-json\/wp\/v2\/product"}],"about":[{"href":"https:\/\/raritywatches.com\/fr\/wp-json\/wp\/v2\/types\/product"}],"replies":[{"embeddable":true,"href":"https:\/\/raritywatches.com\/fr\/wp-json\/wp\/v2\/comments?post=30909"}],"version-history":[{"count":0,"href":"https:\/\/raritywatches.com\/fr\/wp-json\/wp\/v2\/product\/30909\/revisions"}],"wp:featuredmedia":[{"embeddable":true,"href":"https:\/\/raritywatches.com\/fr\/wp-json\/wp\/v2\/media\/30540"}],"wp:attachment":[{"href":"https:\/\/raritywatches.com\/fr\/wp-json\/wp\/v2\/media?parent=30909"}],"wp:term":[{"taxonomy":"product_brand","embeddable":true,"href":"https:\/\/raritywatches.com\/fr\/wp-json\/wp\/v2\/product_brand?post=30909"},{"taxonomy":"product_cat","embeddable":true,"href":"https:\/\/raritywatches.com\/fr\/wp-json\/wp\/v2\/product_cat?post=30909"},{"taxonomy":"product_tag","embeddable":true,"href":"https:\/\/raritywatches.com\/fr\/wp-json\/wp\/v2\/product_tag?post=30909"},{"taxonomy":"giftcard-category","embeddable":true,"href":"https:\/\/raritywatches.com\/fr\/wp-json\/wp\/v2\/giftcard-category?post=30909"}],"curies":[{"name":"wp","href":"https:\/\/api.w.org\/{rel}","templated":true}]}}