{"id":30904,"date":"2023-07-13T16:05:00","date_gmt":"2023-07-13T15:05:00","guid":{"rendered":"https:\/\/raritywatches.com\/product\/charriol-geneva-bracelet-bonifacio\/"},"modified":"2023-07-13T16:05:00","modified_gmt":"2023-07-13T15:05:00","slug":"charriol-geneva-bracelet-bonifacio","status":"publish","type":"product","link":"https:\/\/raritywatches.com\/fr\/produit\/charriol-geneva-bracelet-bonifacio\/","title":{"rendered":"Charriol Geneva Bracelet Bonifacio"},"content":{"rendered":"","protected":false},"excerpt":{"rendered":"<h2>Charriol Geneva Bracelet Bonifacio<\/h2>\n<p>&nbsp;<\/p>\n<p>Un bracelet en or jaune PVD dont les deux lignes de c\u00e2ble en acier torsad\u00e9 se rejoignent dans un fermoir \u00e0 anse galb\u00e9e et attrayante. La collection Bonifacio refl\u00e8te les douces courbes du littoral corse, le sable blanc et les eaux turquoises de ses criques profondes. Disponible en quatre coloris, le design offre un style d\u00e9licat, raffin\u00e9 et d\u00e9sirable.<\/p>\n","protected":false},"featured_media":30586,"comment_status":"open","ping_status":"closed","template":"","meta":{"om_disable_all_campaigns":false,"_monsterinsights_skip_tracking":false,"_monsterinsights_sitenote_active":false,"_monsterinsights_sitenote_note":"","_monsterinsights_sitenote_category":0},"product_brand":[],"product_cat":[611],"product_tag":[],"giftcard-category":[],"class_list":{"0":"post-30904","1":"product","2":"type-product","3":"status-publish","4":"has-post-thumbnail","6":"product_cat-bijoux","8":"first","9":"instock","10":"taxable","11":"shipping-taxable","12":"purchasable","13":"product-type-simple"},"aioseo_notices":[],"_links":{"self":[{"href":"https:\/\/raritywatches.com\/fr\/wp-json\/wp\/v2\/product\/30904","targetHints":{"allow":["GET"]}}],"collection":[{"href":"https:\/\/raritywatches.com\/fr\/wp-json\/wp\/v2\/product"}],"about":[{"href":"https:\/\/raritywatches.com\/fr\/wp-json\/wp\/v2\/types\/product"}],"replies":[{"embeddable":true,"href":"https:\/\/raritywatches.com\/fr\/wp-json\/wp\/v2\/comments?post=30904"}],"version-history":[{"count":0,"href":"https:\/\/raritywatches.com\/fr\/wp-json\/wp\/v2\/product\/30904\/revisions"}],"wp:featuredmedia":[{"embeddable":true,"href":"https:\/\/raritywatches.com\/fr\/wp-json\/wp\/v2\/media\/30586"}],"wp:attachment":[{"href":"https:\/\/raritywatches.com\/fr\/wp-json\/wp\/v2\/media?parent=30904"}],"wp:term":[{"taxonomy":"product_brand","embeddable":true,"href":"https:\/\/raritywatches.com\/fr\/wp-json\/wp\/v2\/product_brand?post=30904"},{"taxonomy":"product_cat","embeddable":true,"href":"https:\/\/raritywatches.com\/fr\/wp-json\/wp\/v2\/product_cat?post=30904"},{"taxonomy":"product_tag","embeddable":true,"href":"https:\/\/raritywatches.com\/fr\/wp-json\/wp\/v2\/product_tag?post=30904"},{"taxonomy":"giftcard-category","embeddable":true,"href":"https:\/\/raritywatches.com\/fr\/wp-json\/wp\/v2\/giftcard-category?post=30904"}],"curies":[{"name":"wp","href":"https:\/\/api.w.org\/{rel}","templated":true}]}}