{"id":30900,"date":"2023-07-13T16:09:46","date_gmt":"2023-07-13T15:09:46","guid":{"rendered":"https:\/\/raritywatches.com\/product\/charriol-geneva-bracelet-biarritz\/"},"modified":"2023-07-13T16:09:46","modified_gmt":"2023-07-13T15:09:46","slug":"charriol-geneva-bracelet-biarritz","status":"publish","type":"product","link":"https:\/\/raritywatches.com\/fr\/produit\/charriol-geneva-bracelet-biarritz\/","title":{"rendered":"Charriol Geneva Bracelet Biarritz"},"content":{"rendered":"","protected":false},"excerpt":{"rendered":"<h2>Charriol Geneva Bracelet Biarritz<\/h2>\n<p>&nbsp;<\/p>\n<p>Un bracelet avec 5 fins c\u00e2bles d&#8217;acier de 1,5 mm reli\u00e9s par un d\u00e9cor rectangulaire original int\u00e9grant discr\u00e8tement son fermoir massif en acier PVD or jaune. Le bracelet Biarritz s&#8217;inspire des grands palais et de l&#8217;\u00e9l\u00e9gante architecture des casinos qui font la renomm\u00e9e de Biarritz, somptueuse station baln\u00e9aire, dans toute l&#8217;Europe. Pendant des si\u00e8cles, un m\u00e9lange \u00e9blouissant des plus hautes sph\u00e8res de la soci\u00e9t\u00e9 &#8211; riches m\u00e9c\u00e8nes, artistes c\u00e9l\u00e8bres et royaut\u00e9 europ\u00e9enne &#8211; a fr\u00e9quent\u00e9 l&#8217;\u00e9l\u00e9gante c\u00f4te fortifi\u00e9e par ces magnifiques structures et ses plages fauves.<\/p>\n","protected":false},"featured_media":30609,"comment_status":"open","ping_status":"closed","template":"","meta":{"om_disable_all_campaigns":false,"_monsterinsights_skip_tracking":false,"_monsterinsights_sitenote_active":false,"_monsterinsights_sitenote_note":"","_monsterinsights_sitenote_category":0},"product_brand":[],"product_cat":[611,636],"product_tag":[],"giftcard-category":[],"class_list":{"0":"post-30900","1":"product","2":"type-product","3":"status-publish","4":"has-post-thumbnail","6":"product_cat-bijoux","7":"product_cat-charriol-geneve-bijoux","9":"first","10":"instock","11":"taxable","12":"shipping-taxable","13":"purchasable","14":"product-type-simple"},"aioseo_notices":[],"_links":{"self":[{"href":"https:\/\/raritywatches.com\/fr\/wp-json\/wp\/v2\/product\/30900","targetHints":{"allow":["GET"]}}],"collection":[{"href":"https:\/\/raritywatches.com\/fr\/wp-json\/wp\/v2\/product"}],"about":[{"href":"https:\/\/raritywatches.com\/fr\/wp-json\/wp\/v2\/types\/product"}],"replies":[{"embeddable":true,"href":"https:\/\/raritywatches.com\/fr\/wp-json\/wp\/v2\/comments?post=30900"}],"version-history":[{"count":0,"href":"https:\/\/raritywatches.com\/fr\/wp-json\/wp\/v2\/product\/30900\/revisions"}],"wp:featuredmedia":[{"embeddable":true,"href":"https:\/\/raritywatches.com\/fr\/wp-json\/wp\/v2\/media\/30609"}],"wp:attachment":[{"href":"https:\/\/raritywatches.com\/fr\/wp-json\/wp\/v2\/media?parent=30900"}],"wp:term":[{"taxonomy":"product_brand","embeddable":true,"href":"https:\/\/raritywatches.com\/fr\/wp-json\/wp\/v2\/product_brand?post=30900"},{"taxonomy":"product_cat","embeddable":true,"href":"https:\/\/raritywatches.com\/fr\/wp-json\/wp\/v2\/product_cat?post=30900"},{"taxonomy":"product_tag","embeddable":true,"href":"https:\/\/raritywatches.com\/fr\/wp-json\/wp\/v2\/product_tag?post=30900"},{"taxonomy":"giftcard-category","embeddable":true,"href":"https:\/\/raritywatches.com\/fr\/wp-json\/wp\/v2\/giftcard-category?post=30900"}],"curies":[{"name":"wp","href":"https:\/\/api.w.org\/{rel}","templated":true}]}}