{"id":30891,"date":"2023-07-13T16:21:28","date_gmt":"2023-07-13T15:21:28","guid":{"rendered":"https:\/\/raritywatches.com\/product\/charriol-geneva-bangle-ibiza\/"},"modified":"2023-07-13T16:21:28","modified_gmt":"2023-07-13T15:21:28","slug":"charriol-geneva-bangle-ibiza","status":"publish","type":"product","link":"https:\/\/raritywatches.com\/fr\/produit\/charriol-geneva-bangle-ibiza\/","title":{"rendered":"Charriol Geneva Bangle Ibiza"},"content":{"rendered":"","protected":false},"excerpt":{"rendered":"<h2>Charriol Geneva Bangle Ibiza&#8217;<\/h2>\n<p>&nbsp;<\/p>\n<p>Un remarquable c\u00e2ble d&#8217;acier torsad\u00e9 en or jaune PVD de 5 mm, dot\u00e9 d&#8217;un \u00e9l\u00e9gant crochet et d&#8217;un \u0153illet en acier. La ligne de bracelets Ibiza est n\u00e9e de l&#8217;\u00eele ensoleill\u00e9e d&#8217;Ibiza &#8211; une \u00e9l\u00e9gance nautique intemporelle avec une goutte de soleil des Bal\u00e9ares. Bien avant qu&#8217;une foule en d\u00e9lire ne vienne rythmer l&#8217;\u00eele baign\u00e9e de soleil, Ibiza \u00e9tait un ancien avant-poste pris dans les vents contraires de l&#8217;activit\u00e9 maritime. Cette destination tr\u00e8s pris\u00e9e s&#8217;enorgueillit d&#8217;une longue histoire maritime, puisque les Grecs et les Romains, les Norv\u00e9giens et les Musulmans sont arriv\u00e9s et ont conquis cette \u00eele aux pins clairsem\u00e9s. Propos\u00e9 dans un m\u00e9lange de m\u00e9taux classiques, le bracelet Ibiza est empilable.<\/p>\n","protected":false},"featured_media":30672,"comment_status":"open","ping_status":"closed","template":"","meta":{"om_disable_all_campaigns":false,"_monsterinsights_skip_tracking":false,"_monsterinsights_sitenote_active":false,"_monsterinsights_sitenote_note":"","_monsterinsights_sitenote_category":0},"product_brand":[],"product_cat":[611,636],"product_tag":[],"giftcard-category":[],"class_list":{"0":"post-30891","1":"product","2":"type-product","3":"status-publish","4":"has-post-thumbnail","6":"product_cat-bijoux","7":"product_cat-charriol-geneve-bijoux","9":"first","10":"instock","11":"taxable","12":"shipping-taxable","13":"purchasable","14":"product-type-simple"},"aioseo_notices":[],"_links":{"self":[{"href":"https:\/\/raritywatches.com\/fr\/wp-json\/wp\/v2\/product\/30891","targetHints":{"allow":["GET"]}}],"collection":[{"href":"https:\/\/raritywatches.com\/fr\/wp-json\/wp\/v2\/product"}],"about":[{"href":"https:\/\/raritywatches.com\/fr\/wp-json\/wp\/v2\/types\/product"}],"replies":[{"embeddable":true,"href":"https:\/\/raritywatches.com\/fr\/wp-json\/wp\/v2\/comments?post=30891"}],"version-history":[{"count":0,"href":"https:\/\/raritywatches.com\/fr\/wp-json\/wp\/v2\/product\/30891\/revisions"}],"wp:featuredmedia":[{"embeddable":true,"href":"https:\/\/raritywatches.com\/fr\/wp-json\/wp\/v2\/media\/30672"}],"wp:attachment":[{"href":"https:\/\/raritywatches.com\/fr\/wp-json\/wp\/v2\/media?parent=30891"}],"wp:term":[{"taxonomy":"product_brand","embeddable":true,"href":"https:\/\/raritywatches.com\/fr\/wp-json\/wp\/v2\/product_brand?post=30891"},{"taxonomy":"product_cat","embeddable":true,"href":"https:\/\/raritywatches.com\/fr\/wp-json\/wp\/v2\/product_cat?post=30891"},{"taxonomy":"product_tag","embeddable":true,"href":"https:\/\/raritywatches.com\/fr\/wp-json\/wp\/v2\/product_tag?post=30891"},{"taxonomy":"giftcard-category","embeddable":true,"href":"https:\/\/raritywatches.com\/fr\/wp-json\/wp\/v2\/giftcard-category?post=30891"}],"curies":[{"name":"wp","href":"https:\/\/api.w.org\/{rel}","templated":true}]}}