{"id":30887,"date":"2023-07-13T16:26:09","date_gmt":"2023-07-13T15:26:09","guid":{"rendered":"https:\/\/raritywatches.com\/product\/charriol-geneva-bangle-celtic-clous\/"},"modified":"2023-07-13T16:26:09","modified_gmt":"2023-07-13T15:26:09","slug":"charriol-geneva-bangle-celtic-clous","status":"publish","type":"product","link":"https:\/\/raritywatches.com\/fr\/produit\/charriol-geneva-bangle-celtic-clous\/","title":{"rendered":"Charriol Geneva Bangle Celtic Clous"},"content":{"rendered":"","protected":false},"excerpt":{"rendered":"<h2>Charriol Geneva Bangle Celtic Clous<\/h2>\n<p>&nbsp;<\/p>\n<p>Un bijou en or jaune PVD et acier avec un air d&#8217;irr\u00e9v\u00e9rence punk. La ligne de bracelets Celtic Clous est une mise \u00e0 jour audacieuse de notre bracelet classique \u00e0 c\u00e2bles crois\u00e9s, le plus vendu. Les embouts cylindriques et ondul\u00e9s sont perfor\u00e9s de clous assortis et mont\u00e9s sur un c\u00e2ble de 5 mm en PVD or jaune brillant. Port\u00e9 seul ou superpos\u00e9, ce bracelet est une d\u00e9claration dynamique de fra\u00eecheur f\u00e9minine.<\/p>\n","protected":false},"featured_media":30678,"comment_status":"open","ping_status":"closed","template":"","meta":{"om_disable_all_campaigns":false,"_monsterinsights_skip_tracking":false,"_monsterinsights_sitenote_active":false,"_monsterinsights_sitenote_note":"","_monsterinsights_sitenote_category":0},"product_brand":[],"product_cat":[611,636],"product_tag":[],"giftcard-category":[],"class_list":{"0":"post-30887","1":"product","2":"type-product","3":"status-publish","4":"has-post-thumbnail","6":"product_cat-bijoux","7":"product_cat-charriol-geneve-bijoux","9":"first","10":"outofstock","11":"taxable","12":"shipping-taxable","13":"product-type-simple"},"aioseo_notices":[],"_links":{"self":[{"href":"https:\/\/raritywatches.com\/fr\/wp-json\/wp\/v2\/product\/30887","targetHints":{"allow":["GET"]}}],"collection":[{"href":"https:\/\/raritywatches.com\/fr\/wp-json\/wp\/v2\/product"}],"about":[{"href":"https:\/\/raritywatches.com\/fr\/wp-json\/wp\/v2\/types\/product"}],"replies":[{"embeddable":true,"href":"https:\/\/raritywatches.com\/fr\/wp-json\/wp\/v2\/comments?post=30887"}],"version-history":[{"count":0,"href":"https:\/\/raritywatches.com\/fr\/wp-json\/wp\/v2\/product\/30887\/revisions"}],"wp:featuredmedia":[{"embeddable":true,"href":"https:\/\/raritywatches.com\/fr\/wp-json\/wp\/v2\/media\/30678"}],"wp:attachment":[{"href":"https:\/\/raritywatches.com\/fr\/wp-json\/wp\/v2\/media?parent=30887"}],"wp:term":[{"taxonomy":"product_brand","embeddable":true,"href":"https:\/\/raritywatches.com\/fr\/wp-json\/wp\/v2\/product_brand?post=30887"},{"taxonomy":"product_cat","embeddable":true,"href":"https:\/\/raritywatches.com\/fr\/wp-json\/wp\/v2\/product_cat?post=30887"},{"taxonomy":"product_tag","embeddable":true,"href":"https:\/\/raritywatches.com\/fr\/wp-json\/wp\/v2\/product_tag?post=30887"},{"taxonomy":"giftcard-category","embeddable":true,"href":"https:\/\/raritywatches.com\/fr\/wp-json\/wp\/v2\/giftcard-category?post=30887"}],"curies":[{"name":"wp","href":"https:\/\/api.w.org\/{rel}","templated":true}]}}