{"id":30874,"date":"2023-07-13T16:44:57","date_gmt":"2023-07-13T15:44:57","guid":{"rendered":"https:\/\/raritywatches.com\/product\/charriol-geneva-necklace-st-tropez-mariner\/"},"modified":"2025-05-14T14:46:34","modified_gmt":"2025-05-14T13:46:34","slug":"charriol-geneva-necklace-st-tropez-mariner","status":"publish","type":"product","link":"https:\/\/raritywatches.com\/fr\/produit\/charriol-geneva-necklace-st-tropez-mariner\/","title":{"rendered":"Charriol Geneva Necklace St-Tropez Mariner"},"content":{"rendered":"","protected":false},"excerpt":{"rendered":"<h2>Charriol Geneva Necklace St-Tropez Mariner<\/h2>\n<p>&nbsp;<\/p>\n<p>Cha\u00eene en acier inoxydable PVD or jaune avec cadenas Charriol &#8211; comprenant sept anneaux d&#8217;acier et des pendentifs \u00e0 manille en acier c\u00e2bl\u00e9 PVD or jaune. La cha\u00eene est compos\u00e9e de maillons ovales torsad\u00e9s, reproduisant la cha\u00eene du bracelet exclusif de la montre St-Tropez 30 mm. Longueur de la cha\u00eene de 40cm r\u00e9glable par fermoir avec une extension de 5cm. Dimensions de l&#8217;\u00e9l\u00e9ment nautique 15,6mm * 12mm * 2mm, dimensions de la serrure 18,6mm * 15mm * 8,5mm.<\/p>\n","protected":false},"featured_media":30764,"comment_status":"open","ping_status":"closed","template":"","meta":{"om_disable_all_campaigns":false,"_monsterinsights_skip_tracking":false,"_monsterinsights_sitenote_active":false,"_monsterinsights_sitenote_note":"","_monsterinsights_sitenote_category":0},"product_brand":[],"product_cat":[611,636],"product_tag":[],"giftcard-category":[],"class_list":{"0":"post-30874","1":"product","2":"type-product","3":"status-publish","4":"has-post-thumbnail","6":"product_cat-bijoux","7":"product_cat-charriol-geneve-bijoux","9":"first","10":"instock","11":"taxable","12":"shipping-taxable","13":"purchasable","14":"product-type-simple"},"aioseo_notices":[],"_links":{"self":[{"href":"https:\/\/raritywatches.com\/fr\/wp-json\/wp\/v2\/product\/30874","targetHints":{"allow":["GET"]}}],"collection":[{"href":"https:\/\/raritywatches.com\/fr\/wp-json\/wp\/v2\/product"}],"about":[{"href":"https:\/\/raritywatches.com\/fr\/wp-json\/wp\/v2\/types\/product"}],"replies":[{"embeddable":true,"href":"https:\/\/raritywatches.com\/fr\/wp-json\/wp\/v2\/comments?post=30874"}],"version-history":[{"count":1,"href":"https:\/\/raritywatches.com\/fr\/wp-json\/wp\/v2\/product\/30874\/revisions"}],"predecessor-version":[{"id":33731,"href":"https:\/\/raritywatches.com\/fr\/wp-json\/wp\/v2\/product\/30874\/revisions\/33731"}],"wp:featuredmedia":[{"embeddable":true,"href":"https:\/\/raritywatches.com\/fr\/wp-json\/wp\/v2\/media\/30764"}],"wp:attachment":[{"href":"https:\/\/raritywatches.com\/fr\/wp-json\/wp\/v2\/media?parent=30874"}],"wp:term":[{"taxonomy":"product_brand","embeddable":true,"href":"https:\/\/raritywatches.com\/fr\/wp-json\/wp\/v2\/product_brand?post=30874"},{"taxonomy":"product_cat","embeddable":true,"href":"https:\/\/raritywatches.com\/fr\/wp-json\/wp\/v2\/product_cat?post=30874"},{"taxonomy":"product_tag","embeddable":true,"href":"https:\/\/raritywatches.com\/fr\/wp-json\/wp\/v2\/product_tag?post=30874"},{"taxonomy":"giftcard-category","embeddable":true,"href":"https:\/\/raritywatches.com\/fr\/wp-json\/wp\/v2\/giftcard-category?post=30874"}],"curies":[{"name":"wp","href":"https:\/\/api.w.org\/{rel}","templated":true}]}}