{"id":30870,"date":"2023-07-13T17:11:11","date_gmt":"2023-07-13T16:11:11","guid":{"rendered":"https:\/\/raritywatches.com\/product\/charriol-geneva-st-tropez-watch-24-5mm\/"},"modified":"2023-07-13T17:11:11","modified_gmt":"2023-07-13T16:11:11","slug":"charriol-geneva-st-tropez-watch-24-5mm","status":"publish","type":"product","link":"https:\/\/raritywatches.com\/fr\/produit\/charriol-geneva-st-tropez-watch-24-5mm\/","title":{"rendered":"Charriol Geneva St-Tropez watch 24.5mm"},"content":{"rendered":"","protected":false},"excerpt":{"rendered":"<h2>Charriol Geneva St-Tropez watch 24.5mm<\/h2>\n<p>&nbsp;<\/p>\n<p>Avec l&#8217;amour du style, de la beaut\u00e9 et de la mode, il est tout \u00e0 fait appropri\u00e9 que CHARRIOL ait nomm\u00e9 une collection de montres pour femmes, St-Tropez\u00ae, d&#8217;apr\u00e8s la ville m\u00e9diterran\u00e9enne fran\u00e7aise la plus glamour. La variante 028 repr\u00e9sente le mod\u00e8le de taille moyenne de la collection (24,5 mm).<\/p>\n","protected":false},"featured_media":30353,"comment_status":"open","ping_status":"closed","template":"","meta":{"om_disable_all_campaigns":false,"_monsterinsights_skip_tracking":false,"_monsterinsights_sitenote_active":false,"_monsterinsights_sitenote_note":"","_monsterinsights_sitenote_category":0},"product_brand":[],"product_cat":[604],"product_tag":[578,407],"giftcard-category":[],"class_list":{"0":"post-30870","1":"product","2":"type-product","3":"status-publish","4":"has-post-thumbnail","6":"product_cat-charriol-geneve-montres","7":"product_tag-ladies-dress-watches-fr","8":"product_tag-montres-pour-dames","10":"first","11":"instock","12":"taxable","13":"shipping-taxable","14":"purchasable","15":"product-type-simple"},"aioseo_notices":[],"_links":{"self":[{"href":"https:\/\/raritywatches.com\/fr\/wp-json\/wp\/v2\/product\/30870","targetHints":{"allow":["GET"]}}],"collection":[{"href":"https:\/\/raritywatches.com\/fr\/wp-json\/wp\/v2\/product"}],"about":[{"href":"https:\/\/raritywatches.com\/fr\/wp-json\/wp\/v2\/types\/product"}],"replies":[{"embeddable":true,"href":"https:\/\/raritywatches.com\/fr\/wp-json\/wp\/v2\/comments?post=30870"}],"version-history":[{"count":0,"href":"https:\/\/raritywatches.com\/fr\/wp-json\/wp\/v2\/product\/30870\/revisions"}],"wp:featuredmedia":[{"embeddable":true,"href":"https:\/\/raritywatches.com\/fr\/wp-json\/wp\/v2\/media\/30353"}],"wp:attachment":[{"href":"https:\/\/raritywatches.com\/fr\/wp-json\/wp\/v2\/media?parent=30870"}],"wp:term":[{"taxonomy":"product_brand","embeddable":true,"href":"https:\/\/raritywatches.com\/fr\/wp-json\/wp\/v2\/product_brand?post=30870"},{"taxonomy":"product_cat","embeddable":true,"href":"https:\/\/raritywatches.com\/fr\/wp-json\/wp\/v2\/product_cat?post=30870"},{"taxonomy":"product_tag","embeddable":true,"href":"https:\/\/raritywatches.com\/fr\/wp-json\/wp\/v2\/product_tag?post=30870"},{"taxonomy":"giftcard-category","embeddable":true,"href":"https:\/\/raritywatches.com\/fr\/wp-json\/wp\/v2\/giftcard-category?post=30870"}],"curies":[{"name":"wp","href":"https:\/\/api.w.org\/{rel}","templated":true}]}}