{"id":30861,"date":"2023-07-13T17:30:12","date_gmt":"2023-07-13T16:30:12","guid":{"rendered":"https:\/\/raritywatches.com\/product\/charriol-geneva-st-tropez-apple-watch-band-m-size\/"},"modified":"2023-07-13T17:30:12","modified_gmt":"2023-07-13T16:30:12","slug":"charriol-geneva-st-tropez-apple-watch-band-m-size","status":"publish","type":"product","link":"https:\/\/raritywatches.com\/fr\/produit\/charriol-geneva-st-tropez-apple-watch-band-m-size\/","title":{"rendered":"Charriol Geneva St-Tropez Apple Watch band M SIZE"},"content":{"rendered":"","protected":false},"excerpt":{"rendered":"<div>\n<h2>Charriol Geneva St-Tropez Apple Watch band M SIZE<\/h2>\n<p>&nbsp;<\/p>\n<p>Voici les bracelets Apple Watch de Charriol, notre c\u00e2ble torsad\u00e9 classique mis \u00e0 jour pour une \u00e8re moderne et num\u00e9rique.<\/p>\n<p>Ce bracelet unique et f\u00e9minin est compos\u00e9 de 6 c\u00e2bles en acier inoxydable, orn\u00e9s de 2 \u00e9l\u00e9ments ajour\u00e9s en acier PVD or jaune et d&#8217;une fine cha\u00eene en PVD or jaune avec fermoir de s\u00e9curit\u00e9. Les attaches coulissantes officielles en acier s&#8217;adaptent \u00e0 tous les mod\u00e8les Apple Series 3 (bo\u00eetier de 38 mm), Series SE\/4\/5\/6 (bo\u00eetier de 40 mm), Series 7 (bo\u00eetier de 41 mm) et Series 8.<\/p>\n<\/div>\n","protected":false},"featured_media":30329,"comment_status":"open","ping_status":"closed","template":"","meta":{"om_disable_all_campaigns":false,"_monsterinsights_skip_tracking":false,"_monsterinsights_sitenote_active":false,"_monsterinsights_sitenote_note":"","_monsterinsights_sitenote_category":0},"product_brand":[],"product_cat":[611,604],"product_tag":[],"giftcard-category":[],"class_list":{"0":"post-30861","1":"product","2":"type-product","3":"status-publish","4":"has-post-thumbnail","6":"product_cat-bijoux","7":"product_cat-charriol-geneve-montres","9":"first","10":"instock","11":"taxable","12":"shipping-taxable","13":"purchasable","14":"product-type-simple"},"aioseo_notices":[],"_links":{"self":[{"href":"https:\/\/raritywatches.com\/fr\/wp-json\/wp\/v2\/product\/30861","targetHints":{"allow":["GET"]}}],"collection":[{"href":"https:\/\/raritywatches.com\/fr\/wp-json\/wp\/v2\/product"}],"about":[{"href":"https:\/\/raritywatches.com\/fr\/wp-json\/wp\/v2\/types\/product"}],"replies":[{"embeddable":true,"href":"https:\/\/raritywatches.com\/fr\/wp-json\/wp\/v2\/comments?post=30861"}],"version-history":[{"count":0,"href":"https:\/\/raritywatches.com\/fr\/wp-json\/wp\/v2\/product\/30861\/revisions"}],"wp:featuredmedia":[{"embeddable":true,"href":"https:\/\/raritywatches.com\/fr\/wp-json\/wp\/v2\/media\/30329"}],"wp:attachment":[{"href":"https:\/\/raritywatches.com\/fr\/wp-json\/wp\/v2\/media?parent=30861"}],"wp:term":[{"taxonomy":"product_brand","embeddable":true,"href":"https:\/\/raritywatches.com\/fr\/wp-json\/wp\/v2\/product_brand?post=30861"},{"taxonomy":"product_cat","embeddable":true,"href":"https:\/\/raritywatches.com\/fr\/wp-json\/wp\/v2\/product_cat?post=30861"},{"taxonomy":"product_tag","embeddable":true,"href":"https:\/\/raritywatches.com\/fr\/wp-json\/wp\/v2\/product_tag?post=30861"},{"taxonomy":"giftcard-category","embeddable":true,"href":"https:\/\/raritywatches.com\/fr\/wp-json\/wp\/v2\/giftcard-category?post=30861"}],"curies":[{"name":"wp","href":"https:\/\/api.w.org\/{rel}","templated":true}]}}