{"id":30854,"date":"2023-07-13T17:31:57","date_gmt":"2023-07-13T16:31:57","guid":{"rendered":"https:\/\/raritywatches.com\/product\/charriol-geneva-st-tropez-apple-watch-band-l-size\/"},"modified":"2023-07-13T17:31:57","modified_gmt":"2023-07-13T16:31:57","slug":"charriol-geneva-st-tropez-apple-watch-band-l-size","status":"publish","type":"product","link":"https:\/\/raritywatches.com\/fr\/produit\/charriol-geneva-st-tropez-apple-watch-band-l-size\/","title":{"rendered":"Charriol Geneva St-Tropez Apple Watch band L SIZE"},"content":{"rendered":"","protected":false},"excerpt":{"rendered":"<h2>Charriol Geneva St-Tropez Apple Watch band L SIZE<\/h2>\n<p>&nbsp;<\/p>\n<p>Ajoutez une d\u00e9licieuse touche f\u00e9minine \u00e0 votre montre intelligente avec ce bracelet unique compos\u00e9 de 6 c\u00e2bles en acier inoxydable de 2 mm, orn\u00e9s de 2 \u00e9l\u00e9ments en acier ajour\u00e9 et d&#8217;une fine cha\u00eene avec fermoir de s\u00e9curit\u00e9. Les attaches coulissantes officielles conviennent \u00e0 tous les mod\u00e8les Apple Series 3 (\u00e9tui de 38 mm), Series SE\/4\/5\/6 (\u00e9tui de 40 mm), Series 7 (\u00e9tui de 41 mm) et Series 8. Voici les bracelets Apple Watch de Charriol, notre c\u00e2ble torsad\u00e9 classique mis \u00e0 jour pour une \u00e8re moderne et num\u00e9rique<\/p>\n","protected":false},"featured_media":30333,"comment_status":"open","ping_status":"closed","template":"","meta":{"om_disable_all_campaigns":false,"_monsterinsights_skip_tracking":false,"_monsterinsights_sitenote_active":false,"_monsterinsights_sitenote_note":"","_monsterinsights_sitenote_category":0},"product_brand":[],"product_cat":[611,604],"product_tag":[],"giftcard-category":[],"class_list":{"0":"post-30854","1":"product","2":"type-product","3":"status-publish","4":"has-post-thumbnail","6":"product_cat-bijoux","7":"product_cat-charriol-geneve-montres","9":"first","10":"instock","11":"taxable","12":"shipping-taxable","13":"purchasable","14":"product-type-simple"},"aioseo_notices":[],"_links":{"self":[{"href":"https:\/\/raritywatches.com\/fr\/wp-json\/wp\/v2\/product\/30854","targetHints":{"allow":["GET"]}}],"collection":[{"href":"https:\/\/raritywatches.com\/fr\/wp-json\/wp\/v2\/product"}],"about":[{"href":"https:\/\/raritywatches.com\/fr\/wp-json\/wp\/v2\/types\/product"}],"replies":[{"embeddable":true,"href":"https:\/\/raritywatches.com\/fr\/wp-json\/wp\/v2\/comments?post=30854"}],"version-history":[{"count":0,"href":"https:\/\/raritywatches.com\/fr\/wp-json\/wp\/v2\/product\/30854\/revisions"}],"wp:featuredmedia":[{"embeddable":true,"href":"https:\/\/raritywatches.com\/fr\/wp-json\/wp\/v2\/media\/30333"}],"wp:attachment":[{"href":"https:\/\/raritywatches.com\/fr\/wp-json\/wp\/v2\/media?parent=30854"}],"wp:term":[{"taxonomy":"product_brand","embeddable":true,"href":"https:\/\/raritywatches.com\/fr\/wp-json\/wp\/v2\/product_brand?post=30854"},{"taxonomy":"product_cat","embeddable":true,"href":"https:\/\/raritywatches.com\/fr\/wp-json\/wp\/v2\/product_cat?post=30854"},{"taxonomy":"product_tag","embeddable":true,"href":"https:\/\/raritywatches.com\/fr\/wp-json\/wp\/v2\/product_tag?post=30854"},{"taxonomy":"giftcard-category","embeddable":true,"href":"https:\/\/raritywatches.com\/fr\/wp-json\/wp\/v2\/giftcard-category?post=30854"}],"curies":[{"name":"wp","href":"https:\/\/api.w.org\/{rel}","templated":true}]}}