{"id":30843,"date":"2023-07-14T09:32:52","date_gmt":"2023-07-14T08:32:52","guid":{"rendered":"https:\/\/raritywatches.com\/product\/charriol-geneva-necklace-shopping-in-paris\/"},"modified":"2025-05-14T11:25:45","modified_gmt":"2025-05-14T10:25:45","slug":"charriol-geneva-necklace-shopping-in-paris","status":"publish","type":"product","link":"https:\/\/raritywatches.com\/fr\/produit\/charriol-geneva-necklace-shopping-in-paris\/","title":{"rendered":"Charriol Geneva Necklace Shopping in Paris"},"content":{"rendered":"","protected":false},"excerpt":{"rendered":"<h2>Charriol Geneva Necklace Shopping in Paris<\/h2>\n<p>&nbsp;<\/p>\n<p>Ce collier Charriol est r\u00e9alis\u00e9 en laiton avec une finition dor\u00e9e brillante et comporte un pendentif sac \u00e0 main orn\u00e9 du logo de la marque. Le motif embl\u00e9matique du c\u00e2ble torsad\u00e9 sur la cha\u00eene ajoute une touche de sophistication.<\/p>\n<p>&nbsp;<\/p>\n","protected":false},"featured_media":30825,"comment_status":"open","ping_status":"closed","template":"","meta":{"om_disable_all_campaigns":false,"_monsterinsights_skip_tracking":false,"_monsterinsights_sitenote_active":false,"_monsterinsights_sitenote_note":"","_monsterinsights_sitenote_category":0},"product_brand":[],"product_cat":[611,636],"product_tag":[],"giftcard-category":[],"class_list":{"0":"post-30843","1":"product","2":"type-product","3":"status-publish","4":"has-post-thumbnail","6":"product_cat-bijoux","7":"product_cat-charriol-geneve-bijoux","9":"first","10":"instock","11":"taxable","12":"shipping-taxable","13":"purchasable","14":"product-type-simple"},"aioseo_notices":[],"_links":{"self":[{"href":"https:\/\/raritywatches.com\/fr\/wp-json\/wp\/v2\/product\/30843","targetHints":{"allow":["GET"]}}],"collection":[{"href":"https:\/\/raritywatches.com\/fr\/wp-json\/wp\/v2\/product"}],"about":[{"href":"https:\/\/raritywatches.com\/fr\/wp-json\/wp\/v2\/types\/product"}],"replies":[{"embeddable":true,"href":"https:\/\/raritywatches.com\/fr\/wp-json\/wp\/v2\/comments?post=30843"}],"version-history":[{"count":1,"href":"https:\/\/raritywatches.com\/fr\/wp-json\/wp\/v2\/product\/30843\/revisions"}],"predecessor-version":[{"id":33728,"href":"https:\/\/raritywatches.com\/fr\/wp-json\/wp\/v2\/product\/30843\/revisions\/33728"}],"wp:featuredmedia":[{"embeddable":true,"href":"https:\/\/raritywatches.com\/fr\/wp-json\/wp\/v2\/media\/30825"}],"wp:attachment":[{"href":"https:\/\/raritywatches.com\/fr\/wp-json\/wp\/v2\/media?parent=30843"}],"wp:term":[{"taxonomy":"product_brand","embeddable":true,"href":"https:\/\/raritywatches.com\/fr\/wp-json\/wp\/v2\/product_brand?post=30843"},{"taxonomy":"product_cat","embeddable":true,"href":"https:\/\/raritywatches.com\/fr\/wp-json\/wp\/v2\/product_cat?post=30843"},{"taxonomy":"product_tag","embeddable":true,"href":"https:\/\/raritywatches.com\/fr\/wp-json\/wp\/v2\/product_tag?post=30843"},{"taxonomy":"giftcard-category","embeddable":true,"href":"https:\/\/raritywatches.com\/fr\/wp-json\/wp\/v2\/giftcard-category?post=30843"}],"curies":[{"name":"wp","href":"https:\/\/api.w.org\/{rel}","templated":true}]}}