{"id":29447,"date":"2023-05-21T14:10:38","date_gmt":"2023-05-21T13:10:38","guid":{"rendered":"https:\/\/raritywatches.com\/product\/certified-pre-owned-rolex-datejust-36-oystersteel-or-jaune-jubilee-motif-palmier-or\/"},"modified":"2025-12-08T07:59:13","modified_gmt":"2025-12-08T06:59:13","slug":"certified-pre-owned-rolex-datejust-36-oystersteel-or-jaune-jubilee-motif-palmier","status":"publish","type":"product","link":"https:\/\/raritywatches.com\/fr\/produit\/certified-pre-owned-rolex-datejust-36-oystersteel-or-jaune-jubilee-motif-palmier\/","title":{"rendered":"Certified Pre-Owned Rolex Datejust 36 Oystersteel &amp; Or jaune jubilee Motif Palmier Or"},"content":{"rendered":"","protected":false},"excerpt":{"rendered":"<h5><strong><span id=\"reply-title\" class=\"comment-reply-title\">Certified Pre-Owned Rolex Datejust 36 Oystersteel &amp; Or jaune jubilee Motif Palmier Or<\/span><\/strong><\/h5>\n<p>&nbsp;<\/p>\n<p>Neuve avec set complet Rolex Datejust 36 Oystersteel &amp; Or jaune jubilee Motif Palmier Or<br \/>\n\u20132022 avec 5 ann\u00e9es garantie internationale<br \/>\n\u2013 Ref 126203<\/p>\n<table width=\"602\" cellspacing=\"0\" cellpadding=\"0\">\n<tbody>\n<tr>\n<td colspan=\"2\" width=\"602\">\n<h3 class=\"western\"><b>Informations de base<\/b><\/h3>\n<\/td>\n<\/tr>\n<tr>\n<td width=\"170\"><\/td>\n<td width=\"432\"><\/td>\n<\/tr>\n<tr>\n<td width=\"170\"><strong><b>Marque<\/b><\/strong><\/td>\n<td width=\"432\"><a href=\"https:\/\/www.chrono24.com\/rolex\/index.htm\" target=\"_blank\" rel=\"nofollow noopener\">Rolex<\/a><\/td>\n<\/tr>\n<tr>\n<td width=\"170\"><strong><b>Mod\u00e8le<\/b><\/strong><\/td>\n<td width=\"432\"><a href=\"https:\/\/www.chrono24.com\/rolex\/datejust-36--mod2787.htm\" target=\"_blank\" rel=\"nofollow noopener\">Datejust 36<\/a><\/td>\n<\/tr>\n<tr>\n<td width=\"170\"><strong><b>Num\u00e9ro de r\u00e9f\u00e9rence<\/b><\/strong><\/td>\n<td width=\"432\"><a href=\"https:\/\/www.chrono24.com\/rolex\/ref-126203.htm\" target=\"_blank\" rel=\"nofollow noopener\">126203<\/a><\/td>\n<\/tr>\n<tr>\n<td width=\"170\"><strong><b>Mouvement<\/b><\/strong><\/td>\n<td width=\"432\">Automatique<\/td>\n<\/tr>\n<tr>\n<td width=\"170\"><strong><b>Mat\u00e9rau du boitier<\/b><\/strong><\/td>\n<td width=\"432\">Or\/Acier<\/td>\n<\/tr>\n<tr>\n<td width=\"170\"><strong><b>Mat\u00e9riau de Bracelet<\/b><\/strong><\/td>\n<td width=\"432\">Or\/Acier<\/td>\n<\/tr>\n<tr>\n<td width=\"170\"><strong><b>Ann\u00e9e de production<\/b><\/strong><\/td>\n<td width=\"432\">2022<\/td>\n<\/tr>\n<tr>\n<td width=\"170\"><strong><b>Condition<\/b><\/strong><\/td>\n<td width=\"432\">Neuve, inutlis\u00e9e<\/td>\n<\/tr>\n<tr>\n<td width=\"170\"><strong><b>Comprends<\/b><\/strong><\/td>\n<td width=\"432\">Boite d\u00b4origine et papiers d\u00b4origine<\/td>\n<\/tr>\n<tr>\n<td colspan=\"2\" width=\"602\">\n<h3 class=\"western\"><b>Calibre<\/b><\/h3>\n<\/td>\n<\/tr>\n<tr>\n<td width=\"170\"><strong><b>Mouvement<\/b><\/strong><\/td>\n<td width=\"432\">Automatique<\/td>\n<\/tr>\n<tr>\n<td width=\"170\"><strong><b>Mouvement\/Calibre<\/b><\/strong><\/td>\n<td width=\"432\">3235<\/td>\n<\/tr>\n<tr>\n<td width=\"170\"><strong><b>Reserve de marche<\/b><\/strong><\/td>\n<td width=\"432\">70 h<\/td>\n<\/tr>\n<tr>\n<td width=\"170\"><strong><b>Nombre de joyaux<\/b><\/strong><\/td>\n<td width=\"432\">31<\/td>\n<\/tr>\n<tr>\n<td colspan=\"2\" width=\"602\">\n<h3 class=\"western\"><b>Le Bo\u00eetier<\/b><\/h3>\n<\/td>\n<\/tr>\n<tr>\n<td width=\"170\"><strong><b>Mat\u00e9rau du boitier<\/b><\/strong><\/td>\n<td width=\"432\">Or\/Acier<\/td>\n<\/tr>\n<tr>\n<td width=\"170\"><strong><b>Diam\u00e8tre du boitier<\/b><\/strong><\/td>\n<td width=\"432\">36 x 44 mm<\/td>\n<\/tr>\n<tr>\n<td width=\"170\"><strong><b>Resistance \u00e0 l\u00b4eau<\/b><\/strong><\/td>\n<td width=\"432\">10 ATM<\/td>\n<\/tr>\n<tr>\n<td width=\"170\"><strong><b>Mat\u00e9riau de la lunette<\/b><\/strong><\/td>\n<td width=\"432\">Or Jaune 18k<\/td>\n<\/tr>\n<tr>\n<td width=\"170\"><strong><b>Crystal<\/b><\/strong><\/td>\n<td width=\"432\">Crystal sapphire<\/td>\n<\/tr>\n<tr>\n<td width=\"170\"><strong><b>Cadran<\/b><\/strong><\/td>\n<td width=\"432\">Or<\/td>\n<\/tr>\n<tr>\n<td width=\"170\"><strong><b>Chiffres de cadran<\/b><\/strong><\/td>\n<td width=\"432\">Pas de chiffres<\/td>\n<\/tr>\n<tr>\n<td colspan=\"2\" width=\"602\">\n<h3 class=\"western\"><b>Bracelet<\/b><\/h3>\n<\/td>\n<\/tr>\n<tr>\n<td width=\"170\"><strong><b>Mat\u00e9riau de Bracelet<\/b><\/strong><\/td>\n<td width=\"432\">Or\/Acier<\/td>\n<\/tr>\n<tr>\n<td width=\"170\"><strong><b>Couleur Bracelet<\/b><\/strong><\/td>\n<td width=\"432\">Or\/Acier<\/td>\n<\/tr>\n<tr>\n<td width=\"170\"><strong><b>Fermoir<\/b><\/strong><\/td>\n<td width=\"432\">Boucle d\u00e9ployante<\/td>\n<\/tr>\n<tr>\n<td width=\"170\"><strong><b>Mat\u00e9riau fermoir<\/b><\/strong><\/td>\n<td width=\"432\">Or\/Acier<\/td>\n<\/tr>\n<\/tbody>\n<\/table>\n<p>Contactez-nous pour ce Rolex Pre-Owned<\/p>\n","protected":false},"featured_media":29164,"comment_status":"open","ping_status":"closed","template":"","meta":{"om_disable_all_campaigns":false,"_monsterinsights_skip_tracking":false,"_monsterinsights_sitenote_active":false,"_monsterinsights_sitenote_note":"","_monsterinsights_sitenote_category":0},"product_brand":[],"product_cat":[592,589],"product_tag":[591,593],"giftcard-category":[],"class_list":{"0":"post-29447","1":"product","2":"type-product","3":"status-publish","4":"has-post-thumbnail","6":"product_cat-certified-pre-owned","7":"product_cat-rolex-oyster-lounge-fr","8":"product_tag-certified-pre-owned-fr","9":"product_tag-rolex-fr","11":"first","12":"outofstock","13":"featured","14":"purchasable","15":"product-type-simple"},"aioseo_notices":[],"_links":{"self":[{"href":"https:\/\/raritywatches.com\/fr\/wp-json\/wp\/v2\/product\/29447","targetHints":{"allow":["GET"]}}],"collection":[{"href":"https:\/\/raritywatches.com\/fr\/wp-json\/wp\/v2\/product"}],"about":[{"href":"https:\/\/raritywatches.com\/fr\/wp-json\/wp\/v2\/types\/product"}],"replies":[{"embeddable":true,"href":"https:\/\/raritywatches.com\/fr\/wp-json\/wp\/v2\/comments?post=29447"}],"version-history":[{"count":1,"href":"https:\/\/raritywatches.com\/fr\/wp-json\/wp\/v2\/product\/29447\/revisions"}],"predecessor-version":[{"id":29448,"href":"https:\/\/raritywatches.com\/fr\/wp-json\/wp\/v2\/product\/29447\/revisions\/29448"}],"wp:featuredmedia":[{"embeddable":true,"href":"https:\/\/raritywatches.com\/fr\/wp-json\/wp\/v2\/media\/29164"}],"wp:attachment":[{"href":"https:\/\/raritywatches.com\/fr\/wp-json\/wp\/v2\/media?parent=29447"}],"wp:term":[{"taxonomy":"product_brand","embeddable":true,"href":"https:\/\/raritywatches.com\/fr\/wp-json\/wp\/v2\/product_brand?post=29447"},{"taxonomy":"product_cat","embeddable":true,"href":"https:\/\/raritywatches.com\/fr\/wp-json\/wp\/v2\/product_cat?post=29447"},{"taxonomy":"product_tag","embeddable":true,"href":"https:\/\/raritywatches.com\/fr\/wp-json\/wp\/v2\/product_tag?post=29447"},{"taxonomy":"giftcard-category","embeddable":true,"href":"https:\/\/raritywatches.com\/fr\/wp-json\/wp\/v2\/giftcard-category?post=29447"}],"curies":[{"name":"wp","href":"https:\/\/api.w.org\/{rel}","templated":true}]}}