{"id":29446,"date":"2023-05-21T18:57:54","date_gmt":"2023-05-21T17:57:54","guid":{"rendered":"https:\/\/raritywatches.com\/product\/certified-pre-owned-rolex-sky-dweller-oyster-42mm-18-k-or-jaune\/"},"modified":"2023-05-21T18:57:54","modified_gmt":"2023-05-21T17:57:54","slug":"rolex-sky-dweller-oyster-42mm-18-k-or-jaune","status":"publish","type":"product","link":"https:\/\/raritywatches.com\/fr\/produit\/rolex-sky-dweller-oyster-42mm-18-k-or-jaune\/","title":{"rendered":"Certified Pre-Owned Rolex Sky-Dweller Oyster 42mm 18 k. Or jaune"},"content":{"rendered":"","protected":false},"excerpt":{"rendered":"<h5><strong>Certified Pre-Owned Rolex Sky-Dweller Oyster 42mm 18 k. Or jaune<\/strong><\/h5>\n<p>&nbsp;<\/p>\n<table width=\"500\" cellspacing=\"0\" cellpadding=\"0\" bgcolor=\"#ffffff\">\n<tbody>\n<tr>\n<td width=\"500\">\n<p class=\"western\" lang=\"fr-FR\" align=\"left\"><b>Informations de base<\/b><\/p>\n<\/td>\n<td width=\"500\"><\/td>\n<\/tr>\n<tr>\n<td width=\"159\">\n<p class=\"western\" lang=\"fr-FR\"><strong><b>Marque<\/b><\/strong><\/p>\n<\/td>\n<td width=\"341\">\n<p class=\"western\" lang=\"fr-FR\">Rolex<\/p>\n<\/td>\n<\/tr>\n<tr>\n<td width=\"159\">\n<p class=\"western\" lang=\"fr-FR\"><strong><b>Mod\u00e8le<\/b><\/strong><\/p>\n<\/td>\n<td width=\"341\">\n<p class=\"western\" lang=\"fr-FR\">Sky-Dweller<\/p>\n<\/td>\n<\/tr>\n<tr>\n<td width=\"159\">\n<p class=\"western\" lang=\"fr-FR\"><strong><b>Num\u00e9ro de r\u00e9f\u00e9rence<\/b><\/strong><\/p>\n<\/td>\n<td width=\"341\">\n<p class=\"western\" lang=\"fr-FR\">326238<\/p>\n<\/td>\n<\/tr>\n<tr>\n<td width=\"159\">\n<p class=\"western\" lang=\"fr-FR\"><strong><b>Mouvement<\/b><\/strong><\/p>\n<\/td>\n<td width=\"341\">\n<p class=\"western\" lang=\"fr-FR\">Automatique<\/p>\n<\/td>\n<\/tr>\n<tr>\n<td width=\"159\">\n<p class=\"western\" lang=\"fr-FR\"><strong><b>Mat\u00e9rau du boitier<\/b><\/strong><\/p>\n<\/td>\n<td width=\"341\">\n<p class=\"western\" lang=\"fr-FR\">Or Jaune 18k<\/p>\n<\/td>\n<\/tr>\n<tr>\n<td width=\"159\">\n<p class=\"western\" lang=\"fr-FR\"><strong><b>Mat\u00e9riau de Bracelet<\/b><\/strong><\/p>\n<\/td>\n<td width=\"341\">\n<p class=\"western\" lang=\"fr-FR\">Caoutchouc<\/p>\n<\/td>\n<\/tr>\n<tr>\n<td width=\"159\">\n<p class=\"western\" lang=\"fr-FR\"><strong><b>Ann\u00e9e de production<\/b><\/strong><\/p>\n<\/td>\n<td width=\"341\">\n<p class=\"western\" lang=\"fr-FR\">2022<\/p>\n<\/td>\n<\/tr>\n<tr>\n<td width=\"159\">\n<p class=\"western\" lang=\"fr-FR\"><strong><b>Condition<\/b><\/strong><\/p>\n<\/td>\n<td width=\"341\">\n<p class=\"western\" lang=\"fr-FR\">Nouveau<\/p>\n<\/td>\n<\/tr>\n<tr>\n<td width=\"159\">\n<p class=\"western\" lang=\"fr-FR\"><strong><b>Comprend<\/b><\/strong><\/p>\n<\/td>\n<td width=\"341\">\n<p class=\"western\" lang=\"fr-FR\">Boite d\u00b4origine et papiers d\u00b4origine<\/p>\n<\/td>\n<\/tr>\n<tr>\n<td width=\"159\">\n<p class=\"western\" lang=\"fr-FR\"><strong><b>Genre<\/b><\/strong><\/p>\n<\/td>\n<td width=\"341\">\n<p class=\"western\" lang=\"fr-FR\">Montre pour homme\/Unisex<\/p>\n<\/td>\n<\/tr>\n<tr>\n<td width=\"500\">\n<p class=\"western\" lang=\"fr-FR\" align=\"left\"><b>Calibre<\/b><\/p>\n<\/td>\n<td width=\"500\"><\/td>\n<\/tr>\n<tr>\n<td width=\"159\">\n<p class=\"western\" lang=\"fr-FR\"><strong><b>Mouvement<\/b><\/strong><\/p>\n<\/td>\n<td width=\"341\">\n<p class=\"western\" lang=\"fr-FR\">Automatique<\/p>\n<\/td>\n<\/tr>\n<tr>\n<td width=\"159\">\n<p class=\"western\" lang=\"fr-FR\"><strong><b>Mouvement\/Calibre<\/b><\/strong><\/p>\n<\/td>\n<td width=\"341\">\n<p class=\"western\" lang=\"fr-FR\">9001<\/p>\n<\/td>\n<\/tr>\n<tr>\n<td width=\"159\">\n<p class=\"western\" lang=\"fr-FR\"><strong><b>Calibre de base<\/b><\/strong><\/p>\n<\/td>\n<td width=\"341\">\n<p class=\"western\" lang=\"fr-FR\">3135<\/p>\n<\/td>\n<\/tr>\n<tr>\n<td width=\"159\">\n<p class=\"western\" lang=\"fr-FR\"><strong><b>Reserve de marche<\/b><\/strong><\/p>\n<\/td>\n<td width=\"341\">\n<p class=\"western\" lang=\"fr-FR\">72 h<\/p>\n<\/td>\n<\/tr>\n<tr>\n<td width=\"159\">\n<p class=\"western\" lang=\"fr-FR\"><strong><b>Nombre de joyaux<\/b><\/strong><\/p>\n<\/td>\n<td width=\"341\">\n<p class=\"western\" lang=\"fr-FR\">40<\/p>\n<\/td>\n<\/tr>\n<tr>\n<td width=\"500\">\n<p class=\"western\" lang=\"fr-FR\" align=\"left\"><b>Le Bo\u00eetier<\/b><\/p>\n<\/td>\n<td width=\"500\"><\/td>\n<\/tr>\n<tr>\n<td width=\"159\">\n<p class=\"western\" lang=\"fr-FR\"><strong><b>Mat\u00e9rau du boitier<\/b><\/strong><\/p>\n<\/td>\n<td width=\"341\">\n<p class=\"western\" lang=\"fr-FR\">Or Jaune 18k<\/p>\n<\/td>\n<\/tr>\n<tr>\n<td width=\"159\">\n<p class=\"western\" lang=\"fr-FR\"><strong><b>Diam\u00e8tre du boitier<\/b><\/strong><\/p>\n<\/td>\n<td width=\"341\">\n<p class=\"western\" lang=\"fr-FR\">42 mm<\/p>\n<\/td>\n<\/tr>\n<tr>\n<td width=\"159\">\n<p class=\"western\" lang=\"fr-FR\"><strong><b>Resistance \u00e0 l\u00b4eau<\/b><\/strong><\/p>\n<\/td>\n<td width=\"341\">\n<p class=\"western\" lang=\"fr-FR\">10 ATM<\/p>\n<\/td>\n<\/tr>\n<tr>\n<td width=\"159\">\n<p class=\"western\" lang=\"fr-FR\"><strong><b>Mat\u00e9riau de la lunette<\/b><\/strong><\/p>\n<\/td>\n<td width=\"341\">\n<p class=\"western\" lang=\"fr-FR\">Or Jaune 18k<\/p>\n<\/td>\n<\/tr>\n<tr>\n<td width=\"159\">\n<p class=\"western\" lang=\"fr-FR\"><strong><b>Crystal<\/b><\/strong><\/p>\n<\/td>\n<td width=\"341\">\n<p class=\"western\" lang=\"fr-FR\">Crystal sapphire<\/p>\n<\/td>\n<\/tr>\n<tr>\n<td width=\"159\">\n<p class=\"western\" lang=\"fr-FR\"><strong><b>Cadran<\/b><\/strong><\/p>\n<\/td>\n<td width=\"341\">\n<p class=\"western\" lang=\"fr-FR\">Blanc<\/p>\n<\/td>\n<\/tr>\n<tr>\n<td width=\"159\">\n<p class=\"western\" lang=\"fr-FR\"><strong><b>Chiffres de cadran<\/b><\/strong><\/p>\n<\/td>\n<td width=\"341\">\n<p class=\"western\" lang=\"fr-FR\">Pas de chiffres<\/p>\n<\/td>\n<\/tr>\n<tr>\n<td width=\"500\">\n<p class=\"western\" lang=\"fr-FR\" align=\"left\"><b>Bracelet<\/b><\/p>\n<\/td>\n<td width=\"500\"><\/td>\n<\/tr>\n<tr>\n<td width=\"159\">\n<p class=\"western\" lang=\"fr-FR\"><strong><b>Mat\u00e9riau de Bracelet<\/b><\/strong><\/p>\n<\/td>\n<td width=\"341\">\n<p class=\"western\" lang=\"fr-FR\">Caoutchouc<\/p>\n<\/td>\n<\/tr>\n<tr>\n<td width=\"159\">\n<p class=\"western\" lang=\"fr-FR\"><strong><b>Couleur Bracelet<\/b><\/strong><\/p>\n<\/td>\n<td width=\"341\">\n<p class=\"western\" lang=\"fr-FR\">Noir<\/p>\n<\/td>\n<\/tr>\n<tr>\n<td width=\"159\">\n<p class=\"western\" lang=\"fr-FR\"><strong><b>Fermoir<\/b><\/strong><\/p>\n<\/td>\n<td width=\"341\">\n<p class=\"western\" lang=\"fr-FR\">Boucle d\u00e9ployante<\/p>\n<\/td>\n<\/tr>\n<tr>\n<td width=\"159\">\n<p class=\"western\" lang=\"fr-FR\"><strong><b>Mat\u00e9riau fermoir<\/b><\/strong><\/p>\n<\/td>\n<td width=\"341\">\n<p class=\"western\" lang=\"fr-FR\">Or Jaune 18k<\/p>\n<\/td>\n<\/tr>\n<\/tbody>\n<\/table>\n<p><strong>Price : sur demande<\/strong><\/p>\n<p>&nbsp;<\/p>\n","protected":false},"featured_media":29173,"comment_status":"open","ping_status":"closed","template":"","meta":{"om_disable_all_campaigns":false,"_monsterinsights_skip_tracking":false,"_monsterinsights_sitenote_active":false,"_monsterinsights_sitenote_note":"","_monsterinsights_sitenote_category":0},"product_brand":[],"product_cat":[592,589],"product_tag":[591,593],"giftcard-category":[],"class_list":{"0":"post-29446","1":"product","2":"type-product","3":"status-publish","4":"has-post-thumbnail","6":"product_cat-certified-pre-owned","7":"product_cat-rolex-oyster-lounge-fr","8":"product_tag-certified-pre-owned-fr","9":"product_tag-rolex-fr","11":"first","12":"outofstock","13":"featured","14":"purchasable","15":"product-type-simple"},"aioseo_notices":[],"_links":{"self":[{"href":"https:\/\/raritywatches.com\/fr\/wp-json\/wp\/v2\/product\/29446","targetHints":{"allow":["GET"]}}],"collection":[{"href":"https:\/\/raritywatches.com\/fr\/wp-json\/wp\/v2\/product"}],"about":[{"href":"https:\/\/raritywatches.com\/fr\/wp-json\/wp\/v2\/types\/product"}],"replies":[{"embeddable":true,"href":"https:\/\/raritywatches.com\/fr\/wp-json\/wp\/v2\/comments?post=29446"}],"version-history":[{"count":0,"href":"https:\/\/raritywatches.com\/fr\/wp-json\/wp\/v2\/product\/29446\/revisions"}],"wp:featuredmedia":[{"embeddable":true,"href":"https:\/\/raritywatches.com\/fr\/wp-json\/wp\/v2\/media\/29173"}],"wp:attachment":[{"href":"https:\/\/raritywatches.com\/fr\/wp-json\/wp\/v2\/media?parent=29446"}],"wp:term":[{"taxonomy":"product_brand","embeddable":true,"href":"https:\/\/raritywatches.com\/fr\/wp-json\/wp\/v2\/product_brand?post=29446"},{"taxonomy":"product_cat","embeddable":true,"href":"https:\/\/raritywatches.com\/fr\/wp-json\/wp\/v2\/product_cat?post=29446"},{"taxonomy":"product_tag","embeddable":true,"href":"https:\/\/raritywatches.com\/fr\/wp-json\/wp\/v2\/product_tag?post=29446"},{"taxonomy":"giftcard-category","embeddable":true,"href":"https:\/\/raritywatches.com\/fr\/wp-json\/wp\/v2\/giftcard-category?post=29446"}],"curies":[{"name":"wp","href":"https:\/\/api.w.org\/{rel}","templated":true}]}}