{"id":29157,"date":"2023-05-18T11:01:47","date_gmt":"2023-05-18T10:01:47","guid":{"rendered":"https:\/\/raritywatches.com\/product\/epos-4390-north-star\/"},"modified":"2023-05-18T11:01:47","modified_gmt":"2023-05-18T10:01:47","slug":"epos-4390-north-star","status":"publish","type":"product","link":"https:\/\/raritywatches.com\/fr\/produit\/epos-4390-north-star\/","title":{"rendered":"Epos 4390 North Star"},"content":{"rendered":"","protected":false},"excerpt":{"rendered":"<h1 class=\"product_title entry-title\">Epos 4390 North Star<\/h1>\n<p>Suivez l&#8217;\u00e9toile polaire. Montre automatique pour dames avec de vrais diamants et un design de ciel nocturne lumineux, avec l&#8217;\u00e9toile polaire en guise de guide.<\/p>\n<div class=\"BoxFormats wpb_column vc_column_container vc_col-sm-4\">\n<div class=\"vc_column-inner\">\n<div class=\"wpb_wrapper\">\n<div class=\"vc_separator wpb_content_element vc_separator_align_left vc_sep_width_100 vc_sep_pos_align_center vc_sep_color_grey vc_separator-has-text\">\n<h4>Le cadran<\/h4>\n<\/div>\n<div class=\"wpb_single_image wpb_content_element vc_align_left\">\n<figure class=\"wpb_wrapper vc_figure\">\n<div class=\"vc_single_image-wrapper vc_box_border_grey\"><img decoding=\"async\" class=\"vc_single_image-img lazyload\" data-src=\"https:\/\/epos.ch\/wp-content\/uploads\/details\/4390.152.20.96.15_D1.jpg\" src=\"data:image\/gif;base64,R0lGODlhAQABAAAAACH5BAEKAAEALAAAAAABAAEAAAICTAEAOw==\"><\/div>\n<\/figure>\n<\/div>\n<div class=\"wpb_text_column wpb_content_element \">\n<div class=\"wpb_wrapper\">\n<p>Cadran bleu soleill\u00e9 avec 11 diamants v\u00e9ritables en guise d&#8217;index. Motif du ciel nocturne avec des \u00e9toiles lumineuses et l&#8217;\u00e9toile polaire en son centre.<\/p>\n<\/div>\n<\/div>\n<\/div>\n<\/div>\n<\/div>\n<div class=\"BoxFormats wpb_column vc_column_container vc_col-sm-4\">\n<div class=\"vc_column-inner\">\n<div class=\"wpb_wrapper\">\n<div class=\"vc_separator wpb_content_element vc_separator_align_left vc_sep_width_100 vc_sep_pos_align_center vc_sep_color_grey vc_separator-has-text\">\n<h4>Le mouvement<\/h4>\n<\/div>\n<div class=\"wpb_single_image wpb_content_element vc_align_left\">\n<figure class=\"wpb_wrapper vc_figure\">\n<div class=\"vc_single_image-wrapper vc_box_border_grey\"><img decoding=\"async\" class=\"vc_single_image-img lazyload\" data-src=\"https:\/\/epos.ch\/wp-content\/uploads\/details\/4390.152.20.96.15_D2.jpg\" src=\"data:image\/gif;base64,R0lGODlhAQABAAAAACH5BAEKAAEALAAAAAABAAEAAAICTAEAOw==\"><\/div>\n<\/figure>\n<\/div>\n<div class=\"wpb_text_column wpb_content_element \">\n<div class=\"wpb_wrapper\">\n<p>Mouvement ETA 2892-A2 haut de gamme enti\u00e8rement d\u00e9cor\u00e9, visible \u00e0 travers le fond transparent. Mouvement et rotor d\u00e9cor\u00e9s d&#8217;un motif de perlage \u00e9labor\u00e9.<\/p>\n<\/div>\n<\/div>\n<\/div>\n<\/div>\n<\/div>\n<div class=\"BoxFormats wpb_column vc_column_container vc_col-sm-4\">\n<div class=\"vc_column-inner\">\n<div class=\"wpb_wrapper\">\n<div class=\"vc_separator wpb_content_element vc_separator_align_left vc_sep_width_100 vc_sep_pos_align_center vc_sep_color_grey vc_separator-has-text\">\n<h4>Le Bo\u00eetier<\/h4>\n<\/div>\n<div class=\"wpb_single_image wpb_content_element vc_align_left\">\n<figure class=\"wpb_wrapper vc_figure\">\n<div class=\"vc_single_image-wrapper vc_box_border_grey\"><img decoding=\"async\" class=\"vc_single_image-img lazyload\" data-src=\"https:\/\/epos.ch\/wp-content\/uploads\/details\/4390.152.20.96.15_D3.jpg\" src=\"data:image\/gif;base64,R0lGODlhAQABAAAAACH5BAEKAAEALAAAAAABAAEAAAICTAEAOw==\"><\/div>\n<\/figure>\n<\/div>\n<div class=\"wpb_text_column wpb_content_element \">\n<div class=\"wpb_wrapper\">\n<p>Conception sophistiqu\u00e9e du bo\u00eetier Emotion. Parfaitement polies, les rainures signature Emotion sur les flancs du bo\u00eetier et le bracelet viss\u00e9.<\/p>\n<\/div>\n<\/div>\n<\/div>\n<\/div>\n<\/div>\n","protected":false},"featured_media":29074,"comment_status":"open","ping_status":"closed","template":"","meta":{"om_disable_all_campaigns":false,"_monsterinsights_skip_tracking":false,"_monsterinsights_sitenote_active":false,"_monsterinsights_sitenote_note":"","_monsterinsights_sitenote_category":0},"product_brand":[],"product_cat":[579],"product_tag":[578,407],"giftcard-category":[],"class_list":{"0":"post-29157","1":"product","2":"type-product","3":"status-publish","4":"has-post-thumbnail","6":"product_cat-epos-ladies-fr","7":"product_tag-ladies-dress-watches-fr","8":"product_tag-montres-pour-dames","10":"first","11":"onbackorder","12":"taxable","13":"shipping-taxable","14":"product-type-simple"},"aioseo_notices":[],"_links":{"self":[{"href":"https:\/\/raritywatches.com\/fr\/wp-json\/wp\/v2\/product\/29157","targetHints":{"allow":["GET"]}}],"collection":[{"href":"https:\/\/raritywatches.com\/fr\/wp-json\/wp\/v2\/product"}],"about":[{"href":"https:\/\/raritywatches.com\/fr\/wp-json\/wp\/v2\/types\/product"}],"replies":[{"embeddable":true,"href":"https:\/\/raritywatches.com\/fr\/wp-json\/wp\/v2\/comments?post=29157"}],"version-history":[{"count":0,"href":"https:\/\/raritywatches.com\/fr\/wp-json\/wp\/v2\/product\/29157\/revisions"}],"wp:featuredmedia":[{"embeddable":true,"href":"https:\/\/raritywatches.com\/fr\/wp-json\/wp\/v2\/media\/29074"}],"wp:attachment":[{"href":"https:\/\/raritywatches.com\/fr\/wp-json\/wp\/v2\/media?parent=29157"}],"wp:term":[{"taxonomy":"product_brand","embeddable":true,"href":"https:\/\/raritywatches.com\/fr\/wp-json\/wp\/v2\/product_brand?post=29157"},{"taxonomy":"product_cat","embeddable":true,"href":"https:\/\/raritywatches.com\/fr\/wp-json\/wp\/v2\/product_cat?post=29157"},{"taxonomy":"product_tag","embeddable":true,"href":"https:\/\/raritywatches.com\/fr\/wp-json\/wp\/v2\/product_tag?post=29157"},{"taxonomy":"giftcard-category","embeddable":true,"href":"https:\/\/raritywatches.com\/fr\/wp-json\/wp\/v2\/giftcard-category?post=29157"}],"curies":[{"name":"wp","href":"https:\/\/api.w.org\/{rel}","templated":true}]}}