{"id":27468,"date":"2023-02-08T12:04:39","date_gmt":"2023-02-08T11:04:39","guid":{"rendered":"https:\/\/raritywatches.com\/product\/gotham-city-noir-dlc-titane\/"},"modified":"2023-05-13T14:07:39","modified_gmt":"2023-05-13T13:07:39","slug":"gotham-city-black-dlc-titanium","status":"publish","type":"product","link":"https:\/\/raritywatches.com\/fr\/produit\/gotham-city-black-dlc-titanium\/","title":{"rendered":"Jacob&amp;Co Gotham City Black DLC Titanium"},"content":{"rendered":"","protected":false},"excerpt":{"rendered":"<section id=\"hero---image-with-callouts-487239\" class=\"layout-hero-image-callouts\" data-page-id=\"487239\" data-theme=\"\" data-layout-id=\"6600\" data-title=\"Hero - Image with Callouts\">\n<div class=\"width-container\">\n<div class=\"callout-container\">\n<h1 class=\"page-title\">Gotham City Noir DLC Titane<\/h1>\n<\/div>\n<\/div>\n<\/section>\n<section id=\"story-487240\" class=\"layout-single-content-image\" data-page-id=\"487240\" data-theme=\"\" data-layout-id=\"6596\" data-title=\"Story\">\n<div class=\"width-container\">\n<div class=\"image-column\">\n<div class=\"play-btn js-modal-controller\" data-channel=\"vimeo\" data-video-id=\"687194237\"><\/div>\n<\/div>\n<\/div>\n<\/section>\n<section id=\"the-strap-487254\" class=\"layout-single-content-image\" data-page-id=\"487254\" data-theme=\"\" data-layout-id=\"6596\" data-title=\"The strap\">\n<div class=\"width-container\">\n<div class=\"content-column inview-cascade-fade-up inview\">\n<div class=\"content-container\">\n<section id=\"story-487240\" class=\"layout-single-content-image\" data-page-id=\"487240\" data-theme=\"\" data-layout-id=\"6596\" data-title=\"Story\">\n<div class=\"width-container\">\n<div class=\"content-column inview-cascade-fade-up inview\">\n<h2 class=\"section-title\">Histoire<\/h2>\n<div class=\"content-container\">\n<p>En 2022, Jacob &amp; Co. s&#8217;associe avec le g\u00e9ant de la bande dessin\u00e9e DC Comics pour concevoir un tout nouveau garde-temps. Gotham City est une montre sur le th\u00e8me de Batman qui s&#8217;inspire des go\u00fbts et pr\u00e9f\u00e9rences personnels de Jacob Arabo. Il est un fan de Batman, tout comme Benjamin Arabov, le PDG de Jacob &amp; Co. Ce garde-temps est le r\u00e9sultat d&#8217;une profonde implication individuelle et un symbole de ce que repr\u00e9sente Batman. Dans l&#8217;esprit du cr\u00e9ateur Bob Kane, la verticale et sombre Gotham City est un substitut de la ville de New York, d&#8217;o\u00f9 Jacob &amp; Co. a \u00e9t\u00e9 cr\u00e9\u00e9 et op\u00e8re.<\/p>\n<p>La ville de Gotham est destin\u00e9e \u00e0 un public de Jacob &amp; Co. qui correspond aussi \u00e0 son identit\u00e9 secr\u00e8te : celle d&#8217;un milliardaire playboy, nonchalant et dou\u00e9 d&#8217;un tr\u00e8s bon go\u00fbt. La dualit\u00e9 du personnage de la bande dessin\u00e9e invent\u00e9e par Bob Kane est approfondie dans la ville de Gotham City. La version Black DLC de la Gotham City est \u00e9dit\u00e9e en s\u00e9rie limit\u00e9e de 36 pi\u00e8ces.<\/p>\n<\/div>\n<div class=\"buttons-container\"><\/div>\n<\/div>\n<\/div>\n<\/section>\n<section id=\"a-metaphorical-tool-487244\" class=\"layout-single-content-image\" data-page-id=\"487244\" data-theme=\"\" data-layout-id=\"6596\" data-title=\"A metaphorical tool\">\n<div class=\"width-container\">\n<div class=\"image-column\"><img decoding=\"async\" class=\"content-image lazyload\" data-src=\"https:\/\/transform.octanecdn.com\/crop\/700x650\/https:\/\/dynamix-cdn.s3.amazonaws.com\/jacobandcocom\/jacobandcocom_736653032.jpg\" alt=\"Gros plan sur le tableau de bord d'une voiture\" src=\"data:image\/gif;base64,R0lGODlhAQABAAAAACH5BAEKAAEALAAAAAABAAEAAAICTAEAOw==\"><\/div>\n<div class=\"content-column inview-cascade-fade-up inview\">\n<h2 class=\"section-title\">Un outil m\u00e9taphorique<\/h2>\n<div class=\"content-container\">\n<p>Comme la ville dont elle porte le nom, Gotham City est une construction architecturale. Son mouvement, son bo\u00eetier, sa structure en couches sont le r\u00e9sultat d&#8217;un processus de conception complet et avanc\u00e9. Elle va au-del\u00e0 de l&#8217;esth\u00e9tique pour entrer dans le domaine du symbolisme. Chaque partie de la montre, qu&#8217;elle soit visible ou cach\u00e9e, est porteuse de sens. Une capsule symbolique, elle honore Batman et tout ce qu&#8217;il repr\u00e9sente.<\/p>\n<p>La couronne est recouverte d&#8217;un \u00e9lastique en forme de pneus de la Batmobile. La forme des cornes est cens\u00e9e ressembler au design \u00e0 multiples facettes de la combinaison Batsuit. Les cages du tourbillon volant sont en forme de grappin. Et, bien en \u00e9vidence, la partie centrale du cadran est taill\u00e9e dans une dalle d&#8217;onyx dorsal et fa\u00e7onn\u00e9e comme l&#8217;embl\u00e8me de Batman. Soulign\u00e9 par un contour en n\u00e9oralithe qui brille en bleu dans l&#8217;obscurit\u00e9, il s&#8217;agit d&#8217;un hommage au BatSignal.<\/p>\n<\/div>\n<div class=\"buttons-container\"><\/div>\n<\/div>\n<\/div>\n<\/section>\n<section id=\"the-movement-487245\" class=\"layout-single-content-image\" data-page-id=\"487245\" data-theme=\"\" data-layout-id=\"6596\" data-title=\"The movement\">\n<div class=\"width-container\">\n<div class=\"image-column\"><img decoding=\"async\" class=\"content-image lazyload\" data-src=\"https:\/\/transform.octanecdn.com\/crop\/700x650\/https:\/\/dynamix-cdn.s3.amazonaws.com\/jacobandcocom\/jacobandcocom_976710891.jpg\" alt=\"Gros plan sur le tableau de bord d'une voiture\" src=\"data:image\/gif;base64,R0lGODlhAQABAAAAACH5BAEKAAEALAAAAAABAAEAAAICTAEAOw==\"><\/div>\n<div class=\"content-column inview-cascade-fade-up inview\">\n<h2 class=\"section-title\">Le mouvement<\/h2>\n<div class=\"content-container\">\n<p>Le calibre JCFM10 pr\u00e9sente des heures et des minutes d\u00e9centr\u00e9es, une r\u00e9serve de marche de 48 heures et est r\u00e9gl\u00e9 par deux tourbillons volants s\u00e9quentiels \u00e0 trois axes situ\u00e9s \u00e0 5 et 7 heures. Sa nature technique tr\u00e8s avanc\u00e9e est \u00e0 la hauteur de la panoplie technologique d&#8217;outils, de dispositifs, de machines et d&#8217;\u00e9quipements dont dispose Batman.<\/p>\n<p>Ce calibre de 382 composants s&#8217;inscrit \u00e9galement dans une ambition plus large. Comme tout ce qui compose ce garde-temps, son design est un hommage aux symboles et aux caract\u00e9ristiques de Batman. La fa\u00e7on dont les cages du tourbillon sont con\u00e7ues, le fait qu&#8217;elles passent du gris au noir absolu lorsqu&#8217;elles tournent, le pont en forme de chauve-souris qui occupe la majeure partie du dos du mouvement, tout cela est porteur de sens et participe \u00e0 faire de ce garde-temps une partie de la bo\u00eete \u00e0 outils du Chevalier Noir.<\/p>\n<\/div>\n<div class=\"buttons-container\"><\/div>\n<\/div>\n<\/div>\n<\/section>\n<section id=\"the-tourbillons-487246\" class=\"layout-single-content-image\" data-page-id=\"487246\" data-theme=\"\" data-layout-id=\"6596\" data-title=\"The tourbillons\">\n<div class=\"width-container\">\n<div class=\"image-column\"><img decoding=\"async\" class=\"content-image lazyload\" data-src=\"https:\/\/transform.octanecdn.com\/crop\/700x650\/https:\/\/dynamix-cdn.s3.amazonaws.com\/jacobandcocom\/jacobandcocom_612665840.jpg\" alt=\"un gros plan d'une roue de voiture\" src=\"data:image\/gif;base64,R0lGODlhAQABAAAAACH5BAEKAAEALAAAAAABAAEAAAICTAEAOw==\"><\/div>\n<div class=\"content-column inview-cascade-fade-up inview\">\n<h2 class=\"section-title\">Les tourbillons<\/h2>\n<div class=\"content-container\">\n<p>Le calibre JCFM10 comporte une paire de tourbillons volants \u00e0 haute vitesse, s\u00e9quentiels, \u00e0 triple axe. Chacun d&#8217;entre eux tourne le long de trois axes diff\u00e9rents. Chaque axe entra\u00eene une cage s\u00e9par\u00e9e. La premi\u00e8re, la plus ext\u00e9rieure, fait un tour complet en 180 secondes, la deuxi\u00e8me en 24 secondes et la troisi\u00e8me, la plus proche du balancier 3 Hz, en 48 secondes. Par rapport \u00e0 la rotation traditionnelle d&#8217;une minute d&#8217;un tourbillon plat, et \u00e0 de nombreux tourbillons multi-axes, 24 et 48 secondes sont des chiffres tr\u00e8s \u00e9lev\u00e9s. Cela explique pourquoi Jacob &amp; Co. les appelle des tourbillons \u00e0 grande vitesse.<\/p>\n<p>Mont\u00e9 sur la roue qui entra\u00eene le tourbillon, un ressort accumule l&#8217;\u00e9nergie pour permettre aux cages de sauter en avant. Ils ne se d\u00e9placent pas seulement par petits mouvements incr\u00e9mentiels, mais par grands mouvements, cr\u00e9ant une s\u00e9rie de mouvements s\u00e9quentiels, tr\u00e8s visibles, avec des pauses entre eux.<\/p>\n<p>Les tourbillons du calibre JCFM10 n&#8217;ont pas de pont sup\u00e9rieur. Leur seul ancrage dans la platine en chrome noir se fait par le dessous, ce qui en fait des tourbillons volants.<\/p>\n<\/div>\n<div class=\"buttons-container\"><\/div>\n<\/div>\n<\/div>\n<\/section>\n<section id=\"the-dial-487249\" class=\"layout-single-content-image\" data-page-id=\"487249\" data-theme=\"\" data-layout-id=\"6596\" data-title=\"The dial\">\n<div class=\"width-container\">\n<div class=\"image-column\"><img decoding=\"async\" class=\"content-image lazyload\" data-src=\"https:\/\/transform.octanecdn.com\/crop\/700x650\/https:\/\/dynamix-cdn.s3.amazonaws.com\/jacobandcocom\/jacobandcocom_275168939.jpg\" alt=\"un gros plan d'une roue de voiture\" src=\"data:image\/gif;base64,R0lGODlhAQABAAAAACH5BAEKAAEALAAAAAABAAEAAAICTAEAOw==\"><\/div>\n<div class=\"content-column inview-cascade-fade-up inview\">\n<h2 class=\"section-title\">Le cadran<\/h2>\n<div class=\"content-container\">\n<p>Cette surface centrale, qui constitue la plus grande partie du cadran Gotham City, a la forme de l&#8217;embl\u00e8me de la chauve-souris. Elle a \u00e9t\u00e9 taill\u00e9e dans une dalle d&#8217;onyx massif, une pierre dure parfaitement noire, et polie. Elle a \u00e9t\u00e9 soulign\u00e9e par un contour en n\u00e9oralithe. Ce composite est color\u00e9 en jaune, l&#8217;autre couleur de Batman, et contient du SuperLumiNova. Il brille bleu dans le noir.<\/p>\n<p>Ensemble, ces deux attributs sont un clin d&#8217;\u0153il au Batsignal : projeter une ombre dans l&#8217;obscurit\u00e9 \u00e0 l&#8217;aide de la lumi\u00e8re, un autre clin d&#8217;\u0153il \u00e0 la nature ambigu\u00eb de Batman.<\/p>\n<\/div>\n<div class=\"buttons-container\"><\/div>\n<\/div>\n<\/div>\n<\/section>\n<section id=\"the-case-487250\" class=\"layout-single-content-image\" data-page-id=\"487250\" data-theme=\"\" data-layout-id=\"6596\" data-title=\"The case\">\n<div class=\"width-container\">\n<div class=\"image-column\"><img decoding=\"async\" class=\"content-image lazyload\" data-src=\"https:\/\/transform.octanecdn.com\/crop\/700x650\/https:\/\/dynamix-cdn.s3.amazonaws.com\/jacobandcocom\/jacobandcocom_286805684.jpg\" alt=\"un gros plan sur le tableau de bord d'une voiture\" src=\"data:image\/gif;base64,R0lGODlhAQABAAAAACH5BAEKAAEALAAAAAABAAEAAAICTAEAOw==\"><\/div>\n<div class=\"content-column inview-cascade-fade-up inview\">\n<h2 class=\"section-title\">L&#8217;affaire<\/h2>\n<div class=\"content-container\">\n<p>Le bo\u00eetier de Gotham City mesure 45,5 mm de diam\u00e8tre et 17,2 mm d&#8217;\u00e9paisseur, en grande partie gr\u00e2ce \u00e0 la r\u00e9volution compl\u00e8te des tourbillons \u00e0 trois axes. Il est fait de titane noir DLC. Le titane est l\u00e9ger et dur au d\u00e9part, et il est utilis\u00e9 dans de nombreuses applications de pointe et de l&#8217;espace a\u00e9rien. Le DLC est une technologie qui recouvre le m\u00e9tal d&#8217;un r\u00e9seau d&#8217;atomes de carbone imitant la structure cristalline cubique parfaite qui conf\u00e8re au diamant une r\u00e9sistance extr\u00eame \u00e0 l&#8217;usure.<\/p>\n<p>Le design \u00e0 multiples facettes des cornes s&#8217;inspire de plusieurs caract\u00e9ristiques de Batman, comme ses v\u00e9hicules et son masque. Le bo\u00eetier en titane a \u00e9t\u00e9 enti\u00e8rement fini avec des techniques qui le rendent mat. Le sablage et le brossage horizontal suppriment toute trace de brillance et de polissage.<\/p>\n<\/div>\n<div class=\"buttons-container\"><\/div>\n<\/div>\n<\/div>\n<\/section>\n<section id=\"the-caseback-487252\" class=\"layout-single-content-image\" data-page-id=\"487252\" data-theme=\"\" data-layout-id=\"6596\" data-title=\"The caseback\">\n<div class=\"width-container\">\n<div class=\"image-column\"><img decoding=\"async\" class=\"content-image lazyload\" data-src=\"https:\/\/transform.octanecdn.com\/crop\/700x650\/https:\/\/dynamix-cdn.s3.amazonaws.com\/jacobandcocom\/jacobandcocom_249436920.jpg\" alt=\"un objet circulaire noir et jaune\" src=\"data:image\/gif;base64,R0lGODlhAQABAAAAACH5BAEKAAEALAAAAAABAAEAAAICTAEAOw==\"><\/div>\n<div class=\"content-column inview-cascade-fade-up inview\">\n<h2 class=\"section-title\">Le fond du bo\u00eetier<\/h2>\n<div class=\"content-container\">\n<p>Le dos de Gotham City est couvert d&#8217;un dessin de signature. La figurine de Batman utilis\u00e9e par Jacob &amp; Co. provient d&#8217;un \u00e9pisode de 2003 \u00e9crit par Jim Lee. Peut-\u00eatre l&#8217;artiste le plus influent de Batman au cours des 20 derni\u00e8res ann\u00e9es, Lee a cr\u00e9\u00e9 un portrait s\u00e9minal et sans compromis du Chevalier Noir. Son rendu est une prouesse artisanale en soi.<\/p>\n<p>Le dessous d&#8217;une plaque de saphir est grav\u00e9 au laser d&#8217;un dessin de Batman et des signatures habituelles de la marque, celle de Jacob &amp; Co. et celle de DC comics. Les parties creuses de la plaque sont remplies de laque noire et le reste de laque jaune.<\/p>\n<\/div>\n<div class=\"buttons-container\"><\/div>\n<\/div>\n<\/div>\n<\/section>\n<section id=\"the-strap-487254\" class=\"layout-single-content-image\" data-page-id=\"487254\" data-theme=\"\" data-layout-id=\"6596\" data-title=\"The strap\">\n<div class=\"width-container\">\n<div class=\"image-column\"><img decoding=\"async\" class=\"content-image lazyload\" data-src=\"https:\/\/transform.octanecdn.com\/crop\/700x650\/https:\/\/dynamix-cdn.s3.amazonaws.com\/jacobandcocom\/jacobandcocom_999232880.jpg\" alt=\"logo\" src=\"data:image\/gif;base64,R0lGODlhAQABAAAAACH5BAEKAAEALAAAAAABAAEAAAICTAEAOw==\"><\/div>\n<div class=\"content-column inview-cascade-fade-up inview\">\n<h2 class=\"section-title\">Le bracelet<\/h2>\n<div class=\"content-container\">\n<p>La derni\u00e8re partie de l&#8217;ensemble des traits de conception de l&#8217;hommage \u00e0 Gotham City est le bracelet en caoutchouc qui le fixe. Ce dernier hommage \u00e0 Batman est une allusion directe \u00e0 la couleur jaune et noire du cadran. La partie en contact avec la peau est en caoutchouc jaune textur\u00e9. Sa surface a \u00e9t\u00e9 con\u00e7ue pour am\u00e9liorer le confort et la facilit\u00e9 de port.<\/p>\n<p>La partie sup\u00e9rieure est con\u00e7ue comme du nylon balistique, un type de tissu que l&#8217;on trouve dans les gilets pare-balles et les \u00e9quipements textiles de pointe. Un clin d&#8217;\u0153il \u00e0 la cape dont se drape Batman.<\/p>\n<h2><strong><span style=\"color: #ff0000;\"><a style=\"color: #ff0000;\"href=\"https:\/\/raritywatches.com\/contact-customer-service\"><u>Contactez le service client\u00e8le pour cette montre<\/a><\/span><\/strong><\/h2>\n<\/div>\n<\/div>\n<\/div>\n<\/section>\n<\/div>\n<\/div>\n<\/div>\n<\/section>\n","protected":false},"featured_media":27499,"comment_status":"open","ping_status":"closed","template":"","meta":{"om_disable_all_campaigns":false,"_monsterinsights_skip_tracking":false,"_monsterinsights_sitenote_active":false,"_monsterinsights_sitenote_note":"","_monsterinsights_sitenote_category":0},"product_brand":[],"product_cat":[412],"product_tag":[465,463,398],"giftcard-category":[],"class_list":{"0":"post-27468","1":"product","2":"type-product","3":"status-publish","4":"has-post-thumbnail","6":"product_cat-jacob-co-fr","7":"product_tag-montres-comics","8":"product_tag-montres-de-films-cultes","9":"product_tag-montres-en-edition-limitee","11":"first","12":"instock","13":"taxable","14":"shipping-taxable","15":"purchasable","16":"product-type-simple"},"aioseo_notices":[],"_links":{"self":[{"href":"https:\/\/raritywatches.com\/fr\/wp-json\/wp\/v2\/product\/27468","targetHints":{"allow":["GET"]}}],"collection":[{"href":"https:\/\/raritywatches.com\/fr\/wp-json\/wp\/v2\/product"}],"about":[{"href":"https:\/\/raritywatches.com\/fr\/wp-json\/wp\/v2\/types\/product"}],"replies":[{"embeddable":true,"href":"https:\/\/raritywatches.com\/fr\/wp-json\/wp\/v2\/comments?post=27468"}],"version-history":[{"count":4,"href":"https:\/\/raritywatches.com\/fr\/wp-json\/wp\/v2\/product\/27468\/revisions"}],"predecessor-version":[{"id":29010,"href":"https:\/\/raritywatches.com\/fr\/wp-json\/wp\/v2\/product\/27468\/revisions\/29010"}],"wp:featuredmedia":[{"embeddable":true,"href":"https:\/\/raritywatches.com\/fr\/wp-json\/wp\/v2\/media\/27499"}],"wp:attachment":[{"href":"https:\/\/raritywatches.com\/fr\/wp-json\/wp\/v2\/media?parent=27468"}],"wp:term":[{"taxonomy":"product_brand","embeddable":true,"href":"https:\/\/raritywatches.com\/fr\/wp-json\/wp\/v2\/product_brand?post=27468"},{"taxonomy":"product_cat","embeddable":true,"href":"https:\/\/raritywatches.com\/fr\/wp-json\/wp\/v2\/product_cat?post=27468"},{"taxonomy":"product_tag","embeddable":true,"href":"https:\/\/raritywatches.com\/fr\/wp-json\/wp\/v2\/product_tag?post=27468"},{"taxonomy":"giftcard-category","embeddable":true,"href":"https:\/\/raritywatches.com\/fr\/wp-json\/wp\/v2\/giftcard-category?post=27468"}],"curies":[{"name":"wp","href":"https:\/\/api.w.org\/{rel}","templated":true}]}}