{"id":27237,"date":"2023-01-30T13:44:03","date_gmt":"2023-01-30T12:44:03","guid":{"rendered":"https:\/\/raritywatches.com\/product\/epos-3440-big-moon\/"},"modified":"2023-01-30T13:50:22","modified_gmt":"2023-01-30T13:50:22","slug":"epos-3440-big-moon","status":"publish","type":"product","link":"https:\/\/raritywatches.com\/fr\/produit\/epos-3440-big-moon\/","title":{"rendered":"Epos 3440 Big Moon"},"content":{"rendered":"","protected":false},"excerpt":{"rendered":"<h1>Epos 3440 Big Moon<\/h1>\n<p>Montre automatique \u00e0 phase de lune avec modification interne de la grande lune avec grande lune et \u00e9toiles luminescentes.<\/p>\n<p><span class=\"desctitle\">R\u00e9f\u00e9rence : <\/span><span class=\"descvalue\">3440.322.20.16.25<\/span><\/p>\n<p>&nbsp;<\/p>\n<div class=\"BoxFormats wpb_column vc_column_container vc_col-sm-4\">\n<div class=\"vc_column-inner\">\n<div class=\"wpb_wrapper\">\n<div class=\"vc_separator wpb_content_element vc_separator_align_left vc_sep_width_100 vc_sep_pos_align_center vc_sep_color_grey vc_separator-has-text\">\n<h4>La fonction sp\u00e9ciale<\/h4>\n<\/div>\n<div class=\"wpb_single_image wpb_content_element vc_align_left\">\n<figure class=\"wpb_wrapper vc_figure\">\n<div class=\"vc_single_image-wrapper vc_box_border_grey\"><img decoding=\"async\" class=\"vc_single_image-img lazyload\" data-src=\"https:\/\/epos.ch\/wp-content\/uploads\/details\/3440.322.20.16.25_D1.jpg\" src=\"data:image\/gif;base64,R0lGODlhAQABAAAAACH5BAEKAAEALAAAAAABAAEAAAICTAEAOw==\"><\/div>\n<\/figure>\n<\/div>\n<div class=\"wpb_text_column wpb_content_element \">\n<div class=\"wpb_wrapper\">\n<p>Cette modification maison Epos poss\u00e8de une fonction phase de lune avec une lune lumineuse extra-large et une indication d\u00e9centralis\u00e9e du jour et du mois.<\/p>\n<\/div>\n<\/div>\n<\/div>\n<\/div>\n<\/div>\n<div class=\"BoxFormats wpb_column vc_column_container vc_col-sm-4\">\n<div class=\"vc_column-inner\">\n<div class=\"wpb_wrapper\">\n<div class=\"vc_separator wpb_content_element vc_separator_align_left vc_sep_width_100 vc_sep_pos_align_center vc_sep_color_grey vc_separator-has-text\">\n<h4>Le cadran<\/h4>\n<\/div>\n<div class=\"wpb_single_image wpb_content_element vc_align_left\">\n<figure class=\"wpb_wrapper vc_figure\">\n<div class=\"vc_single_image-wrapper vc_box_border_grey\"><img decoding=\"async\" class=\"vc_single_image-img lazyload\" data-src=\"https:\/\/epos.ch\/wp-content\/uploads\/details\/3440.322.20.16.25_D2.jpg\" src=\"data:image\/gif;base64,R0lGODlhAQABAAAAACH5BAEKAAEALAAAAAABAAEAAAICTAEAOw==\"><\/div>\n<\/figure>\n<\/div>\n<div class=\"wpb_text_column wpb_content_element \">\n<div class=\"wpb_wrapper\">\n<p>Cadran au design saisissant de ciel nocturne avec index des heures appliqu\u00e9s lumineux ainsi que lune et \u00e9toiles lumineuses.<\/p>\n<\/div>\n<\/div>\n<\/div>\n<\/div>\n<\/div>\n<div class=\"BoxFormats wpb_column vc_column_container vc_col-sm-4\">\n<div class=\"vc_column-inner\">\n<div class=\"wpb_wrapper\">\n<div class=\"vc_separator wpb_content_element vc_separator_align_left vc_sep_width_100 vc_sep_pos_align_center vc_sep_color_grey vc_separator-has-text\">\n<h4>Le mouvement<\/h4>\n<\/div>\n<div class=\"wpb_single_image wpb_content_element vc_align_left\">\n<figure class=\"wpb_wrapper vc_figure\">\n<div class=\"vc_single_image-wrapper vc_box_border_grey\"><img decoding=\"async\" class=\"vc_single_image-img lazyload\" data-src=\"https:\/\/epos.ch\/wp-content\/uploads\/details\/3440.322.20.16.25_D3.jpg\" src=\"data:image\/gif;base64,R0lGODlhAQABAAAAACH5BAEKAAEALAAAAAABAAEAAAICTAEAOw==\"><\/div>\n<\/figure>\n<\/div>\n<div class=\"wpb_text_column wpb_content_element \">\n<div class=\"wpb_wrapper\">\n<p>Bas\u00e9 sur un mouvement Sellita SW300 ou ETA 2892-A2 de premi\u00e8re qualit\u00e9, enti\u00e8rement d\u00e9cor\u00e9, visible \u00e0 travers le fond transparent. Le mouvement et le rotor sont d\u00e9cor\u00e9s d&#8217;un motif de perlage \u00e9labor\u00e9.<\/p>\n<p>&nbsp;<\/p>\n<\/div>\n<\/div>\n<\/div>\n<\/div>\n<\/div>\n","protected":false},"featured_media":27156,"comment_status":"open","ping_status":"closed","template":"","meta":{"om_disable_all_campaigns":false,"_monsterinsights_skip_tracking":false,"_monsterinsights_sitenote_active":false,"_monsterinsights_sitenote_note":"","_monsterinsights_sitenote_category":0},"product_brand":[],"product_cat":[356],"product_tag":[399],"giftcard-category":[],"class_list":{"0":"post-27237","1":"product","2":"type-product","3":"status-publish","4":"has-post-thumbnail","6":"product_cat-epos-fr","7":"product_tag-montres-habillees","9":"first","10":"instock","11":"taxable","12":"shipping-taxable","13":"purchasable","14":"product-type-simple"},"aioseo_notices":[],"_links":{"self":[{"href":"https:\/\/raritywatches.com\/fr\/wp-json\/wp\/v2\/product\/27237","targetHints":{"allow":["GET"]}}],"collection":[{"href":"https:\/\/raritywatches.com\/fr\/wp-json\/wp\/v2\/product"}],"about":[{"href":"https:\/\/raritywatches.com\/fr\/wp-json\/wp\/v2\/types\/product"}],"replies":[{"embeddable":true,"href":"https:\/\/raritywatches.com\/fr\/wp-json\/wp\/v2\/comments?post=27237"}],"version-history":[{"count":5,"href":"https:\/\/raritywatches.com\/fr\/wp-json\/wp\/v2\/product\/27237\/revisions"}],"predecessor-version":[{"id":27259,"href":"https:\/\/raritywatches.com\/fr\/wp-json\/wp\/v2\/product\/27237\/revisions\/27259"}],"wp:featuredmedia":[{"embeddable":true,"href":"https:\/\/raritywatches.com\/fr\/wp-json\/wp\/v2\/media\/27156"}],"wp:attachment":[{"href":"https:\/\/raritywatches.com\/fr\/wp-json\/wp\/v2\/media?parent=27237"}],"wp:term":[{"taxonomy":"product_brand","embeddable":true,"href":"https:\/\/raritywatches.com\/fr\/wp-json\/wp\/v2\/product_brand?post=27237"},{"taxonomy":"product_cat","embeddable":true,"href":"https:\/\/raritywatches.com\/fr\/wp-json\/wp\/v2\/product_cat?post=27237"},{"taxonomy":"product_tag","embeddable":true,"href":"https:\/\/raritywatches.com\/fr\/wp-json\/wp\/v2\/product_tag?post=27237"},{"taxonomy":"giftcard-category","embeddable":true,"href":"https:\/\/raritywatches.com\/fr\/wp-json\/wp\/v2\/giftcard-category?post=27237"}],"curies":[{"name":"wp","href":"https:\/\/api.w.org\/{rel}","templated":true}]}}