{"id":27009,"date":"2023-01-26T20:53:44","date_gmt":"2023-01-26T19:53:44","guid":{"rendered":"https:\/\/raritywatches.com\/product\/jacob-co-epic-x-titanium-sky-blue\/"},"modified":"2023-02-08T12:44:44","modified_gmt":"2023-02-08T12:44:44","slug":"jacob-co-epic-x-titanium-sky-blue","status":"publish","type":"product","link":"https:\/\/raritywatches.com\/fr\/produit\/jacob-co-epic-x-titanium-sky-blue\/","title":{"rendered":"Jacob &amp; Co EPIC X Titanium Sky Blue"},"content":{"rendered":"","protected":false},"excerpt":{"rendered":"<h2 class=\"section-title\">STORY<\/h2>\n<div class=\"content-container\">\n<p>L&#8217;Epic X est une \u00e9volution moderne de l&#8217;une des formes les plus traditionnelles de l&#8217;horlogerie. Le garde-temps ajour\u00e9, ou &#8220;squelett\u00e9&#8221;, permet au mouvement d&#8217;\u00eatre visible \u00e0 la fois \u00e0 travers le cadran et le dos de la montre, en retirant le plus de m\u00e9tal possible sans compromettre la fonctionnalit\u00e9. L&#8217;objectif de l&#8217;horloger qui fabrique une montre ajour\u00e9e est d&#8217;atteindre le plus haut niveau de transparence possible, c&#8217;est-\u00e0-dire la combinaison difficile de la l\u00e9g\u00e8ret\u00e9 visuelle et de l&#8217;int\u00e9grit\u00e9 structurelle.<\/p>\n<p>L&#8217;\u00e9tui Epic X est audacieux et \u00e9l\u00e9gant, tout en \u00e9tant robuste, de sorte qu&#8217;il peut vraiment vous accompagner tout au long de votre journ\u00e9e, au bureau, lors d&#8217;un d\u00eener d\u00e9contract\u00e9 ou m\u00eame lors d&#8217;une f\u00eate \u00e9l\u00e9gante.<\/p>\n<\/div>\n<h2 class=\"section-title\">MOUVEMENT SQUELETTIQUE<\/h2>\n<div class=\"content-container\">\n<p>Le squelettage est une tradition s\u00e9culaire de l&#8217;horlogerie. Le d\u00e9fi consiste \u00e0 retirer suffisamment de mati\u00e8re du mouvement pour le rendre presque transparent, sans que cela n&#8217;affecte ses performances, sa pr\u00e9cision ou sa robustesse.<\/p>\n<p>Les horlogers de Jacob &amp; Co. r\u00e9alisent des squelettes de mouvements depuis des d\u00e9cennies, et savent donc exactement o\u00f9 et comment les retirer. Le r\u00e9sultat est un mouvement presque transparent, configur\u00e9 verticalement pour maximiser la beaut\u00e9 de ce petit moteur au poignet.<\/p>\n<p>Le mouvement \u00e0 remontage manuel de l&#8217;Epic X est positionn\u00e9 verticalement et squelett\u00e9 puis finement fini, de sorte qu&#8217;il est presque transparent.<\/p>\n<\/div>\n<h2 class=\"section-title\">CASE &amp; CRYSTAL<\/h2>\n<div class=\"content-container\">\n<p>Le design de ce bo\u00eetier de 44 mm est audacieux et distinctif, avec sa puissante forme en &#8220;X&#8221;. Le mouvement \u00e0 remontage manuel est expos\u00e9 \u00e0 travers les glaces saphir antireflets avant et arri\u00e8re.<\/p>\n<\/div>\n<h2 class=\"section-title\">DIAL ET MAINS<\/h2>\n<div class=\"content-container\">\n<p>La beaut\u00e9 des montres squelettes est qu&#8217;il n&#8217;y a pas de cadran &#8211; \u00e0 la place, les cristaux saphir de la plus haute qualit\u00e9 exposent les d\u00e9tails du mouvement, des roues, des engrenages, du balancier, des ponts et du barillet du ressort moteur. Les aiguilles squelett\u00e9es en forme de feuille au centre, indiquant les heures et les minutes, flottent au-dessus de la splendeur m\u00e9canique.<\/p>\n<\/div>\n<p>&nbsp;<\/p>\n","protected":false},"featured_media":29019,"comment_status":"open","ping_status":"closed","template":"","meta":{"om_disable_all_campaigns":false,"_monsterinsights_skip_tracking":false,"_monsterinsights_sitenote_active":false,"_monsterinsights_sitenote_note":"","_monsterinsights_sitenote_category":0},"product_brand":[],"product_cat":[412],"product_tag":[399,400,404],"giftcard-category":[],"class_list":{"0":"post-27009","1":"product","2":"type-product","3":"status-publish","4":"has-post-thumbnail","6":"product_cat-jacob-co-fr","7":"product_tag-montres-habillees","8":"product_tag-montres-squelette","9":"product_tag-montres-super-luxe","11":"first","12":"instock","13":"taxable","14":"shipping-taxable","15":"purchasable","16":"product-type-simple"},"aioseo_notices":[],"_links":{"self":[{"href":"https:\/\/raritywatches.com\/fr\/wp-json\/wp\/v2\/product\/27009","targetHints":{"allow":["GET"]}}],"collection":[{"href":"https:\/\/raritywatches.com\/fr\/wp-json\/wp\/v2\/product"}],"about":[{"href":"https:\/\/raritywatches.com\/fr\/wp-json\/wp\/v2\/types\/product"}],"replies":[{"embeddable":true,"href":"https:\/\/raritywatches.com\/fr\/wp-json\/wp\/v2\/comments?post=27009"}],"version-history":[{"count":1,"href":"https:\/\/raritywatches.com\/fr\/wp-json\/wp\/v2\/product\/27009\/revisions"}],"predecessor-version":[{"id":27563,"href":"https:\/\/raritywatches.com\/fr\/wp-json\/wp\/v2\/product\/27009\/revisions\/27563"}],"wp:featuredmedia":[{"embeddable":true,"href":"https:\/\/raritywatches.com\/fr\/wp-json\/wp\/v2\/media\/29019"}],"wp:attachment":[{"href":"https:\/\/raritywatches.com\/fr\/wp-json\/wp\/v2\/media?parent=27009"}],"wp:term":[{"taxonomy":"product_brand","embeddable":true,"href":"https:\/\/raritywatches.com\/fr\/wp-json\/wp\/v2\/product_brand?post=27009"},{"taxonomy":"product_cat","embeddable":true,"href":"https:\/\/raritywatches.com\/fr\/wp-json\/wp\/v2\/product_cat?post=27009"},{"taxonomy":"product_tag","embeddable":true,"href":"https:\/\/raritywatches.com\/fr\/wp-json\/wp\/v2\/product_tag?post=27009"},{"taxonomy":"giftcard-category","embeddable":true,"href":"https:\/\/raritywatches.com\/fr\/wp-json\/wp\/v2\/giftcard-category?post=27009"}],"curies":[{"name":"wp","href":"https:\/\/api.w.org\/{rel}","templated":true}]}}