{"id":27001,"date":"2023-01-26T20:54:37","date_gmt":"2023-01-26T19:54:37","guid":{"rendered":"https:\/\/raritywatches.com\/product\/jacob-co-epic-x-noir\/"},"modified":"2024-10-24T13:53:55","modified_gmt":"2024-10-24T12:53:55","slug":"jacob-co-epic-x-black-titanium","status":"publish","type":"product","link":"https:\/\/raritywatches.com\/fr\/produit\/jacob-co-epic-x-black-titanium\/","title":{"rendered":"Jacob &amp; Co. Epic X Noir"},"content":{"rendered":"","protected":false},"excerpt":{"rendered":"<h2>Jacob &amp; Co. Epic X Noir<\/h2>\n<p>Num\u00e9ro d&#8217;article : EC400.21.AB.AB.A<\/p>\n<h2 class=\"section-title\">STORY<\/h2>\n<div class=\"content-container\">\n<p>Poussant le design audacieux de l&#8217;Epic X plusieurs fois plus loin, Jacob &amp; Co. a cr\u00e9\u00e9 l&#8217;Epic X Chrono, une montre sportive de 47 mm qui est \u00e0 la fois sportive, frappante et supr\u00eamement attrayante.<\/p>\n<p>Dot\u00e9e d&#8217;un mouvement semi-squelett\u00e9, visible \u00e0 travers le cadran en cristal min\u00e9ral color\u00e9, l&#8217;Epic X Chrono est \u00e9quip\u00e9e d&#8217;un mouvement chronographe haut de gamme \u00e0 roue \u00e0 colonnes de conception bi-compax.<\/p>\n<p>Disponible dans une vari\u00e9t\u00e9 de mat\u00e9riaux et de couleurs, l&#8217;Epic X Chrono est la montre la plus sportive de Jacob &amp; Co.<\/p>\n<\/div>\n<h2 class=\"section-title\">L&#8217;ATTRAIT DU CHRONOGRAPHE<\/h2>\n<div class=\"content-container\">\n<p>Les chronographes sont l&#8217;une des complications les plus populaires dans l&#8217;horlogerie et sont utilis\u00e9s dans les montres pour hommes et pour femmes. Le chronographe a quelque chose qui capte l&#8217;imagination des gens et, \u00e0 ce titre, cette complication est certainement tr\u00e8s demand\u00e9e.<\/p>\n<p>L&#8217;utilisation d&#8217;un chronographe est facile et amusante, et tr\u00e8s fonctionnelle. Le chronographe est quelque chose que vous pouvez utiliser pour mesurer le temps, pas seulement pour lire l&#8217;heure. De ce fait, vous avez une interaction avec la montre. L&#8217;interactivit\u00e9 rend les choses compl\u00e8tement diff\u00e9rentes, puisque vous faites quelque chose et ne vous contentez pas de lire quelque chose. En faisant cela, vous ne pouvez pas contr\u00f4ler le temps, mais vous vous dirigez dans cette direction.<\/p>\n<p>Les chronographes sont tr\u00e8s populaires car ils offrent une complication tr\u00e8s accessible et dont la disposition standard est tr\u00e8s attrayante.<\/p>\n<p>L&#8217;Epic X Chrono a \u00e9t\u00e9 con\u00e7ue dans un but pr\u00e9cis. Elle pr\u00e9sente donc un style technique et sportif avec les poussoirs du chronographe sur le c\u00f4t\u00e9 du bo\u00eetier, le cadran \u00e9quilibr\u00e9 bi-compax et la vue sur le mouvement \u00e0 travers le verre min\u00e9ral du cadran.<\/p>\n<\/div>\n<h2 class=\"section-title\">MOUVEMENT<\/h2>\n<div class=\"content-container\">\n<p>Le mouvement chronographe \u00e0 roue \u00e0 colonnes de fabrication suisse est consid\u00e9r\u00e9 comme le haut de gamme, car il est sophistiqu\u00e9 et tr\u00e8s fiable. Le mouvement automatique de l&#8217;Epic X Chrono est semi-squelett\u00e9, mettant en valeur sa technicit\u00e9 par le biais du cadran en cristal min\u00e9ral qui le recouvre.<\/p>\n<p>Contr\u00f4l\u00e9es par deux poussoirs (start\/stop et reset), les secondes sont compt\u00e9es par l&#8217;aiguille centrale du chronographe et les minutes par le cadran secondaire droit.<\/p>\n<\/div>\n<h2 class=\"section-title\">CASE &amp; CRYSTAL<\/h2>\n<div class=\"content-container\">\n<p>Le bo\u00eetier de 47 mm de l&#8217;Epic X Chrono pr\u00e9sente un design audacieux, cr\u00e9ant une forme en &#8220;X&#8221; avec les cornes pro\u00e9minentes, puis traversant le bo\u00eetier et les structures architecturales du mouvement.<\/p>\n<p>Le bo\u00eetier est dot\u00e9 d&#8217;un verre saphir antireflet, d&#8217;une lunette en c\u00e9ramique et de poussoirs en caoutchouc, d&#8217;une couronne viss\u00e9e et d&#8217;une lunette tournante int\u00e9rieure, contr\u00f4l\u00e9e par la couronne poussoir \u00e0 10 heures.<\/p>\n<p>R\u00e9sistante \u00e0 l&#8217;eau jusqu&#8217;\u00e0 200 m\u00e8tres, l&#8217;Epic X Chrono est une v\u00e9ritable montre de sport qui se distingue par sa robustesse et qui est con\u00e7ue pour r\u00e9sister \u00e0 tout ce que vous pouvez lui faire subir.<\/p>\n<\/div>\n<h2 class=\"section-title\">LE DIAL<\/h2>\n<div class=\"content-container\">\n<p>L&#8217;Epic X Chrono pr\u00e9sente une disposition bi-compax, avec le cadran secondaire droit pour les minutes du chronographe et le cadran secondaire gauche pour les secondes courantes. Le cadran lui-m\u00eame est en cristal min\u00e9ral color\u00e9, ce qui permet d&#8217;apercevoir le mouvement chronographe \u00e0 roue \u00e0 colonnes situ\u00e9 en dessous.<\/p>\n<p>Les aiguilles des heures et des minutes sont squelettis\u00e9es et dot\u00e9es de Super-LumiNova. L&#8217;aiguille centrale des secondes est rouge, tout comme l&#8217;aiguille du compteur des minutes.<\/p>\n<\/div>\n<h2 class=\"section-title\">EN UN COUP D&#8217;\u0152IL :<\/h2>\n<div class=\"content-container\">\n<p>Mouvement chronographe automatique \u00e0 roue \u00e0 colonnes semi-squelett\u00e9<\/p>\n<p>Finition d\u00e9taill\u00e9e haut de gamme sur l&#8217;ensemble du mouvement<\/p>\n<p>Cadran en cristal min\u00e9ral color\u00e9, laissant appara\u00eetre le mouvement automatique en dessous.<\/p>\n<p>Verre saphir antireflet \u00e0 l&#8217;avant et \u00e0 l&#8217;arri\u00e8re, de sorte que le mouvement de haute horlogerie est enti\u00e8rement expos\u00e9.<\/p>\n<p>Bo\u00eetier audacieux, en forme de X, de 47 mm<\/p>\n<p>Bande de caoutchouc perfor\u00e9e unique<\/p>\n<p>Disposition du chronographe Bi-compax<\/p>\n<p>Lunette tournante interne unique<\/p>\n<\/div>\n<p>&nbsp;<\/p>\n","protected":false},"featured_media":26732,"comment_status":"open","ping_status":"closed","template":"","meta":{"om_disable_all_campaigns":false,"_monsterinsights_skip_tracking":false,"_monsterinsights_sitenote_active":false,"_monsterinsights_sitenote_note":"","_monsterinsights_sitenote_category":0},"product_brand":[],"product_cat":[412],"product_tag":[399,400,404],"giftcard-category":[],"class_list":{"0":"post-27001","1":"product","2":"type-product","3":"status-publish","4":"has-post-thumbnail","6":"product_cat-jacob-co-fr","7":"product_tag-montres-habillees","8":"product_tag-montres-squelette","9":"product_tag-montres-super-luxe","11":"first","12":"instock","13":"taxable","14":"shipping-taxable","15":"purchasable","16":"product-type-simple"},"aioseo_notices":[],"_links":{"self":[{"href":"https:\/\/raritywatches.com\/fr\/wp-json\/wp\/v2\/product\/27001","targetHints":{"allow":["GET"]}}],"collection":[{"href":"https:\/\/raritywatches.com\/fr\/wp-json\/wp\/v2\/product"}],"about":[{"href":"https:\/\/raritywatches.com\/fr\/wp-json\/wp\/v2\/types\/product"}],"replies":[{"embeddable":true,"href":"https:\/\/raritywatches.com\/fr\/wp-json\/wp\/v2\/comments?post=27001"}],"version-history":[{"count":0,"href":"https:\/\/raritywatches.com\/fr\/wp-json\/wp\/v2\/product\/27001\/revisions"}],"wp:featuredmedia":[{"embeddable":true,"href":"https:\/\/raritywatches.com\/fr\/wp-json\/wp\/v2\/media\/26732"}],"wp:attachment":[{"href":"https:\/\/raritywatches.com\/fr\/wp-json\/wp\/v2\/media?parent=27001"}],"wp:term":[{"taxonomy":"product_brand","embeddable":true,"href":"https:\/\/raritywatches.com\/fr\/wp-json\/wp\/v2\/product_brand?post=27001"},{"taxonomy":"product_cat","embeddable":true,"href":"https:\/\/raritywatches.com\/fr\/wp-json\/wp\/v2\/product_cat?post=27001"},{"taxonomy":"product_tag","embeddable":true,"href":"https:\/\/raritywatches.com\/fr\/wp-json\/wp\/v2\/product_tag?post=27001"},{"taxonomy":"giftcard-category","embeddable":true,"href":"https:\/\/raritywatches.com\/fr\/wp-json\/wp\/v2\/giftcard-category?post=27001"}],"curies":[{"name":"wp","href":"https:\/\/api.w.org\/{rel}","templated":true}]}}