{"id":26990,"date":"2023-01-22T12:14:04","date_gmt":"2023-01-22T11:14:04","guid":{"rendered":"https:\/\/raritywatches.com\/product\/jacob-co-palatial-classic-manuel-grande-date-acier-cadran-bleu-guilloche-bracelet\/"},"modified":"2023-05-11T12:32:41","modified_gmt":"2023-05-11T11:32:41","slug":"palatial-classic-manual-big-date-steel-blue-guilloche-dial-bracelet","status":"publish","type":"product","link":"https:\/\/raritywatches.com\/fr\/produit\/palatial-classic-manual-big-date-steel-blue-guilloche-dial-bracelet\/","title":{"rendered":"Jacob &amp; Co Palatial Classic Manuel Grande Date &#8211; Acier (cadran bleu guilloch\u00e9) Bracelet"},"content":{"rendered":"<p>La collection Palatial Classic pr\u00e9sente des montres s\u00e9duisantes et raffin\u00e9es qui s&#8217;inspirent des styles raffin\u00e9s de l&#8217;\u00e9poque Art D\u00e9co. Ces garde-temps sont con\u00e7us pour l&#8217;amateur de montres perspicace qui appr\u00e9cie l&#8217;essence de l&#8217;horlogerie m\u00e9canique classique tout en recherchant une touche d&#8217;exub\u00e9rance. Ils s&#8217;adressent au gentleman individualiste qui consid\u00e8re le style non seulement comme une adh\u00e9sion \u00e0 la tradition, mais aussi comme un moyen d&#8217;expression de soi.<\/p>\n<p>TAILLE ET MAT\u00c9RIAUX<\/p>\n<p>Mouvement :<br \/>\nCalibre : M\u00e9canique \u00e0 remontage manuel Calibre Jacob&amp;Co JCCM01<br \/>\nDiam\u00e8tre : 13\u00bd&#8221;&#8217; soit 30.40 mm<br \/>\nHauteur : 5,80 mm<br \/>\nFonctions : Heures, Minutes ; grand rendez-vous ; Indication de r\u00e9serve de marche<br \/>\nR\u00e9serve de marche : 50 heures<br \/>\nFr\u00e9quence : 28&#8217;800 vib\/h (4 Hz)<br \/>\nJoyaux: 18 Joyaux<br \/>\nSyst\u00e8me : Balancier Glucydur ; Anti choc;<br \/>\nFinition : C\u00f4tes de Gen\u00e8ve, grainage circulaire et satin\u00e9 vertical ; Logo et lettrage &#8220;Jacob&amp;Co&#8221;<\/p>\n<p>Boitier:<br \/>\nDiam\u00e8tre : 42mm<br \/>\nHauteur : 13,5 mm<br \/>\nMat\u00e9riaux: Acier<br \/>\nFinition : Couronne avec logo Jacob&amp;Co grav\u00e9 et microbill\u00e9<br \/>\nCrystal : saphir avec traitement antireflet ;<br \/>\nR\u00e9sistance \u00e0 l&#8217;eau : 50m<\/p>\n<p>Cadran et aiguilles :<br \/>\nCadran : Bleu guilloch\u00e9 poli Logo Jacob&amp;Co appliqu\u00e9 et index des heures ;<br \/>\nAnneaux des minutes et de la r\u00e9serve de marche satin\u00e9s et polis; Grande date \u00e0 12h, indication de la r\u00e9serve de marche \u00e0 6h<br \/>\nAiguilles : Aiguilles Dauphine Polies<\/p>\n<p>Bracelet: acier<\/p>\n<p>Edition limit\u00e9e :<br \/>\nPi\u00e8ces num\u00e9rot\u00e9es individuellement<br \/>\nGarantie : 2 ans<\/p>\n","protected":false},"excerpt":{"rendered":"<h4>Jacob &amp; Co Palatial Classic Manual Big Date &#8211; Acier (cadran bleu guilloch\u00e9) Bracelet&#8217;<\/h4>\n<p class=\"reference-number\">Num\u00e9ro de r\u00e9f\u00e9rence : PC400.10.NS.AC.A10A<\/p>\n","protected":false},"featured_media":26811,"comment_status":"open","ping_status":"closed","template":"","meta":{"om_disable_all_campaigns":false,"_monsterinsights_skip_tracking":false,"_monsterinsights_sitenote_active":false,"_monsterinsights_sitenote_note":"","_monsterinsights_sitenote_category":0},"product_brand":[],"product_cat":[412],"product_tag":[399],"giftcard-category":[],"class_list":{"0":"post-26990","1":"product","2":"type-product","3":"status-publish","4":"has-post-thumbnail","6":"product_cat-jacob-co-fr","7":"product_tag-montres-habillees","9":"first","10":"instock","11":"taxable","12":"shipping-taxable","13":"purchasable","14":"product-type-simple"},"aioseo_notices":[],"_links":{"self":[{"href":"https:\/\/raritywatches.com\/fr\/wp-json\/wp\/v2\/product\/26990","targetHints":{"allow":["GET"]}}],"collection":[{"href":"https:\/\/raritywatches.com\/fr\/wp-json\/wp\/v2\/product"}],"about":[{"href":"https:\/\/raritywatches.com\/fr\/wp-json\/wp\/v2\/types\/product"}],"replies":[{"embeddable":true,"href":"https:\/\/raritywatches.com\/fr\/wp-json\/wp\/v2\/comments?post=26990"}],"version-history":[{"count":1,"href":"https:\/\/raritywatches.com\/fr\/wp-json\/wp\/v2\/product\/26990\/revisions"}],"predecessor-version":[{"id":28918,"href":"https:\/\/raritywatches.com\/fr\/wp-json\/wp\/v2\/product\/26990\/revisions\/28918"}],"wp:featuredmedia":[{"embeddable":true,"href":"https:\/\/raritywatches.com\/fr\/wp-json\/wp\/v2\/media\/26811"}],"wp:attachment":[{"href":"https:\/\/raritywatches.com\/fr\/wp-json\/wp\/v2\/media?parent=26990"}],"wp:term":[{"taxonomy":"product_brand","embeddable":true,"href":"https:\/\/raritywatches.com\/fr\/wp-json\/wp\/v2\/product_brand?post=26990"},{"taxonomy":"product_cat","embeddable":true,"href":"https:\/\/raritywatches.com\/fr\/wp-json\/wp\/v2\/product_cat?post=26990"},{"taxonomy":"product_tag","embeddable":true,"href":"https:\/\/raritywatches.com\/fr\/wp-json\/wp\/v2\/product_tag?post=26990"},{"taxonomy":"giftcard-category","embeddable":true,"href":"https:\/\/raritywatches.com\/fr\/wp-json\/wp\/v2\/giftcard-category?post=26990"}],"curies":[{"name":"wp","href":"https:\/\/api.w.org\/{rel}","templated":true}]}}