{"id":26378,"date":"2023-01-10T11:03:14","date_gmt":"2023-01-10T10:03:14","guid":{"rendered":"https:\/\/raritywatches.com\/product\/epos-3439-v-style\/"},"modified":"2023-01-29T11:13:28","modified_gmt":"2023-01-29T11:13:28","slug":"epos-3439-v-style","status":"publish","type":"product","link":"https:\/\/raritywatches.com\/fr\/produit\/epos-3439-v-style\/","title":{"rendered":"Epos 3439 V-Style"},"content":{"rendered":"","protected":false},"excerpt":{"rendered":"<p>Brillant dans le noir, style Verso. Montre automatique \u00e0 phase de lune avec modification interne de la grande lune qui \u00e9tablit un \u00e9quilibre parfait entre avant-garde et classe.<\/p>\n","protected":false},"featured_media":26362,"comment_status":"open","ping_status":"closed","template":"","meta":{"om_disable_all_campaigns":false,"_monsterinsights_skip_tracking":false,"_monsterinsights_sitenote_active":false,"_monsterinsights_sitenote_note":"","_monsterinsights_sitenote_category":0},"product_brand":[],"product_cat":[356],"product_tag":[399],"giftcard-category":[],"class_list":{"0":"post-26378","1":"product","2":"type-product","3":"status-publish","4":"has-post-thumbnail","6":"product_cat-epos-fr","7":"product_tag-montres-habillees","9":"first","10":"instock","11":"taxable","12":"shipping-taxable","13":"purchasable","14":"product-type-simple"},"aioseo_notices":[],"_links":{"self":[{"href":"https:\/\/raritywatches.com\/fr\/wp-json\/wp\/v2\/product\/26378","targetHints":{"allow":["GET"]}}],"collection":[{"href":"https:\/\/raritywatches.com\/fr\/wp-json\/wp\/v2\/product"}],"about":[{"href":"https:\/\/raritywatches.com\/fr\/wp-json\/wp\/v2\/types\/product"}],"replies":[{"embeddable":true,"href":"https:\/\/raritywatches.com\/fr\/wp-json\/wp\/v2\/comments?post=26378"}],"version-history":[{"count":1,"href":"https:\/\/raritywatches.com\/fr\/wp-json\/wp\/v2\/product\/26378\/revisions"}],"predecessor-version":[{"id":26999,"href":"https:\/\/raritywatches.com\/fr\/wp-json\/wp\/v2\/product\/26378\/revisions\/26999"}],"wp:featuredmedia":[{"embeddable":true,"href":"https:\/\/raritywatches.com\/fr\/wp-json\/wp\/v2\/media\/26362"}],"wp:attachment":[{"href":"https:\/\/raritywatches.com\/fr\/wp-json\/wp\/v2\/media?parent=26378"}],"wp:term":[{"taxonomy":"product_brand","embeddable":true,"href":"https:\/\/raritywatches.com\/fr\/wp-json\/wp\/v2\/product_brand?post=26378"},{"taxonomy":"product_cat","embeddable":true,"href":"https:\/\/raritywatches.com\/fr\/wp-json\/wp\/v2\/product_cat?post=26378"},{"taxonomy":"product_tag","embeddable":true,"href":"https:\/\/raritywatches.com\/fr\/wp-json\/wp\/v2\/product_tag?post=26378"},{"taxonomy":"giftcard-category","embeddable":true,"href":"https:\/\/raritywatches.com\/fr\/wp-json\/wp\/v2\/giftcard-category?post=26378"}],"curies":[{"name":"wp","href":"https:\/\/api.w.org\/{rel}","templated":true}]}}