{"id":26316,"date":"2023-01-10T10:24:53","date_gmt":"2023-01-10T09:24:53","guid":{"rendered":"https:\/\/raritywatches.com\/product\/epos-3435-verso-2\/"},"modified":"2023-01-31T07:57:55","modified_gmt":"2023-01-31T07:57:55","slug":"epos-3435-verso-2","status":"publish","type":"product","link":"https:\/\/raritywatches.com\/fr\/produit\/epos-3435-verso-2\/","title":{"rendered":"Epos 3435 Verso 2"},"content":{"rendered":"","protected":false},"excerpt":{"rendered":"<p>Montre demi-squelette en \u00e9dition limit\u00e9e avec cadran en trois parties, modification interne &#8220;Verso&#8221; et pulsom\u00e8tre au dos.<\/p>\n","protected":false},"featured_media":26324,"comment_status":"open","ping_status":"closed","template":"","meta":{"om_disable_all_campaigns":false,"_monsterinsights_skip_tracking":false,"_monsterinsights_sitenote_active":false,"_monsterinsights_sitenote_note":"","_monsterinsights_sitenote_category":0},"product_brand":[],"product_cat":[356],"product_tag":[399,400],"giftcard-category":[],"class_list":{"0":"post-26316","1":"product","2":"type-product","3":"status-publish","4":"has-post-thumbnail","6":"product_cat-epos-fr","7":"product_tag-montres-habillees","8":"product_tag-montres-squelette","10":"first","11":"instock","12":"taxable","13":"shipping-taxable","14":"purchasable","15":"product-type-simple"},"aioseo_notices":[],"_links":{"self":[{"href":"https:\/\/raritywatches.com\/fr\/wp-json\/wp\/v2\/product\/26316","targetHints":{"allow":["GET"]}}],"collection":[{"href":"https:\/\/raritywatches.com\/fr\/wp-json\/wp\/v2\/product"}],"about":[{"href":"https:\/\/raritywatches.com\/fr\/wp-json\/wp\/v2\/types\/product"}],"replies":[{"embeddable":true,"href":"https:\/\/raritywatches.com\/fr\/wp-json\/wp\/v2\/comments?post=26316"}],"version-history":[{"count":1,"href":"https:\/\/raritywatches.com\/fr\/wp-json\/wp\/v2\/product\/26316\/revisions"}],"predecessor-version":[{"id":27356,"href":"https:\/\/raritywatches.com\/fr\/wp-json\/wp\/v2\/product\/26316\/revisions\/27356"}],"wp:featuredmedia":[{"embeddable":true,"href":"https:\/\/raritywatches.com\/fr\/wp-json\/wp\/v2\/media\/26324"}],"wp:attachment":[{"href":"https:\/\/raritywatches.com\/fr\/wp-json\/wp\/v2\/media?parent=26316"}],"wp:term":[{"taxonomy":"product_brand","embeddable":true,"href":"https:\/\/raritywatches.com\/fr\/wp-json\/wp\/v2\/product_brand?post=26316"},{"taxonomy":"product_cat","embeddable":true,"href":"https:\/\/raritywatches.com\/fr\/wp-json\/wp\/v2\/product_cat?post=26316"},{"taxonomy":"product_tag","embeddable":true,"href":"https:\/\/raritywatches.com\/fr\/wp-json\/wp\/v2\/product_tag?post=26316"},{"taxonomy":"giftcard-category","embeddable":true,"href":"https:\/\/raritywatches.com\/fr\/wp-json\/wp\/v2\/giftcard-category?post=26316"}],"curies":[{"name":"wp","href":"https:\/\/api.w.org\/{rel}","templated":true}]}}