{"id":26291,"date":"2023-01-10T10:18:00","date_gmt":"2023-01-10T09:18:00","guid":{"rendered":"https:\/\/raritywatches.com\/product\/epos-3429-le\/"},"modified":"2023-01-31T07:58:18","modified_gmt":"2023-01-31T07:58:18","slug":"epos-3429-le","status":"publish","type":"product","link":"https:\/\/raritywatches.com\/fr\/produit\/epos-3429-le\/","title":{"rendered":"Epos 3429 LE"},"content":{"rendered":"<p>Montre squelette \u00e0 remontage manuel en \u00e9dition limit\u00e9e avec triple fonctionnalit\u00e9 : montre-bracelet, montre de poche, montre de table.<\/p>\n","protected":false},"excerpt":{"rendered":"<p>Montre squelette \u00e0 remontage manuel en \u00e9dition limit\u00e9e avec triple fonctionnalit\u00e9 : montre-bracelet, montre de poche, montre de table.<\/p>\n","protected":false},"featured_media":25484,"comment_status":"open","ping_status":"closed","template":"","meta":{"om_disable_all_campaigns":false,"_monsterinsights_skip_tracking":false,"_monsterinsights_sitenote_active":false,"_monsterinsights_sitenote_note":"","_monsterinsights_sitenote_category":0},"product_brand":[],"product_cat":[356],"product_tag":[],"giftcard-category":[],"class_list":{"0":"post-26291","1":"product","2":"type-product","3":"status-publish","4":"has-post-thumbnail","6":"product_cat-epos-fr","8":"first","9":"instock","10":"taxable","11":"shipping-taxable","12":"purchasable","13":"product-type-simple"},"aioseo_notices":[],"_links":{"self":[{"href":"https:\/\/raritywatches.com\/fr\/wp-json\/wp\/v2\/product\/26291","targetHints":{"allow":["GET"]}}],"collection":[{"href":"https:\/\/raritywatches.com\/fr\/wp-json\/wp\/v2\/product"}],"about":[{"href":"https:\/\/raritywatches.com\/fr\/wp-json\/wp\/v2\/types\/product"}],"replies":[{"embeddable":true,"href":"https:\/\/raritywatches.com\/fr\/wp-json\/wp\/v2\/comments?post=26291"}],"version-history":[{"count":1,"href":"https:\/\/raritywatches.com\/fr\/wp-json\/wp\/v2\/product\/26291\/revisions"}],"predecessor-version":[{"id":27359,"href":"https:\/\/raritywatches.com\/fr\/wp-json\/wp\/v2\/product\/26291\/revisions\/27359"}],"wp:featuredmedia":[{"embeddable":true,"href":"https:\/\/raritywatches.com\/fr\/wp-json\/wp\/v2\/media\/25484"}],"wp:attachment":[{"href":"https:\/\/raritywatches.com\/fr\/wp-json\/wp\/v2\/media?parent=26291"}],"wp:term":[{"taxonomy":"product_brand","embeddable":true,"href":"https:\/\/raritywatches.com\/fr\/wp-json\/wp\/v2\/product_brand?post=26291"},{"taxonomy":"product_cat","embeddable":true,"href":"https:\/\/raritywatches.com\/fr\/wp-json\/wp\/v2\/product_cat?post=26291"},{"taxonomy":"product_tag","embeddable":true,"href":"https:\/\/raritywatches.com\/fr\/wp-json\/wp\/v2\/product_tag?post=26291"},{"taxonomy":"giftcard-category","embeddable":true,"href":"https:\/\/raritywatches.com\/fr\/wp-json\/wp\/v2\/giftcard-category?post=26291"}],"curies":[{"name":"wp","href":"https:\/\/api.w.org\/{rel}","templated":true}]}}