{"id":26149,"date":"2020-05-02T14:37:28","date_gmt":"2020-05-02T13:37:28","guid":{"rendered":"https:\/\/raritywatches.com\/product\/epic-x-chrono-bugatti\/"},"modified":"2023-01-29T11:13:02","modified_gmt":"2023-01-29T11:13:02","slug":"jacob-co-epic-x-chrono-bugatti","status":"publish","type":"product","link":"https:\/\/raritywatches.com\/fr\/produit\/jacob-co-epic-x-chrono-bugatti\/","title":{"rendered":"Jacob &amp; Co Epic X Chrono Bugatti"},"content":{"rendered":"<div class=\"content-container\">\n<h2 class=\"section-title\"><\/h2>\n<div class=\"social-container social-col social-col-white\"><\/div>\n<div class=\"content-container\">\n<p>&nbsp;<\/p>\n<\/div>\n<\/div>\n<div><\/div>\n<div><\/div>\n","protected":false},"excerpt":{"rendered":"<h2 class=\"section-title\">STORY<\/h2>\n<p>En 2019, Bugatti a eu 110 ans. Pour c\u00e9l\u00e9brer cette \u00e9tape importante et inaugurer son partenariat avec la marque d&#8217;hypercars, Jacob &amp; Co. a cr\u00e9\u00e9 l&#8217;Epic X Chrono Bugatti, une \u00e9dition limit\u00e9e de 110 pi\u00e8ces, une pour chaque ann\u00e9e d&#8217;existence de Bugatti.<\/p>\n<p>La soci\u00e9t\u00e9 Bugatti, fond\u00e9e en 1909 par le designer industriel Ettore Bugatti, est connue pour la beaut\u00e9 de son design et ses voitures hautes performances. Ettore Bugatti est issu d&#8217;une famille d&#8217;artistes et il a traduit cette lign\u00e9e en une s\u00e9rie de v\u00e9hicules d&#8217;une incroyable beaut\u00e9. Les voitures Grand Prix Type 35, la Royale Type 41, l&#8217;Atlantic Type 57 et la voiture de sport Type 55 sont quelques exemples de ses premiers chefs-d&#8217;\u0153uvre.<\/p>\n<p>La Bugatti d&#8217;aujourd&#8217;hui prend son histoire au s\u00e9rieux et applique de nombreux principes du fondateur. Ils reconnaissent que Bugatti est diff\u00e9rente de toutes les autres marques automobiles et, par cons\u00e9quent, ils s&#8217;engagent \u00e0 faire les choses \u00e0 la mani\u00e8re Bugatti, en suivant la c\u00e9l\u00e8bre citation d&#8217;Ettore Bugatti : &#8220;Rien n&#8217;est trop beau, rien n&#8217;est trop cher.&#8221; L&#8217;entreprise actuelle, acquise par le groupe Volkswagen en 1998, propose la Veyron, la Chiron, la Centodieci, l&#8217;EB110, la Voiture Noire, la Chiron PUR Sport, etc.<\/p>\n<h2 class=\"section-title\">TOUCHES BUGATTI<\/h2>\n<p>Bas\u00e9 sur l&#8217;Epic X Chrono existante, la montre la plus sportive de la collection Jacob &amp; Co., ce garde-temps est modifi\u00e9 \u00e0 plusieurs \u00e9gards pour le rendre unique \u00e0 Bugatti.<\/p>\n<p>Pour la toute premi\u00e8re fois, Jacob &amp; Co. a utilis\u00e9 du carbone forg\u00e9 pour le bo\u00eetier de l&#8217;Epic X, afin de l&#8217;assortir au mat\u00e9riau utilis\u00e9 pour le corps de la Chiron anniversaire.<\/p>\n<p>Au milieu du cadran bi-compax, on retrouve les couleurs du drapeau fran\u00e7ais (rouge, blanc et bleu), car Bugatti est une entreprise fran\u00e7aise, dont le si\u00e8ge se trouve \u00e0 Molsheim, en France, dans la r\u00e9gion Alsace. Le logo Bugatti figure en bonne place \u00e0 six heures, tandis que le logo sp\u00e9cial EB, pour Ettore Bugatti, le fondateur de la firme, est positionn\u00e9 \u00e0 douze heures.<\/p>\n<p>Ce clin d&#8217;\u0153il color\u00e9 aux origines fran\u00e7aises de Bugatti est flanqu\u00e9 de deux cadrans secondaires : celui de gauche indique les secondes courantes, tandis que celui de droite indique les minutes \u00e9coul\u00e9es. L&#8217;aiguille rouge des secondes du chronographe se trouve au milieu du cadran et est mise en marche, arr\u00eat\u00e9e et remise \u00e0 z\u00e9ro par les deux poussoirs situ\u00e9s sur le c\u00f4t\u00e9 droit du bo\u00eetier.<\/p>\n<p>Une autre couronne se trouve \u00e0 la position 10 heures. En poussant cette couronne, vous pouvez d\u00e9placer la lunette de chronom\u00e9trage rotative int\u00e9rieure, ce qui vous permet de l&#8217;utiliser comme un compte \u00e0 rebours ou pour vous souvenir d&#8217;une heure de d\u00e9part. Sportive et robuste, la Bugatti Epic X Chrono est un compagnon polyvalent.<\/p>\n<h2 class=\"section-title\">LE MOUVEMENT<\/h2>\n<div class=\"content-container\">\n<p>Ce garde-temps hommage est anim\u00e9 par un mouvement chronographe automatique \u00e0 roue \u00e0 colonnes de haute horlogerie, le JCAA05, squelett\u00e9 et exclusif \u00e0 Jacob &amp; Co. Visible \u00e0 travers le fond du bo\u00eetier en verre saphir, le mouvement pr\u00e9sente un degr\u00e9 de finition tr\u00e8s \u00e9lev\u00e9. Le fond du bo\u00eetier comporte \u00e9galement une reproduction de la plaque sp\u00e9ciale 110e anniversaire de l&#8217;hypercar. Le bracelet en caoutchouc noir est inspir\u00e9 de l&#8217;arri\u00e8re des supercars du constructeur fran\u00e7ais, et le logo EB appara\u00eet \u00e9galement sur la boucle du bracelet.<\/p>\n<\/div>\n","protected":false},"featured_media":24896,"comment_status":"open","ping_status":"closed","template":"","meta":{"om_disable_all_campaigns":false,"_monsterinsights_skip_tracking":false,"_monsterinsights_sitenote_active":false,"_monsterinsights_sitenote_note":"","_monsterinsights_sitenote_category":0},"product_brand":[],"product_cat":[412],"product_tag":[],"giftcard-category":[],"class_list":{"0":"post-26149","1":"product","2":"type-product","3":"status-publish","4":"has-post-thumbnail","6":"product_cat-jacob-co-fr","8":"first","9":"outofstock","10":"taxable","11":"shipping-taxable","12":"product-type-simple"},"aioseo_notices":[],"_links":{"self":[{"href":"https:\/\/raritywatches.com\/fr\/wp-json\/wp\/v2\/product\/26149","targetHints":{"allow":["GET"]}}],"collection":[{"href":"https:\/\/raritywatches.com\/fr\/wp-json\/wp\/v2\/product"}],"about":[{"href":"https:\/\/raritywatches.com\/fr\/wp-json\/wp\/v2\/types\/product"}],"replies":[{"embeddable":true,"href":"https:\/\/raritywatches.com\/fr\/wp-json\/wp\/v2\/comments?post=26149"}],"version-history":[{"count":2,"href":"https:\/\/raritywatches.com\/fr\/wp-json\/wp\/v2\/product\/26149\/revisions"}],"predecessor-version":[{"id":26960,"href":"https:\/\/raritywatches.com\/fr\/wp-json\/wp\/v2\/product\/26149\/revisions\/26960"}],"wp:featuredmedia":[{"embeddable":true,"href":"https:\/\/raritywatches.com\/fr\/wp-json\/wp\/v2\/media\/24896"}],"wp:attachment":[{"href":"https:\/\/raritywatches.com\/fr\/wp-json\/wp\/v2\/media?parent=26149"}],"wp:term":[{"taxonomy":"product_brand","embeddable":true,"href":"https:\/\/raritywatches.com\/fr\/wp-json\/wp\/v2\/product_brand?post=26149"},{"taxonomy":"product_cat","embeddable":true,"href":"https:\/\/raritywatches.com\/fr\/wp-json\/wp\/v2\/product_cat?post=26149"},{"taxonomy":"product_tag","embeddable":true,"href":"https:\/\/raritywatches.com\/fr\/wp-json\/wp\/v2\/product_tag?post=26149"},{"taxonomy":"giftcard-category","embeddable":true,"href":"https:\/\/raritywatches.com\/fr\/wp-json\/wp\/v2\/giftcard-category?post=26149"}],"curies":[{"name":"wp","href":"https:\/\/api.w.org\/{rel}","templated":true}]}}