{"id":30106,"date":"2023-06-21T10:47:18","date_gmt":"2023-06-21T09:47:18","guid":{"rendered":"https:\/\/raritywatches.com\/rolex\/"},"modified":"2023-07-10T17:39:17","modified_gmt":"2023-07-10T16:39:17","slug":"rolex","status":"publish","type":"page","link":"https:\/\/raritywatches.com\/fr\/marques\/rolex\/","title":{"rendered":"Rolex"},"content":{"rendered":"\n<figure class=\"wp-block-image size-medium\"><img fetchpriority=\"high\" decoding=\"async\" width=\"300\" height=\"225\" src=\"https:\/\/raritywatches.com\/wp-content\/uploads\/2023\/07\/rolex-logo-1-300x225.jpeg\" alt=\"\" class=\"wp-image-30096\" srcset=\"https:\/\/raritywatches.com\/wp-content\/uploads\/2023\/07\/rolex-logo-1-300x225.jpeg 300w, https:\/\/raritywatches.com\/wp-content\/uploads\/2023\/07\/rolex-logo-1-768x576.jpeg 768w, https:\/\/raritywatches.com\/wp-content\/uploads\/2023\/07\/rolex-logo-1-370x278.jpeg 370w, https:\/\/raritywatches.com\/wp-content\/uploads\/2023\/07\/rolex-logo-1-850x638.jpeg 850w, https:\/\/raritywatches.com\/wp-content\/uploads\/2023\/07\/rolex-logo-1-410x308.jpeg 410w, https:\/\/raritywatches.com\/wp-content\/uploads\/2023\/07\/rolex-logo-1-600x450.jpeg 600w, https:\/\/raritywatches.com\/wp-content\/uploads\/2023\/07\/rolex-logo-1.jpeg 866w\" sizes=\"(max-width: 300px) 100vw, 300px\" \/><\/figure>\n\n\n\n<div style=\"height:56px\" aria-hidden=\"true\" class=\"wp-block-spacer\"><\/div>\n\n\n<p><strong>ROLEX<\/strong>, fabricant de montres de luxe renomm\u00e9, a une histoire riche qui s&#8217;\u00e9tend sur plus d&#8217;un si\u00e8cle. Fond\u00e9e en 1905 par Hans Wilsdorf et Alfred Davis \u00e0 Londres, la soci\u00e9t\u00e9 op\u00e9rait initialement sous le nom de &#8220;Wilsdorf &amp; Davis&#8221;. Leur vision \u00e9tait de cr\u00e9er des garde-temps pr\u00e9cis et fiables pouvant \u00eatre port\u00e9s au poignet, un concept r\u00e9volutionnaire \u00e0 l&#8217;\u00e9poque.  <\/p>\n<p>En 1908, la soci\u00e9t\u00e9 d\u00e9pose le nom de marque &#8220;Rolex&#8221; et ouvre un bureau \u00e0 La Chaux-de-Fonds, en Suisse. Rolex a rapidement acquis une r\u00e9putation pour son approche innovante de l&#8217;horlogerie et son engagement envers la pr\u00e9cision. En 1910, elle est devenue la premi\u00e8re montre-bracelet \u00e0 recevoir le certificat suisse de pr\u00e9cision chronom\u00e9trique, gage de sa pr\u00e9cision.  <\/p>\n<p>Au fil des ans, Rolex a continu\u00e9 d&#8217;innover et d&#8217;introduire des fonctionnalit\u00e9s r\u00e9volutionnaires. En 1926, la marque pr\u00e9sente le bo\u00eetier Oyster, la premi\u00e8re montre-bracelet \u00e9tanche au monde, r\u00e9volutionnant la durabilit\u00e9 et la fiabilit\u00e9 des montres. Pour d\u00e9montrer ses capacit\u00e9s d&#8217;\u00e9tanch\u00e9it\u00e9, Rolex a command\u00e9 un coup publicitaire o\u00f9 Mercedes Gleitze, une jeune nageuse anglaise, portait une montre Oyster lors de la travers\u00e9e de la Manche.  <\/p>\n<p>En 1931, Rolex introduit une autre innovation importante : le rotor Perpetual. Ce m\u00e9canisme \u00e0 remontage automatique permettait \u00e0 la montre de g\u00e9n\u00e9rer de l&#8217;\u00e9nergie \u00e0 partir du mouvement naturel du poignet du porteur, \u00e9liminant ainsi le besoin de remontage manuel. Le mouvement Perpetual est devenu la marque de fabrique des montres Rolex.  <\/p>\n<p>Pendant la Seconde Guerre mondiale, Rolex a jou\u00e9 un r\u00f4le crucial en fournissant des montres aux prisonniers de guerre alli\u00e9s. Ces montres \u00e9taient tr\u00e8s appr\u00e9ci\u00e9es pour leur durabilit\u00e9 et leur pr\u00e9cision. Apr\u00e8s la guerre, Rolex a continu\u00e9 \u00e0 prosp\u00e9rer et \u00e0 \u00e9largir sa gamme de produits, en introduisant des mod\u00e8les embl\u00e9matiques tels que la Submariner, la GMT-Master et la Day-Date.  <\/p>\n<p>Les montres Rolex sont devenues synonymes d&#8217;\u00e9l\u00e9gance, de pr\u00e9cision et de succ\u00e8s. Ils ornaient les poignets de personnalit\u00e9s notables, notamment des explorateurs, des athl\u00e8tes et des dirigeants mondiaux. L&#8217;association de la marque avec la r\u00e9ussite et le luxe a consolid\u00e9 sa position en tant que symbole d&#8217;excellence.  <\/p>\n<p>Au cours des derni\u00e8res ann\u00e9es, Rolex a maintenu sa position de leader dans l&#8217;industrie horlog\u00e8re de luxe. La marque continue d&#8217;innover, incorporant des mat\u00e9riaux avanc\u00e9s comme la c\u00e9ramique et introduisant de nouveaux mouvements avec une pr\u00e9cision et une r\u00e9serve de marche am\u00e9lior\u00e9es. Bien qu&#8217;elle ait \u00e9volu\u00e9 avec le temps, Rolex est rest\u00e9e fid\u00e8le \u00e0 ses valeurs originales de savoir-faire, de pr\u00e9cision et de design intemporel.  <\/p>","protected":false},"excerpt":{"rendered":"<p>ROLEX, fabricant de montres de luxe renomm\u00e9, a une histoire riche qui s&#8217;\u00e9tend sur plus d&#8217;un si\u00e8cle. Fond\u00e9e en 1905 par Hans Wilsdorf et Alfred Davis \u00e0 Londres, la soci\u00e9t\u00e9&hellip;<\/p>\n","protected":false},"author":1,"featured_media":0,"parent":30050,"menu_order":0,"comment_status":"closed","ping_status":"closed","template":"","meta":{"om_disable_all_campaigns":false,"_monsterinsights_skip_tracking":false,"_monsterinsights_sitenote_active":false,"_monsterinsights_sitenote_note":"","_monsterinsights_sitenote_category":0,"footnotes":""},"class_list":["post-30106","page","type-page","status-publish","hentry"],"aioseo_notices":[],"_links":{"self":[{"href":"https:\/\/raritywatches.com\/fr\/wp-json\/wp\/v2\/pages\/30106","targetHints":{"allow":["GET"]}}],"collection":[{"href":"https:\/\/raritywatches.com\/fr\/wp-json\/wp\/v2\/pages"}],"about":[{"href":"https:\/\/raritywatches.com\/fr\/wp-json\/wp\/v2\/types\/page"}],"author":[{"embeddable":true,"href":"https:\/\/raritywatches.com\/fr\/wp-json\/wp\/v2\/users\/1"}],"replies":[{"embeddable":true,"href":"https:\/\/raritywatches.com\/fr\/wp-json\/wp\/v2\/comments?post=30106"}],"version-history":[{"count":2,"href":"https:\/\/raritywatches.com\/fr\/wp-json\/wp\/v2\/pages\/30106\/revisions"}],"predecessor-version":[{"id":30126,"href":"https:\/\/raritywatches.com\/fr\/wp-json\/wp\/v2\/pages\/30106\/revisions\/30126"}],"up":[{"embeddable":true,"href":"https:\/\/raritywatches.com\/fr\/wp-json\/wp\/v2\/pages\/30050"}],"wp:attachment":[{"href":"https:\/\/raritywatches.com\/fr\/wp-json\/wp\/v2\/media?parent=30106"}],"curies":[{"name":"wp","href":"https:\/\/api.w.org\/{rel}","templated":true}]}}