{"id":25996,"date":"2020-04-30T11:12:41","date_gmt":"2020-04-30T10:12:41","guid":{"rendered":"https:\/\/raritywatches.com\/nous-contacter\/"},"modified":"2023-08-10T09:51:55","modified_gmt":"2023-08-10T08:51:55","slug":"nous-contacter","status":"publish","type":"page","link":"https:\/\/raritywatches.com\/fr\/nous-contacter\/","title":{"rendered":"O\u00f9 nous trouver"},"content":{"rendered":"\n<figure><img decoding=\"async\" data-src=\"https:\/\/raritywatches.com\/wp-content\/uploads\/2023\/06\/LUXURY-WATCHES-PHOTO-225x300.jpg\" alt=\"\" src=\"data:image\/gif;base64,R0lGODlhAQABAAAAACH5BAEKAAEALAAAAAABAAEAAAICTAEAOw==\" class=\"lazyload\" style=\"--smush-placeholder-width: 225px; --smush-placeholder-aspect-ratio: 225\/300;\" \/><\/figure>\n\n\n\n<p>Bienvenue dans notre luxueux Watch Lounge &#8211; <strong>Luxury Watches Andorra<\/strong> &#8211; situ\u00e9 au c\u0153ur du quartier historique des horlogers d&#8217;Andorre-la-Vieille. Adresse: Carer Doctor Nequi no9, Andorra La Vella, AD500 Andorra. Tel:+376 814460 Whatsapp:+376 373277 Email: contact@raritywatches.com<\/p>\n\n\n\n<p><iframe title=\"Luxury Watches Andorra\" data-src=\"https:\/\/maps.google.com\/maps?q=Luxury%20Watches%20Andorra&amp;t=m&amp;z=10&amp;output=embed&amp;iwloc=near\" aria-label=\"Luxury Watches Andorra\" src=\"data:image\/gif;base64,R0lGODlhAQABAAAAACH5BAEKAAEALAAAAAABAAEAAAICTAEAOw==\" class=\"lazyload\" data-load-mode=\"1\"><\/iframe><\/p>\n\n\n\n<p><strong>Parking de la commune d\u00b4Andorre La Vieille \u00e0 moins de 5 min. \u00e0 pied &#8211; Aparcament comunal Vinyes &#8211; entr\u00e9e de Pla\u00e7a Reb\u00e8s.<\/strong><\/p>\n\n\n\n<p><iframe title=\"Parking d\u00b4Andorre-la-Vieille\" data-src=\"https:\/\/maps.google.com\/maps?q=Andorra%20La%20Vella%20parking&amp;t=m&amp;z=10&amp;output=embed&amp;iwloc=near\" aria-label=\"Andorra La Vella parking\" src=\"data:image\/gif;base64,R0lGODlhAQABAAAAACH5BAEKAAEALAAAAAABAAEAAAICTAEAOw==\" class=\"lazyload\" data-load-mode=\"1\"><\/iframe><\/p>\n\n\n\n<h2 class=\"wp-block-heading\">CONTACTEZ-NOUS<\/h2>\n\n\n\n<form action=\"\/wp-admin\/admin-ajax.php#wpcf7-f1326-o1\" method=\"post\" novalidate=\"novalidate\" aria-label=\"Contact form\" data-status=\"init\" data-inited-validation=\"1\">\n<p><input name=\"_wpcf7_posted_data_hash\" type=\"hidden\" value=\"\"><\/p>\n<p><input name=\"your-name\" size=\"40\" type=\"text\" value=\"\" placeholder=\"Nom\" aria-required=\"true\" aria-invalid=\"false\"><\/p>\n<p><input name=\"your-email\" size=\"40\" type=\"email\" value=\"\" placeholder=\"Adresse e-mail\" aria-required=\"true\" aria-invalid=\"false\"><\/p>\n<p><input name=\"subject\" size=\"40\" type=\"text\" value=\"\" placeholder=\"Sujet\" aria-required=\"true\" aria-invalid=\"false\"><\/p>\n<p><textarea cols=\"40\" name=\"your-message\" rows=\"10\" placeholder=\"Comment pouvons-nous vous aider? N'h\u00e9sitez pas \u00e0 nous contacter!\" aria-required=\"true\" aria-invalid=\"false\"><\/textarea><\/p>\n<p><label><input name=\"acceptance\" type=\"checkbox\" value=\"1\" aria-invalid=\"false\"> J&#8217;accepte que mes donn\u00e9es soumises soient <a href=\"https:\/\/raritywatches.com\/fr\/politique-de-confidentialite\/\">collect\u00e9es et stock\u00e9es<\/a>.<\/label><input name=\"wpgdprc\" type=\"checkbox\" value=\"1\" aria-required=\"true\" aria-invalid=\"false\">En utilisant ce formulaire, vous acceptez le stockage et le traitement de vos donn\u00e9es par ce site.<\/p>\n<p><input type=\"submit\" value=\"Envoyez\"><\/p>\n<\/form>\n","protected":false},"excerpt":{"rendered":"<p>Bienvenue dans notre luxueux Watch Lounge &#8211; Luxury Watches Andorra &#8211; situ\u00e9 au c\u0153ur du quartier historique des horlogers d&#8217;Andorre-la-Vieille. Adresse: Carer Doctor Nequi no9, Andorra La Vella, AD500 Andorra.&hellip;<\/p>\n","protected":false},"author":1,"featured_media":0,"parent":0,"menu_order":0,"comment_status":"closed","ping_status":"closed","template":"","meta":{"om_disable_all_campaigns":false,"_monsterinsights_skip_tracking":false,"_monsterinsights_sitenote_active":false,"_monsterinsights_sitenote_note":"","_monsterinsights_sitenote_category":0,"footnotes":""},"class_list":["post-25996","page","type-page","status-publish","hentry"],"aioseo_notices":[],"_links":{"self":[{"href":"https:\/\/raritywatches.com\/fr\/wp-json\/wp\/v2\/pages\/25996","targetHints":{"allow":["GET"]}}],"collection":[{"href":"https:\/\/raritywatches.com\/fr\/wp-json\/wp\/v2\/pages"}],"about":[{"href":"https:\/\/raritywatches.com\/fr\/wp-json\/wp\/v2\/types\/page"}],"author":[{"embeddable":true,"href":"https:\/\/raritywatches.com\/fr\/wp-json\/wp\/v2\/users\/1"}],"replies":[{"embeddable":true,"href":"https:\/\/raritywatches.com\/fr\/wp-json\/wp\/v2\/comments?post=25996"}],"version-history":[{"count":29,"href":"https:\/\/raritywatches.com\/fr\/wp-json\/wp\/v2\/pages\/25996\/revisions"}],"predecessor-version":[{"id":31382,"href":"https:\/\/raritywatches.com\/fr\/wp-json\/wp\/v2\/pages\/25996\/revisions\/31382"}],"wp:attachment":[{"href":"https:\/\/raritywatches.com\/fr\/wp-json\/wp\/v2\/media?parent=25996"}],"curies":[{"name":"wp","href":"https:\/\/api.w.org\/{rel}","templated":true}]}}