{"id":32362,"date":"2024-09-13T11:51:48","date_gmt":"2024-09-13T10:51:48","guid":{"rendered":"https:\/\/raritywatches.com\/product\/carl-suchy-sohne-belvedere-champagne\/"},"modified":"2024-09-13T11:51:48","modified_gmt":"2024-09-13T10:51:48","slug":"carl-suchy-sohne-belvedere-champagne","status":"publish","type":"product","link":"https:\/\/raritywatches.com\/es\/producto\/carl-suchy-sohne-belvedere-champagne\/","title":{"rendered":"Carl Suchy  S\u00f6hne Belvedere Champagne"},"content":{"rendered":"","protected":false},"excerpt":{"rendered":"<h3>Carl Suchy S\u00f6hne Belvedere Champagne<\/h3>\n<p>&nbsp; En un azul tan profundo como el famoso r\u00edo, el Danubi Belvedere logra un equilibrio perfecto entre los deportes y los cl\u00e1sicos. Esta distinci\u00f3n autom\u00e1tica es resistente al agua y est\u00e1 dise\u00f1ada para su versatilidad, ya que es adecuada para todos, de una inmersi\u00f3n refrescante en el Danubio que termina en un dinar de negocios pol\u00edticos.      <\/p>\n","protected":false},"featured_media":33709,"comment_status":"open","ping_status":"closed","template":"","meta":{"om_disable_all_campaigns":false,"_monsterinsights_skip_tracking":false,"_monsterinsights_sitenote_active":false,"_monsterinsights_sitenote_note":"","_monsterinsights_sitenote_category":0},"product_brand":[],"product_cat":[627],"product_tag":[],"giftcard-category":[],"class_list":{"0":"post-32362","1":"product","2":"type-product","3":"status-publish","4":"has-post-thumbnail","6":"product_cat-carl-suchy-sohne-es","8":"first","9":"instock","10":"taxable","11":"shipping-taxable","12":"purchasable","13":"product-type-simple"},"aioseo_notices":[],"_links":{"self":[{"href":"https:\/\/raritywatches.com\/es\/wp-json\/wp\/v2\/product\/32362","targetHints":{"allow":["GET"]}}],"collection":[{"href":"https:\/\/raritywatches.com\/es\/wp-json\/wp\/v2\/product"}],"about":[{"href":"https:\/\/raritywatches.com\/es\/wp-json\/wp\/v2\/types\/product"}],"replies":[{"embeddable":true,"href":"https:\/\/raritywatches.com\/es\/wp-json\/wp\/v2\/comments?post=32362"}],"version-history":[{"count":0,"href":"https:\/\/raritywatches.com\/es\/wp-json\/wp\/v2\/product\/32362\/revisions"}],"wp:featuredmedia":[{"embeddable":true,"href":"https:\/\/raritywatches.com\/es\/wp-json\/wp\/v2\/media\/33709"}],"wp:attachment":[{"href":"https:\/\/raritywatches.com\/es\/wp-json\/wp\/v2\/media?parent=32362"}],"wp:term":[{"taxonomy":"product_brand","embeddable":true,"href":"https:\/\/raritywatches.com\/es\/wp-json\/wp\/v2\/product_brand?post=32362"},{"taxonomy":"product_cat","embeddable":true,"href":"https:\/\/raritywatches.com\/es\/wp-json\/wp\/v2\/product_cat?post=32362"},{"taxonomy":"product_tag","embeddable":true,"href":"https:\/\/raritywatches.com\/es\/wp-json\/wp\/v2\/product_tag?post=32362"},{"taxonomy":"giftcard-category","embeddable":true,"href":"https:\/\/raritywatches.com\/es\/wp-json\/wp\/v2\/giftcard-category?post=32362"}],"curies":[{"name":"wp","href":"https:\/\/api.w.org\/{rel}","templated":true}]}}