{"id":32348,"date":"2024-09-12T12:54:09","date_gmt":"2024-09-12T11:54:09","guid":{"rendered":"https:\/\/raritywatches.com\/product\/jacobco-epic-x-fc-barcelona-125th-anniversary-edition\/"},"modified":"2025-10-13T11:56:36","modified_gmt":"2025-10-13T10:56:36","slug":"jacobco-epic-x-fc-barcelona-125th-anniversary-edition","status":"publish","type":"product","link":"https:\/\/raritywatches.com\/es\/producto\/jacobco-epic-x-fc-barcelona-125th-anniversary-edition\/","title":{"rendered":"JacobCo Epic X FC BARCELONA 125TH ANNIVERSARY EDITION"},"content":{"rendered":"","protected":false},"excerpt":{"rendered":"<div class=\"flex max-w-full flex-col flex-grow\">\n<div class=\"min-h-[20px] text-message flex w-full flex-col items-end gap-2 whitespace-normal break-words [.text-message+&amp;]:mt-5\" dir=\"auto\" data-message-author-role=\"assistant\" data-message-id=\"631cb38b-0649-4653-8683-f85b91fae6b8\">\n<div class=\"flex w-full flex-col gap-1 empty:hidden first:pt-[3px]\">\n<div class=\"markdown prose w-full break-words dark:prose-invert light\"> El Epic X Tourbillon FC Barcelona, &nbsp;dise\u00f1ado en colaboraci\u00f3n con el FC Barcelona para celebrar el 125\u00ba aniversario del club, es un reloj de edici\u00f3n limitada a solo 125 piezas. Este exclusivo reloj, que presenta el escudo del FC Barcelona y sus ic\u00f3nicos colores rojo, amarillo y azul, refleja los valores compartidos de precisi\u00f3n y excelencia entre Jacob Co. y el club de f\u00fatbol. Impulsado por el movimiento esqueletizado Calibre JCAM46, el reloj tourbillon de 44 mm encarna la alta relojer\u00eda artesanal, mientras que su robusta caja de oro rosa ofrece una resistencia al agua de hasta 100 metros. Con detalles intrincados como la impresi\u00f3n de &#8220;Bar\u00e7a&#8221; en el fondo de la caja, el Epic X Tourbillon FC Barcelona es un tributo a la herencia del club y a sus aficionados.    <\/div>\n<\/div>\n<\/div>\n<\/div>\n","protected":false},"featured_media":32082,"comment_status":"open","ping_status":"closed","template":"","meta":{"om_disable_all_campaigns":false,"_monsterinsights_skip_tracking":false,"_monsterinsights_sitenote_active":false,"_monsterinsights_sitenote_note":"","_monsterinsights_sitenote_category":0},"product_brand":[],"product_cat":[598,414],"product_tag":[597],"giftcard-category":[],"class_list":{"0":"post-32348","1":"product","2":"type-product","3":"status-publish","4":"has-post-thumbnail","6":"product_cat-certified-pre-owned-es","7":"product_cat-jacob-co-es","8":"product_tag-certified-pre-owned-es","10":"first","11":"instock","12":"taxable","13":"shipping-taxable","14":"purchasable","15":"product-type-simple"},"aioseo_notices":[],"_links":{"self":[{"href":"https:\/\/raritywatches.com\/es\/wp-json\/wp\/v2\/product\/32348","targetHints":{"allow":["GET"]}}],"collection":[{"href":"https:\/\/raritywatches.com\/es\/wp-json\/wp\/v2\/product"}],"about":[{"href":"https:\/\/raritywatches.com\/es\/wp-json\/wp\/v2\/types\/product"}],"replies":[{"embeddable":true,"href":"https:\/\/raritywatches.com\/es\/wp-json\/wp\/v2\/comments?post=32348"}],"version-history":[{"count":0,"href":"https:\/\/raritywatches.com\/es\/wp-json\/wp\/v2\/product\/32348\/revisions"}],"wp:featuredmedia":[{"embeddable":true,"href":"https:\/\/raritywatches.com\/es\/wp-json\/wp\/v2\/media\/32082"}],"wp:attachment":[{"href":"https:\/\/raritywatches.com\/es\/wp-json\/wp\/v2\/media?parent=32348"}],"wp:term":[{"taxonomy":"product_brand","embeddable":true,"href":"https:\/\/raritywatches.com\/es\/wp-json\/wp\/v2\/product_brand?post=32348"},{"taxonomy":"product_cat","embeddable":true,"href":"https:\/\/raritywatches.com\/es\/wp-json\/wp\/v2\/product_cat?post=32348"},{"taxonomy":"product_tag","embeddable":true,"href":"https:\/\/raritywatches.com\/es\/wp-json\/wp\/v2\/product_tag?post=32348"},{"taxonomy":"giftcard-category","embeddable":true,"href":"https:\/\/raritywatches.com\/es\/wp-json\/wp\/v2\/giftcard-category?post=32348"}],"curies":[{"name":"wp","href":"https:\/\/api.w.org\/{rel}","templated":true}]}}