{"id":32345,"date":"2024-09-13T17:21:47","date_gmt":"2024-09-13T16:21:47","guid":{"rendered":"https:\/\/raritywatches.com\/product\/carl-suchy-sohne-belvedere-midnight\/"},"modified":"2025-01-02T17:52:40","modified_gmt":"2025-01-02T16:52:40","slug":"carl-suchy-sohne-belvedere-midnight","status":"publish","type":"product","link":"https:\/\/raritywatches.com\/es\/producto\/carl-suchy-sohne-belvedere-midnight\/","title":{"rendered":"Carl Suchy  S\u00f6hne Belvedere Midnight"},"content":{"rendered":"","protected":false},"excerpt":{"rendered":"<h3>Carl Suchy S\u00f6hne Belvedere Midnight<\/h3>\n<p>&nbsp; El Belvedere Midnight cautiva con su paleta de colores en negro intenso, realzada por el extraordinario brillo de su duradero revestimiento DLC y el llamativo bisel estriado. Este dise\u00f1o totalmente negro confiere un resplandor sorprendente al Belvedere, combinando elegancia deportiva con una gran durabilidad. El uso cuidadoso del color y los materiales enfatiza sutilmente el atractivo atl\u00e9tico del Belvedere Midnight, mientras que su elegancia se destaca a trav\u00e9s de su dise\u00f1o refinado. El segundero dorado a\u00f1ade un toque de brillo, combinando detalles intrincados con una funcionalidad pr\u00e1ctica.   <\/p>\n","protected":false},"featured_media":32179,"comment_status":"open","ping_status":"closed","template":"","meta":{"om_disable_all_campaigns":false,"_monsterinsights_skip_tracking":false,"_monsterinsights_sitenote_active":false,"_monsterinsights_sitenote_note":"","_monsterinsights_sitenote_category":0},"product_brand":[],"product_cat":[627],"product_tag":[],"giftcard-category":[],"class_list":{"0":"post-32345","1":"product","2":"type-product","3":"status-publish","4":"has-post-thumbnail","6":"product_cat-carl-suchy-sohne-es","8":"first","9":"instock","10":"taxable","11":"shipping-taxable","12":"purchasable","13":"product-type-simple"},"aioseo_notices":[],"_links":{"self":[{"href":"https:\/\/raritywatches.com\/es\/wp-json\/wp\/v2\/product\/32345","targetHints":{"allow":["GET"]}}],"collection":[{"href":"https:\/\/raritywatches.com\/es\/wp-json\/wp\/v2\/product"}],"about":[{"href":"https:\/\/raritywatches.com\/es\/wp-json\/wp\/v2\/types\/product"}],"replies":[{"embeddable":true,"href":"https:\/\/raritywatches.com\/es\/wp-json\/wp\/v2\/comments?post=32345"}],"version-history":[{"count":0,"href":"https:\/\/raritywatches.com\/es\/wp-json\/wp\/v2\/product\/32345\/revisions"}],"wp:featuredmedia":[{"embeddable":true,"href":"https:\/\/raritywatches.com\/es\/wp-json\/wp\/v2\/media\/32179"}],"wp:attachment":[{"href":"https:\/\/raritywatches.com\/es\/wp-json\/wp\/v2\/media?parent=32345"}],"wp:term":[{"taxonomy":"product_brand","embeddable":true,"href":"https:\/\/raritywatches.com\/es\/wp-json\/wp\/v2\/product_brand?post=32345"},{"taxonomy":"product_cat","embeddable":true,"href":"https:\/\/raritywatches.com\/es\/wp-json\/wp\/v2\/product_cat?post=32345"},{"taxonomy":"product_tag","embeddable":true,"href":"https:\/\/raritywatches.com\/es\/wp-json\/wp\/v2\/product_tag?post=32345"},{"taxonomy":"giftcard-category","embeddable":true,"href":"https:\/\/raritywatches.com\/es\/wp-json\/wp\/v2\/giftcard-category?post=32345"}],"curies":[{"name":"wp","href":"https:\/\/api.w.org\/{rel}","templated":true}]}}