{"id":32033,"date":"2023-07-28T13:07:35","date_gmt":"2023-07-28T12:07:35","guid":{"rendered":"https:\/\/raritywatches.com\/product\/jacob-co-securus-bangle-4\/"},"modified":"2023-07-28T13:07:35","modified_gmt":"2023-07-28T12:07:35","slug":"jacob-co-securus-bangle-4","status":"publish","type":"product","link":"https:\/\/raritywatches.com\/es\/producto\/jacob-co-securus-bangle-4\/","title":{"rendered":"Jacob &amp; Co Securus Bangle"},"content":{"rendered":"","protected":false},"excerpt":{"rendered":"<h3 class=\"sc-lgarKF gxWNcd pf-17_\" data-product-type=\"title\" data-product-id=\"6834385649800\" data-pf-type=\"ProductTitle\">Securus Bangle<\/h3>\n<p class=\"sc-BHvUt hbEZlN pf-18_\" data-product-type=\"vendor\" data-product-id=\"6834385649800\" data-pf-type=\"ProductVendor\">Hand crafted in 18k white gold and set with 154 high-quality round brilliant cut blue sapphires and 25 diamonds.<\/p>\n<p>Audaz, juguetona y vers\u00e1til, la colecci\u00f3n Securus ofrece su interpretaci\u00f3n deslumbrante del modesto alfiler de seguridad y destaca por su est\u00e9tica fuerte y ultramoderna.<\/p>\n<p class=\"readmore-text\">La est\u00e9tica utilitaria del modesto objeto se realiza de manera hermosa en piezas llamativas elaboradas con metales preciosos y gemas que son 100% chic.<\/p>\n","protected":false},"featured_media":31193,"comment_status":"open","ping_status":"closed","template":"","meta":{"om_disable_all_campaigns":false,"_monsterinsights_skip_tracking":false,"_monsterinsights_sitenote_active":false,"_monsterinsights_sitenote_note":"","_monsterinsights_sitenote_category":0},"product_brand":[],"product_cat":[623,612],"product_tag":[],"giftcard-category":[],"class_list":{"0":"post-32033","1":"product","2":"type-product","3":"status-publish","4":"has-post-thumbnail","6":"product_cat-joyas-jacob-co","7":"product_cat-joyeria","9":"first","10":"instock","11":"taxable","12":"shipping-taxable","13":"product-type-simple"},"aioseo_notices":[],"_links":{"self":[{"href":"https:\/\/raritywatches.com\/es\/wp-json\/wp\/v2\/product\/32033","targetHints":{"allow":["GET"]}}],"collection":[{"href":"https:\/\/raritywatches.com\/es\/wp-json\/wp\/v2\/product"}],"about":[{"href":"https:\/\/raritywatches.com\/es\/wp-json\/wp\/v2\/types\/product"}],"replies":[{"embeddable":true,"href":"https:\/\/raritywatches.com\/es\/wp-json\/wp\/v2\/comments?post=32033"}],"version-history":[{"count":0,"href":"https:\/\/raritywatches.com\/es\/wp-json\/wp\/v2\/product\/32033\/revisions"}],"wp:featuredmedia":[{"embeddable":true,"href":"https:\/\/raritywatches.com\/es\/wp-json\/wp\/v2\/media\/31193"}],"wp:attachment":[{"href":"https:\/\/raritywatches.com\/es\/wp-json\/wp\/v2\/media?parent=32033"}],"wp:term":[{"taxonomy":"product_brand","embeddable":true,"href":"https:\/\/raritywatches.com\/es\/wp-json\/wp\/v2\/product_brand?post=32033"},{"taxonomy":"product_cat","embeddable":true,"href":"https:\/\/raritywatches.com\/es\/wp-json\/wp\/v2\/product_cat?post=32033"},{"taxonomy":"product_tag","embeddable":true,"href":"https:\/\/raritywatches.com\/es\/wp-json\/wp\/v2\/product_tag?post=32033"},{"taxonomy":"giftcard-category","embeddable":true,"href":"https:\/\/raritywatches.com\/es\/wp-json\/wp\/v2\/giftcard-category?post=32033"}],"curies":[{"name":"wp","href":"https:\/\/api.w.org\/{rel}","templated":true}]}}