{"id":31995,"date":"2023-07-28T13:58:08","date_gmt":"2023-07-28T12:58:08","guid":{"rendered":"https:\/\/raritywatches.com\/product\/pendientes-securus-de-jacob-co-2\/"},"modified":"2023-07-28T13:58:08","modified_gmt":"2023-07-28T12:58:08","slug":"pendientes-securus-de-jacob-co-2","status":"publish","type":"product","link":"https:\/\/raritywatches.com\/es\/producto\/pendientes-securus-de-jacob-co-2\/","title":{"rendered":"Pendientes Securus de Jacob &amp; Co."},"content":{"rendered":"","protected":false},"excerpt":{"rendered":"<h3 class=\"sc-lgarKF gxWNcd pf-17_\" data-product-type=\"title\" data-product-id=\"6834415206536\" data-pf-type=\"ProductTitle\">Pendientes Securus<\/h3>\n<p class=\"sc-BHvUt hbEZlN pf-18_\" data-product-type=\"vendor\" data-product-id=\"6834415206536\" data-pf-type=\"ProductVendor\">Elaborado a mano en oro blanco de 18 quilates y engastado con 347 diamantes de talla brillante redonda de alta calidad.<\/p>\n<p>Audaz, juguetona y vers\u00e1til, la colecci\u00f3n Securus ofrece su interpretaci\u00f3n deslumbrante del modesto alfiler de seguridad y destaca por su est\u00e9tica fuerte y ultramoderna.<\/p>\n<p class=\"readmore-text\">La est\u00e9tica utilitaria del modesto objeto se realiza de manera hermosa en piezas llamativas elaboradas con metales preciosos y gemas que son 100% chic.<\/p>\n","protected":false},"featured_media":31288,"comment_status":"open","ping_status":"closed","template":"","meta":{"om_disable_all_campaigns":false,"_monsterinsights_skip_tracking":false,"_monsterinsights_sitenote_active":false,"_monsterinsights_sitenote_note":"","_monsterinsights_sitenote_category":0},"product_brand":[],"product_cat":[623,612],"product_tag":[],"giftcard-category":[],"class_list":{"0":"post-31995","1":"product","2":"type-product","3":"status-publish","4":"has-post-thumbnail","6":"product_cat-joyas-jacob-co","7":"product_cat-joyeria","9":"first","10":"instock","11":"taxable","12":"shipping-taxable","13":"product-type-simple"},"aioseo_notices":[],"_links":{"self":[{"href":"https:\/\/raritywatches.com\/es\/wp-json\/wp\/v2\/product\/31995","targetHints":{"allow":["GET"]}}],"collection":[{"href":"https:\/\/raritywatches.com\/es\/wp-json\/wp\/v2\/product"}],"about":[{"href":"https:\/\/raritywatches.com\/es\/wp-json\/wp\/v2\/types\/product"}],"replies":[{"embeddable":true,"href":"https:\/\/raritywatches.com\/es\/wp-json\/wp\/v2\/comments?post=31995"}],"version-history":[{"count":0,"href":"https:\/\/raritywatches.com\/es\/wp-json\/wp\/v2\/product\/31995\/revisions"}],"wp:featuredmedia":[{"embeddable":true,"href":"https:\/\/raritywatches.com\/es\/wp-json\/wp\/v2\/media\/31288"}],"wp:attachment":[{"href":"https:\/\/raritywatches.com\/es\/wp-json\/wp\/v2\/media?parent=31995"}],"wp:term":[{"taxonomy":"product_brand","embeddable":true,"href":"https:\/\/raritywatches.com\/es\/wp-json\/wp\/v2\/product_brand?post=31995"},{"taxonomy":"product_cat","embeddable":true,"href":"https:\/\/raritywatches.com\/es\/wp-json\/wp\/v2\/product_cat?post=31995"},{"taxonomy":"product_tag","embeddable":true,"href":"https:\/\/raritywatches.com\/es\/wp-json\/wp\/v2\/product_tag?post=31995"},{"taxonomy":"giftcard-category","embeddable":true,"href":"https:\/\/raritywatches.com\/es\/wp-json\/wp\/v2\/giftcard-category?post=31995"}],"curies":[{"name":"wp","href":"https:\/\/api.w.org\/{rel}","templated":true}]}}