{"id":31745,"date":"2023-11-22T10:48:30","date_gmt":"2023-11-22T09:48:30","guid":{"rendered":"https:\/\/raritywatches.com\/product\/jacob-co-the-world-is-yours-dual-time-zone\/"},"modified":"2025-03-02T07:43:08","modified_gmt":"2025-03-02T06:43:08","slug":"jacob-co-the-world-is-yours-dual-time-zone","status":"publish","type":"product","link":"https:\/\/raritywatches.com\/es\/producto\/jacob-co-the-world-is-yours-dual-time-zone\/","title":{"rendered":"Jacob &amp; Co The World Is Yours Dual Time Zone"},"content":{"rendered":"","protected":false},"excerpt":{"rendered":"<div class=\"flex flex-grow flex-col max-w-full gap-3 gizmo:gap-0\">\n<div class=\"min-h-[20px] text-message flex flex-col items-start gap-3 whitespace-pre-wrap break-words [.text-message+&amp;]:mt-5 overflow-x-auto\" data-message-author-role=\"assistant\" data-message-id=\"9eede6bd-fb33-49e1-b91e-0aab28f31233\">\n<div class=\"markdown prose w-full break-words dark:prose-invert dark\">\n<p>El World Is Yours Dual Time Zone rinde homenaje al reloj que lo inici\u00f3 todo. Fue el reloj que abri\u00f3 el mundo y el \u00e1mbito de la relojer\u00eda a Jacob Arabo. Este reloj es un homenaje a un tesoro de la familia Arabov: un reloj con doble huso horario que Jacob Arabov recibi\u00f3 a los 13 a\u00f1os de su padre, Nison Arabov. Es un reloj que simboliza el mundo como diciendo: &#8220;\u00a1Ve, hijo m\u00edo! Ve a conquistarlo!&#8221;<\/p>\n<p>Este reloj en particular ten\u00eda tal importancia para \u00e9l que le infundi\u00f3 el deseo y la determinaci\u00f3n de crear alg\u00fan d\u00eda sus propios relojes. Fue la inspiraci\u00f3n original de cada uno de los relojes Jacob &amp; Co. Este reloj permanece en la familia, a la espera de pasar a la siguiente generaci\u00f3n.<\/p>\n<p>Para Jacob Arabo, la creaci\u00f3n es un viaje personal y emocional. Y esta creaci\u00f3n ocupa un lugar especial en su coraz\u00f3n. Por lo tanto, The World Is Yours Dual Time Zone va m\u00e1s all\u00e1 de ser un simple reloj de dos husos horarios con horas y minutos separados. Es m\u00e1s que una simple pieza de exquisita artesan\u00eda gracias a su impresionante esfera abovedada que representa la Tierra vista desde arriba. Es la prueba de que el amor de un padre puede ser la llave que abre el mundo y lo hace verdaderamente suyo.<\/p>\n<\/div>\n<\/div>\n<\/div>\n","protected":false},"featured_media":31753,"comment_status":"open","ping_status":"closed","template":"","meta":{"om_disable_all_campaigns":false,"_monsterinsights_skip_tracking":false,"_monsterinsights_sitenote_active":false,"_monsterinsights_sitenote_note":"","_monsterinsights_sitenote_category":0},"product_brand":[],"product_cat":[414],"product_tag":[],"giftcard-category":[],"class_list":{"0":"post-31745","1":"product","2":"type-product","3":"status-publish","4":"has-post-thumbnail","6":"product_cat-jacob-co-es","8":"first","9":"instock","10":"taxable","11":"shipping-taxable","12":"purchasable","13":"product-type-simple"},"aioseo_notices":[],"_links":{"self":[{"href":"https:\/\/raritywatches.com\/es\/wp-json\/wp\/v2\/product\/31745","targetHints":{"allow":["GET"]}}],"collection":[{"href":"https:\/\/raritywatches.com\/es\/wp-json\/wp\/v2\/product"}],"about":[{"href":"https:\/\/raritywatches.com\/es\/wp-json\/wp\/v2\/types\/product"}],"replies":[{"embeddable":true,"href":"https:\/\/raritywatches.com\/es\/wp-json\/wp\/v2\/comments?post=31745"}],"version-history":[{"count":0,"href":"https:\/\/raritywatches.com\/es\/wp-json\/wp\/v2\/product\/31745\/revisions"}],"wp:featuredmedia":[{"embeddable":true,"href":"https:\/\/raritywatches.com\/es\/wp-json\/wp\/v2\/media\/31753"}],"wp:attachment":[{"href":"https:\/\/raritywatches.com\/es\/wp-json\/wp\/v2\/media?parent=31745"}],"wp:term":[{"taxonomy":"product_brand","embeddable":true,"href":"https:\/\/raritywatches.com\/es\/wp-json\/wp\/v2\/product_brand?post=31745"},{"taxonomy":"product_cat","embeddable":true,"href":"https:\/\/raritywatches.com\/es\/wp-json\/wp\/v2\/product_cat?post=31745"},{"taxonomy":"product_tag","embeddable":true,"href":"https:\/\/raritywatches.com\/es\/wp-json\/wp\/v2\/product_tag?post=31745"},{"taxonomy":"giftcard-category","embeddable":true,"href":"https:\/\/raritywatches.com\/es\/wp-json\/wp\/v2\/giftcard-category?post=31745"}],"curies":[{"name":"wp","href":"https:\/\/api.w.org\/{rel}","templated":true}]}}