{"id":31679,"date":"2023-10-30T15:44:27","date_gmt":"2023-10-30T14:44:27","guid":{"rendered":"https:\/\/raritywatches.com\/product\/chopard-happy-sport-27-8245\/"},"modified":"2023-10-30T15:44:27","modified_gmt":"2023-10-30T14:44:27","slug":"chopard-happy-sport-27-8245","status":"publish","type":"product","link":"https:\/\/raritywatches.com\/es\/producto\/chopard-happy-sport-27-8245\/","title":{"rendered":"Chopard Happy Sport 27\/8245"},"content":{"rendered":"","protected":false},"excerpt":{"rendered":"<p>El Chopard Happy Sport 27\/8245 es una impresionante mezcla de lujo y diversi\u00f3n Destacan los diamantes flotantes en la esfera, que a\u00f1aden un toque de glamour Con caja y brazalete de acero inoxidable pulido, irradia una elegancia atemporal, mientras que el preciso movimiento de cuarzo garantiza un cronometraje exacto Este reloj de 27 mm es perfecto para quienes aprecian la sofisticaci\u00f3n y la creatividad en sus accesorios, lo que lo convierte en una elecci\u00f3n destacada para cualquier ocasi\u00f3n.<\/p>\n","protected":false},"featured_media":31650,"comment_status":"open","ping_status":"closed","template":"","meta":{"om_disable_all_campaigns":false,"_monsterinsights_skip_tracking":false,"_monsterinsights_sitenote_active":false,"_monsterinsights_sitenote_note":"","_monsterinsights_sitenote_category":0},"product_brand":[],"product_cat":[598],"product_tag":[],"giftcard-category":[],"class_list":{"0":"post-31679","1":"product","2":"type-product","3":"status-publish","4":"has-post-thumbnail","6":"product_cat-certified-pre-owned-es","8":"first","9":"outofstock","10":"taxable","11":"shipping-taxable","12":"purchasable","13":"product-type-simple"},"aioseo_notices":[],"_links":{"self":[{"href":"https:\/\/raritywatches.com\/es\/wp-json\/wp\/v2\/product\/31679","targetHints":{"allow":["GET"]}}],"collection":[{"href":"https:\/\/raritywatches.com\/es\/wp-json\/wp\/v2\/product"}],"about":[{"href":"https:\/\/raritywatches.com\/es\/wp-json\/wp\/v2\/types\/product"}],"replies":[{"embeddable":true,"href":"https:\/\/raritywatches.com\/es\/wp-json\/wp\/v2\/comments?post=31679"}],"version-history":[{"count":0,"href":"https:\/\/raritywatches.com\/es\/wp-json\/wp\/v2\/product\/31679\/revisions"}],"wp:featuredmedia":[{"embeddable":true,"href":"https:\/\/raritywatches.com\/es\/wp-json\/wp\/v2\/media\/31650"}],"wp:attachment":[{"href":"https:\/\/raritywatches.com\/es\/wp-json\/wp\/v2\/media?parent=31679"}],"wp:term":[{"taxonomy":"product_brand","embeddable":true,"href":"https:\/\/raritywatches.com\/es\/wp-json\/wp\/v2\/product_brand?post=31679"},{"taxonomy":"product_cat","embeddable":true,"href":"https:\/\/raritywatches.com\/es\/wp-json\/wp\/v2\/product_cat?post=31679"},{"taxonomy":"product_tag","embeddable":true,"href":"https:\/\/raritywatches.com\/es\/wp-json\/wp\/v2\/product_tag?post=31679"},{"taxonomy":"giftcard-category","embeddable":true,"href":"https:\/\/raritywatches.com\/es\/wp-json\/wp\/v2\/giftcard-category?post=31679"}],"curies":[{"name":"wp","href":"https:\/\/api.w.org\/{rel}","templated":true}]}}