{"id":30931,"date":"2023-07-12T12:18:03","date_gmt":"2023-07-12T11:18:03","guid":{"rendered":"https:\/\/raritywatches.com\/product\/bangle-celtic\/"},"modified":"2025-06-08T19:09:05","modified_gmt":"2025-06-08T18:09:05","slug":"bangle-celtic","status":"publish","type":"product","link":"https:\/\/raritywatches.com\/es\/producto\/bangle-celtic\/","title":{"rendered":"Bangle Celtic"},"content":{"rendered":"","protected":false},"excerpt":{"rendered":"<p>Brazalete celta &#8211; Cable de acero inoxidable de 4 mm de di\u00e1metro con terminales de acero inoxidable. Inspirado libremente en los adornos celtas &#8220;torque&#8221; y compuesto de cables, sus giros y vueltas definen el estilo \u00fanico de Charriol. El cable de 4 mm de di\u00e1metro hace de esta pulsera una pieza de joyer\u00eda unisex ideal y perfecta para regalar.<\/p>\n","protected":false},"featured_media":30414,"comment_status":"open","ping_status":"closed","template":"","meta":{"om_disable_all_campaigns":false,"_monsterinsights_skip_tracking":false,"_monsterinsights_sitenote_active":false,"_monsterinsights_sitenote_note":"","_monsterinsights_sitenote_category":0},"product_brand":[],"product_cat":[635,612],"product_tag":[],"giftcard-category":[],"class_list":{"0":"post-30931","1":"product","2":"type-product","3":"status-publish","4":"has-post-thumbnail","6":"product_cat-joyas-charriol-ginebra","7":"product_cat-joyeria","9":"first","10":"outofstock","11":"taxable","12":"shipping-taxable","13":"product-type-simple"},"aioseo_notices":[],"_links":{"self":[{"href":"https:\/\/raritywatches.com\/es\/wp-json\/wp\/v2\/product\/30931","targetHints":{"allow":["GET"]}}],"collection":[{"href":"https:\/\/raritywatches.com\/es\/wp-json\/wp\/v2\/product"}],"about":[{"href":"https:\/\/raritywatches.com\/es\/wp-json\/wp\/v2\/types\/product"}],"replies":[{"embeddable":true,"href":"https:\/\/raritywatches.com\/es\/wp-json\/wp\/v2\/comments?post=30931"}],"version-history":[{"count":0,"href":"https:\/\/raritywatches.com\/es\/wp-json\/wp\/v2\/product\/30931\/revisions"}],"wp:featuredmedia":[{"embeddable":true,"href":"https:\/\/raritywatches.com\/es\/wp-json\/wp\/v2\/media\/30414"}],"wp:attachment":[{"href":"https:\/\/raritywatches.com\/es\/wp-json\/wp\/v2\/media?parent=30931"}],"wp:term":[{"taxonomy":"product_brand","embeddable":true,"href":"https:\/\/raritywatches.com\/es\/wp-json\/wp\/v2\/product_brand?post=30931"},{"taxonomy":"product_cat","embeddable":true,"href":"https:\/\/raritywatches.com\/es\/wp-json\/wp\/v2\/product_cat?post=30931"},{"taxonomy":"product_tag","embeddable":true,"href":"https:\/\/raritywatches.com\/es\/wp-json\/wp\/v2\/product_tag?post=30931"},{"taxonomy":"giftcard-category","embeddable":true,"href":"https:\/\/raritywatches.com\/es\/wp-json\/wp\/v2\/giftcard-category?post=30931"}],"curies":[{"name":"wp","href":"https:\/\/api.w.org\/{rel}","templated":true}]}}