{"id":30928,"date":"2023-07-12T17:18:57","date_gmt":"2023-07-12T16:18:57","guid":{"rendered":"https:\/\/raritywatches.com\/product\/charriol-geneva-ring-forever-marine\/"},"modified":"2023-07-12T17:18:57","modified_gmt":"2023-07-12T16:18:57","slug":"charriol-geneva-ring-forever-marine","status":"publish","type":"product","link":"https:\/\/raritywatches.com\/es\/producto\/charriol-geneva-ring-forever-marine\/","title":{"rendered":"Charriol Geneva Ring Forever Marine"},"content":{"rendered":"","protected":false},"excerpt":{"rendered":"<h2>Charriol Geneva Ring Forever Marine<\/h2>\n<p>&nbsp;<\/p>\n<p>Moore al ritmo del oc\u00e9ano con este anillo bicolor compuesto por 4 cables de acero inoxidable y estructura de acero con PVD de oro amarillo. La cadena del ancla es un s\u00edmbolo chic y de moda que puede decorar cueros, tejidos o accesorios de moda. Formando parte de la colecci\u00f3n Charriol Ocean Tales, este elemento gr\u00e1fico da origen a la l\u00ednea de joyer\u00eda Forever Marine.<\/p>\n","protected":false},"featured_media":30426,"comment_status":"open","ping_status":"closed","template":"","meta":{"om_disable_all_campaigns":false,"_monsterinsights_skip_tracking":false,"_monsterinsights_sitenote_active":false,"_monsterinsights_sitenote_note":"","_monsterinsights_sitenote_category":0},"product_brand":[],"product_cat":[635,612],"product_tag":[],"giftcard-category":[],"class_list":{"0":"post-30928","1":"product","2":"type-product","3":"status-publish","4":"has-post-thumbnail","6":"product_cat-joyas-charriol-ginebra","7":"product_cat-joyeria","9":"first","10":"instock","11":"taxable","12":"shipping-taxable","13":"purchasable","14":"product-type-simple"},"aioseo_notices":[],"_links":{"self":[{"href":"https:\/\/raritywatches.com\/es\/wp-json\/wp\/v2\/product\/30928","targetHints":{"allow":["GET"]}}],"collection":[{"href":"https:\/\/raritywatches.com\/es\/wp-json\/wp\/v2\/product"}],"about":[{"href":"https:\/\/raritywatches.com\/es\/wp-json\/wp\/v2\/types\/product"}],"replies":[{"embeddable":true,"href":"https:\/\/raritywatches.com\/es\/wp-json\/wp\/v2\/comments?post=30928"}],"version-history":[{"count":0,"href":"https:\/\/raritywatches.com\/es\/wp-json\/wp\/v2\/product\/30928\/revisions"}],"wp:featuredmedia":[{"embeddable":true,"href":"https:\/\/raritywatches.com\/es\/wp-json\/wp\/v2\/media\/30426"}],"wp:attachment":[{"href":"https:\/\/raritywatches.com\/es\/wp-json\/wp\/v2\/media?parent=30928"}],"wp:term":[{"taxonomy":"product_brand","embeddable":true,"href":"https:\/\/raritywatches.com\/es\/wp-json\/wp\/v2\/product_brand?post=30928"},{"taxonomy":"product_cat","embeddable":true,"href":"https:\/\/raritywatches.com\/es\/wp-json\/wp\/v2\/product_cat?post=30928"},{"taxonomy":"product_tag","embeddable":true,"href":"https:\/\/raritywatches.com\/es\/wp-json\/wp\/v2\/product_tag?post=30928"},{"taxonomy":"giftcard-category","embeddable":true,"href":"https:\/\/raritywatches.com\/es\/wp-json\/wp\/v2\/giftcard-category?post=30928"}],"curies":[{"name":"wp","href":"https:\/\/api.w.org\/{rel}","templated":true}]}}