{"id":30924,"date":"2023-07-12T17:22:25","date_gmt":"2023-07-12T16:22:25","guid":{"rendered":"https:\/\/raritywatches.com\/product\/charriol-geneva-ring-st-tropez-mariner\/"},"modified":"2023-07-12T17:22:25","modified_gmt":"2023-07-12T16:22:25","slug":"charriol-geneva-ring-st-tropez-mariner","status":"publish","type":"product","link":"https:\/\/raritywatches.com\/es\/producto\/charriol-geneva-ring-st-tropez-mariner\/","title":{"rendered":"Charriol Geneva Ring St-Tropez Mariner"},"content":{"rendered":"","protected":false},"excerpt":{"rendered":"<h2>Charriol Geneva Ring St-Tropez Mariner<\/h2>\n<p>&nbsp;<\/p>\n<p>Un anillo de acero inoxidable con PVD de oro amarillo con un elemento de grillete \u00fanico decorado con un cable de acero de 1 mm. Este elemento distintivo de 13,5 mm * 10 mm, de origen n\u00e1utico, tambi\u00e9n aparece en las pulseras, collares y brazaletes de la l\u00ednea de joyer\u00eda. Anillo unisex disponible en las tallas S 50 a XXL 64.<\/p>\n","protected":false},"featured_media":30452,"comment_status":"open","ping_status":"closed","template":"","meta":{"om_disable_all_campaigns":false,"_monsterinsights_skip_tracking":false,"_monsterinsights_sitenote_active":false,"_monsterinsights_sitenote_note":"","_monsterinsights_sitenote_category":0},"product_brand":[],"product_cat":[635,612],"product_tag":[],"giftcard-category":[],"class_list":{"0":"post-30924","1":"product","2":"type-product","3":"status-publish","4":"has-post-thumbnail","6":"product_cat-joyas-charriol-ginebra","7":"product_cat-joyeria","9":"first","10":"instock","11":"taxable","12":"shipping-taxable","13":"purchasable","14":"product-type-simple"},"aioseo_notices":[],"_links":{"self":[{"href":"https:\/\/raritywatches.com\/es\/wp-json\/wp\/v2\/product\/30924","targetHints":{"allow":["GET"]}}],"collection":[{"href":"https:\/\/raritywatches.com\/es\/wp-json\/wp\/v2\/product"}],"about":[{"href":"https:\/\/raritywatches.com\/es\/wp-json\/wp\/v2\/types\/product"}],"replies":[{"embeddable":true,"href":"https:\/\/raritywatches.com\/es\/wp-json\/wp\/v2\/comments?post=30924"}],"version-history":[{"count":0,"href":"https:\/\/raritywatches.com\/es\/wp-json\/wp\/v2\/product\/30924\/revisions"}],"wp:featuredmedia":[{"embeddable":true,"href":"https:\/\/raritywatches.com\/es\/wp-json\/wp\/v2\/media\/30452"}],"wp:attachment":[{"href":"https:\/\/raritywatches.com\/es\/wp-json\/wp\/v2\/media?parent=30924"}],"wp:term":[{"taxonomy":"product_brand","embeddable":true,"href":"https:\/\/raritywatches.com\/es\/wp-json\/wp\/v2\/product_brand?post=30924"},{"taxonomy":"product_cat","embeddable":true,"href":"https:\/\/raritywatches.com\/es\/wp-json\/wp\/v2\/product_cat?post=30924"},{"taxonomy":"product_tag","embeddable":true,"href":"https:\/\/raritywatches.com\/es\/wp-json\/wp\/v2\/product_tag?post=30924"},{"taxonomy":"giftcard-category","embeddable":true,"href":"https:\/\/raritywatches.com\/es\/wp-json\/wp\/v2\/giftcard-category?post=30924"}],"curies":[{"name":"wp","href":"https:\/\/api.w.org\/{rel}","templated":true}]}}