{"id":30920,"date":"2023-07-12T17:27:58","date_gmt":"2023-07-12T16:27:58","guid":{"rendered":"https:\/\/raritywatches.com\/product\/charriol-geneva-ring-st-tropez-mariner\/"},"modified":"2023-07-12T17:27:58","modified_gmt":"2023-07-12T16:27:58","slug":"charriol-geneva-ring-st-tropez-mariner-2","status":"publish","type":"product","link":"https:\/\/raritywatches.com\/es\/producto\/charriol-geneva-ring-st-tropez-mariner-2\/","title":{"rendered":"Charriol Geneva Ring St-Tropez Mariner"},"content":{"rendered":"","protected":false},"excerpt":{"rendered":"<h3>Charriol Geneva Ring St-Tropez Mariner<\/h3>\n<p>&nbsp;<\/p>\n<p>Un anillo de cable de acero inoxidable y PVD de oro amarillo con un dise\u00f1o de ojo de buey de 12 mm en el centro: la ic\u00f3nica abertura que se encuentra en los barcos grandes y peque\u00f1os. Se complementa con una barra basculante de 2 mm, adornada con un cable de acero de 1,5 mm. Este elemento es fijo aqu\u00ed, mientras que ser\u00e1 extra\u00edble en las pulseras y collares de la misma l\u00ednea St-Tropez Mariner Porthole. Este anillo unisex est\u00e1 disponible desde la talla S 50 hasta la XXL 64.<\/p>\n","protected":false},"featured_media":30470,"comment_status":"open","ping_status":"closed","template":"","meta":{"om_disable_all_campaigns":false,"_monsterinsights_skip_tracking":false,"_monsterinsights_sitenote_active":false,"_monsterinsights_sitenote_note":"","_monsterinsights_sitenote_category":0},"product_brand":[],"product_cat":[635,612],"product_tag":[],"giftcard-category":[],"class_list":{"0":"post-30920","1":"product","2":"type-product","3":"status-publish","4":"has-post-thumbnail","6":"product_cat-joyas-charriol-ginebra","7":"product_cat-joyeria","9":"first","10":"instock","11":"taxable","12":"shipping-taxable","13":"purchasable","14":"product-type-simple"},"aioseo_notices":[],"_links":{"self":[{"href":"https:\/\/raritywatches.com\/es\/wp-json\/wp\/v2\/product\/30920","targetHints":{"allow":["GET"]}}],"collection":[{"href":"https:\/\/raritywatches.com\/es\/wp-json\/wp\/v2\/product"}],"about":[{"href":"https:\/\/raritywatches.com\/es\/wp-json\/wp\/v2\/types\/product"}],"replies":[{"embeddable":true,"href":"https:\/\/raritywatches.com\/es\/wp-json\/wp\/v2\/comments?post=30920"}],"version-history":[{"count":0,"href":"https:\/\/raritywatches.com\/es\/wp-json\/wp\/v2\/product\/30920\/revisions"}],"wp:featuredmedia":[{"embeddable":true,"href":"https:\/\/raritywatches.com\/es\/wp-json\/wp\/v2\/media\/30470"}],"wp:attachment":[{"href":"https:\/\/raritywatches.com\/es\/wp-json\/wp\/v2\/media?parent=30920"}],"wp:term":[{"taxonomy":"product_brand","embeddable":true,"href":"https:\/\/raritywatches.com\/es\/wp-json\/wp\/v2\/product_brand?post=30920"},{"taxonomy":"product_cat","embeddable":true,"href":"https:\/\/raritywatches.com\/es\/wp-json\/wp\/v2\/product_cat?post=30920"},{"taxonomy":"product_tag","embeddable":true,"href":"https:\/\/raritywatches.com\/es\/wp-json\/wp\/v2\/product_tag?post=30920"},{"taxonomy":"giftcard-category","embeddable":true,"href":"https:\/\/raritywatches.com\/es\/wp-json\/wp\/v2\/giftcard-category?post=30920"}],"curies":[{"name":"wp","href":"https:\/\/api.w.org\/{rel}","templated":true}]}}