{"id":30898,"date":"2023-07-13T16:14:13","date_gmt":"2023-07-13T15:14:13","guid":{"rendered":"https:\/\/raritywatches.com\/product\/charriol-geneva-bangle-st-tropez-mariner\/"},"modified":"2023-07-13T16:14:13","modified_gmt":"2023-07-13T15:14:13","slug":"charriol-geneva-bangle-st-tropez-mariner","status":"publish","type":"product","link":"https:\/\/raritywatches.com\/es\/producto\/charriol-geneva-bangle-st-tropez-mariner\/","title":{"rendered":"Charriol Geneva Bangle St-Tropez Mariner"},"content":{"rendered":"","protected":false},"excerpt":{"rendered":"<h2>Charriol Geneva Bangle St-Tropez Mariner<\/h2>\n<p>&nbsp;<\/p>\n<p>Pulsera de acero inoxidable de oro amarillo con cable de acero. Dos grilletes apoyados uno en el otro y unidos por un eslab\u00f3n de acero componen una original decoraci\u00f3n. Dos circonitas adornan sobriamente los extremos del brazalete r\u00edgido de acero PVD oro hueco. Apertura mediante un discreto cierre, dimensiones de cada grillete 18mm * 14mm * 2,8mm. Esta joya unisex se ofrece en 5 tallas, de la XS a la XL, ideales para mu\u00f1ecas de 14,5 cm a 18,5 cm.<\/p>\n","protected":false},"featured_media":30633,"comment_status":"open","ping_status":"closed","template":"","meta":{"om_disable_all_campaigns":false,"_monsterinsights_skip_tracking":false,"_monsterinsights_sitenote_active":false,"_monsterinsights_sitenote_note":"","_monsterinsights_sitenote_category":0},"product_brand":[],"product_cat":[635,612],"product_tag":[],"giftcard-category":[],"class_list":{"0":"post-30898","1":"product","2":"type-product","3":"status-publish","4":"has-post-thumbnail","6":"product_cat-joyas-charriol-ginebra","7":"product_cat-joyeria","9":"first","10":"instock","11":"taxable","12":"shipping-taxable","13":"purchasable","14":"product-type-simple"},"aioseo_notices":[],"_links":{"self":[{"href":"https:\/\/raritywatches.com\/es\/wp-json\/wp\/v2\/product\/30898","targetHints":{"allow":["GET"]}}],"collection":[{"href":"https:\/\/raritywatches.com\/es\/wp-json\/wp\/v2\/product"}],"about":[{"href":"https:\/\/raritywatches.com\/es\/wp-json\/wp\/v2\/types\/product"}],"replies":[{"embeddable":true,"href":"https:\/\/raritywatches.com\/es\/wp-json\/wp\/v2\/comments?post=30898"}],"version-history":[{"count":0,"href":"https:\/\/raritywatches.com\/es\/wp-json\/wp\/v2\/product\/30898\/revisions"}],"wp:featuredmedia":[{"embeddable":true,"href":"https:\/\/raritywatches.com\/es\/wp-json\/wp\/v2\/media\/30633"}],"wp:attachment":[{"href":"https:\/\/raritywatches.com\/es\/wp-json\/wp\/v2\/media?parent=30898"}],"wp:term":[{"taxonomy":"product_brand","embeddable":true,"href":"https:\/\/raritywatches.com\/es\/wp-json\/wp\/v2\/product_brand?post=30898"},{"taxonomy":"product_cat","embeddable":true,"href":"https:\/\/raritywatches.com\/es\/wp-json\/wp\/v2\/product_cat?post=30898"},{"taxonomy":"product_tag","embeddable":true,"href":"https:\/\/raritywatches.com\/es\/wp-json\/wp\/v2\/product_tag?post=30898"},{"taxonomy":"giftcard-category","embeddable":true,"href":"https:\/\/raritywatches.com\/es\/wp-json\/wp\/v2\/giftcard-category?post=30898"}],"curies":[{"name":"wp","href":"https:\/\/api.w.org\/{rel}","templated":true}]}}